{"id":8,"date":"2019-03-25T12:20:39","date_gmt":"2019-03-25T12:20:39","guid":{"rendered":"http:\/\/192.168.1.166\/?page_id=8"},"modified":"2020-02-02T10:33:40","modified_gmt":"2020-02-02T08:33:40","slug":"last-2019","status":"publish","type":"page","link":"https:\/\/snowglitterbooks.com\/index.php\/last-2019\/","title":{"rendered":"L\u00e4st 2019"},"content":{"rendered":"\n<ol><li><a href=\"https:\/\/snowglitterbooks.com\/index.php\/2019\/01\/04\/2019_january_the-way-past-winter-kiran-millwood-hargrave\/\">The Way Past Winter &#8211; Kiran Millwood Hargrave<\/a><\/li><li>De f\u00f6rlorade orden &#8211; Robert Macfarlane<\/li><li>Flickan som ville r\u00e4dda b\u00f6ckerna &#8211; Klaus Hagerup<\/li><li><a href=\"https:\/\/snowglitterbooks.com\/index.php\/2019\/01\/19\/2019_january_the-712-deaths-of-evelyn-hardcastle-stuart-turton-2\/\">The 7\u00bd Deaths of Evelyn Hardcastle &#8211; Stuart Turton<\/a><\/li><li>Book Love &#8211; Debbie Tung<\/li><li>Kind of Coping &#8211; Marzi Wilson<\/li><li><a href=\"https:\/\/snowglitterbooks.com\/index.php\/2019\/01\/21\/2019_january_internet-ar-trasigt-silicon-valley-och-demokratins-kris-martin-gelin-karin-pettersson\/\">Internet \u00e4r trasigt: Silicon Valley och demokratins kris &#8211; Karin Pettersson &amp; Martin Gelin<\/a><\/li><li><a href=\"https:\/\/snowglitterbooks.com\/index.php\/2019\/01\/25\/2019_january_for-better-and-worse-margot-hunt-2\/\">For Better and Worse &#8211; Margot Hunt<\/a><\/li><li><a href=\"https:\/\/snowglitterbooks.com\/index.php\/2019\/02\/01\/2019_february_murder-is-binding-lorna-barrett\/\">Murder is Binding &#8211; Lorna Barret<\/a><\/li><li><a href=\"https:\/\/snowglitterbooks.com\/index.php\/2019\/02\/06\/2019_february_caraval-stephanie-garber-2\/\">Caraval &#8211; Stephanie Garber<\/a><\/li><li><a href=\"https:\/\/snowglitterbooks.com\/index.php\/2019\/02\/13\/2019_february_the-westing-game-ellen-raskin-2\/\">The Westing Game &#8211; Ellen Raskin<\/a><\/li><li><a href=\"https:\/\/snowglitterbooks.com\/index.php\/2019\/02\/27\/2019_february_ensamma-hjartan-och-hemlosa-hundar-lucy-dillon-2\/\">Ensamma hj\u00e4rtan och heml\u00f6sa hundar &#8211; Lucy Dillon<\/a><\/li><li><a href=\"https:\/\/snowglitterbooks.com\/index.php\/2019\/03\/22\/2019_march_i-owe-you-one-sophie-kinsella-2\/\">I Owe You One &#8211; Sophie Kinsella<\/a><\/li><li><a href=\"https:\/\/snowglitterbooks.com\/index.php\/2019\/03\/21\/2019_march_koplust-stephen-king-2\/\">K\u00f6plust &#8211; Stephen King<\/a><\/li><li><a href=\"https:\/\/snowglitterbooks.com\/index.php\/2019\/03\/23\/2019_march_drommens-uppfyllelse-lm-montgomery-2\/\">Dr\u00f6mmens uppfyllelse &#8211; L.M. Montgomery<\/a><\/li><li>Silverv\u00e4gen &#8211; Stina Jackson<\/li><li>If the Haunting Fits, Wear it &#8211; Rose Pressey<\/li><li>Sm\u00e5 eldar \u00f6verallt &#8211; Celeste Ng<\/li><li>Kattvinden &#8211; Helena \u00d6berg<\/li><li>Svart sommar &#8211; Maria Lang<\/li><li>Den vita stenen &#8211; Gunnel Linde<\/li><li>Historiel\u00e4raren &#8211; Matt Haig<\/li><li><a href=\"https:\/\/snowglitterbooks.com\/index.php\/2015\/06\/20\/2015_june_fodd-fenomenal-josephine-bornebusch\/\">F\u00f6dd fenomenal (oml\u00e4sning) &#8211; Josephine Bornebusch<\/a><\/li><li><a href=\"https:\/\/snowglitterbooks.com\/index.php\/2019\/08\/27\/daisy-jones-the-six-taylor-jenkins-reid\/\">Daisy Jones &amp; The Six &#8211; Taylor Jenkins Reid<\/a><\/li><li>Alltid redo att d\u00f6 f\u00f6r mitt barn &#8211; Joanna Rubin Dranger<\/li><li><a href=\"https:\/\/snowglitterbooks.com\/index.php\/2019\/09\/16\/folk-med-angest-fredrik-backman\/\">Folk med \u00e5ngest &#8211; Fredrik Backman<\/a><\/li><li>Dolt i vatten &#8211; Catherine Steadman<\/li><li>Garfield Fat Cat Volume 1 &#8211; Jim Davis<\/li><li><a href=\"https:\/\/snowglitterbooks.com\/index.php\/2019\/08\/28\/den-tysta-patienten-alex-michaelides\/\">Den tysta patienten &#8211; Alex Michaelides<\/a><\/li><li><a href=\"https:\/\/snowglitterbooks.com\/index.php\/2019\/08\/26\/pafagelsommar-hannah-richell\/\">P\u00e5f\u00e5gelsommar &#8211; Hannah Richell<\/a><\/li><li><a href=\"https:\/\/snowglitterbooks.com\/index.php\/2019\/08\/31\/i-tanger-christine-mangan\/\">I Tanger &#8211; Christine Mangan<\/a><\/li><li><a href=\"https:\/\/snowglitterbooks.com\/index.php\/2019\/10\/08\/kugghjartat-peter-bunzl\/\">Kugghj\u00e4rtat &#8211; Peter Bunzl<\/a><\/li><li>Farligt att f\u00f6rt\u00e4ra &#8211; Maria Lang<\/li><li><a href=\"https:\/\/snowglitterbooks.com\/index.php\/2019\/09\/06\/fran-och-med-du-mhairi-mcfarlane\/\">Fr\u00e5n och med du &#8211; Mhairi McFarlane<\/a><\/li><li><a href=\"https:\/\/snowglitterbooks.com\/index.php\/2019\/09\/23\/these-witches-dont-burn-isabel-sterling\/\">These Witches Don&#8217;t Burn &#8211; Isabel Sterling<\/a><\/li><li>Garfield Fat Cat Volume 2 &#8211; Jim Davis<\/li><li><a href=\"https:\/\/snowglitterbooks.com\/index.php\/2019\/09\/13\/den-hemliga-historien-donna-tartt\/\">Den hemliga historien &#8211; Donna Tartt<\/a><\/li><li><a href=\"https:\/\/snowglitterbooks.com\/index.php\/2019\/09\/12\/pumpkinheads-rainbow-rowell-faith-erin-hicks\/\">Pumpkinheads &#8211; Rainbow Rowell &amp; Faith Erin Hicks<\/a><\/li><li><a href=\"https:\/\/snowglitterbooks.com\/index.php\/2019\/09\/19\/nar-repet-brister-belinda-bauer\/?preview=true\">N\u00e4r repet brister &#8211; Belinda Bauer<\/a><\/li><li><a href=\"https:\/\/snowglitterbooks.com\/index.php\/2019\/10\/01\/the-bookish-life-of-nina-hill-abbi-waxman\/\">The Bookish Life of Nina Hill &#8211; Abbi Waxman<\/a><\/li><li><a href=\"https:\/\/snowglitterbooks.com\/index.php\/2019\/10\/06\/onda-boken-kaj-korkea-aho\/\">Onda boken &#8211; Kaj Korkea-aho<\/a><\/li><li><a href=\"https:\/\/snowglitterbooks.com\/index.php\/2019\/10\/07\/nemi-sugar-and-reptiles-lise-myhre\/\">Nemi: Sugar and reptiles &#8211; Lise Myhre<\/a><\/li><li><a href=\"https:\/\/snowglitterbooks.com\/index.php\/2019\/10\/10\/hem-ljugna-hem-michelle-sacks\/\">Hem ljugna hem &#8211; Michelle Sacks<\/a><\/li><li>Askungens systern och andra sedl\u00e4rande ber\u00e4ttelser &#8211; Joanna Rubin Dranger<\/li><li><a href=\"https:\/\/snowglitterbooks.com\/index.php\/2019\/10\/17\/the-summer-wives-beatriz-williams\/\">The Summer Wives &#8211; Beatriz Williams<\/a><\/li><li><a href=\"https:\/\/snowglitterbooks.com\/index.php\/2019\/10\/23\/naomis-room-jonathan-aycliffe\/\">Naomi&#8217;s Room &#8211; Jonathan Aycliffe<\/a><\/li><li><a href=\"https:\/\/snowglitterbooks.com\/index.php\/2019\/10\/25\/en-dag-jennifer-risto-pakarinen\/\">En dag, Jennifer &#8211; Risto Pakarinen<\/a><\/li><li><a href=\"https:\/\/snowglitterbooks.com\/index.php\/2019\/10\/31\/club-domina-staffan-bruun\/\">Club Domina &#8211; Staffan Bruun<\/a><\/li><li>Dikter i urval &#8211; Zacharias Topelius<\/li><li>En dos stryknin &#8211; Agatha Christie<\/li><li><a href=\"https:\/\/snowglitterbooks.com\/index.php\/2019\/11\/11\/bekannelsen-jessie-burton\/?preview=true\">Bek\u00e4nnelsen &#8211; Jessie Burton<\/a><\/li><li><a href=\"https:\/\/snowglitterbooks.com\/index.php\/2019\/11\/18\/snosystern-maja-lunde-lisa-aisato\/\">Sn\u00f6systern &#8211; Maja Lunde &amp; Lisa Aisato<\/a><\/li><li>Portionen under tian &#8211; Hanna Olvenmark<\/li><li><a href=\"https:\/\/snowglitterbooks.com\/index.php\/2019\/11\/26\/min-morbror-trollkarlen-c-s-lewis\/\">Min morbror trollkarlen &#8211; C.S. Lewis<\/a><\/li><li><a href=\"https:\/\/snowglitterbooks.com\/index.php\/2019\/12\/05\/anne-pa-egen-hand-l-m-montgomery\/\">Anne p\u00e5 egen hand &#8211; L.M. Montgomery<\/a><\/li><li><a href=\"https:\/\/snowglitterbooks.com\/index.php\/2019\/12\/03\/christmas-shopaholic-sophie-kinsella\/\">Christmas Shopaholic &#8211; Sophie Kinsella<\/a><\/li><li>Sagor om julen<\/li><li><a href=\"https:\/\/snowglitterbooks.com\/index.php\/2019\/12\/13\/den-helt-sanna-julsagan-om-kentauren-som-ville-hem-mats-strandberg-sofia-falkenhem\/\">Den helt sanna julsagan om kentauren som ville hem &#8211; Mats Strandberg, Sofia Falkenhem<\/a><\/li><li>F\u00f6rsta sagoskatten: jul<\/li><li><a href=\"https:\/\/snowglitterbooks.com\/index.php\/2019\/12\/09\/den-femte-arstiden-n-k-jemesin\/\">Den femte \u00e5rstiden &#8211; N. K. Jemisin<\/a><\/li><li><a href=\"https:\/\/snowglitterbooks.com\/index.php\/2019\/12\/18\/saga-sanning-matt-haig\/\">Saga Sanning &#8211; Matt Haig<\/a><\/li><li><a href=\"https:\/\/snowglitterbooks.com\/index.php\/2019\/12\/24\/steglitsan-donna-tartt\/\">Steglitsan &#8211; Donna Tartt<\/a><\/li><li>Garfield Fat Cat Volume 3 &#8211; Jim Davis <\/li><li><a href=\"https:\/\/snowglitterbooks.com\/index.php\/2020\/02\/02\/det-vackra-mysteriet-louise-penny\/\">Det vackra mysteriet &#8211; Louise Penny<\/a><\/li><\/ol>\n","protected":false},"excerpt":{"rendered":"<p>The Way Past Winter &#8211; Kiran Millwood Hargrave De f\u00f6rlorade orden &#8211; Robert Macfarlane Flickan som ville r\u00e4dda b\u00f6ckerna &#8211; Klaus Hagerup The 7\u00bd Deaths of Evelyn Hardcastle &#8211; Stuart Turton Book Love &#8211; Debbie Tung Kind of Coping &#8211; Marzi Wilson Internet \u00e4r trasigt: Silicon Valley och demokratins kris &#8211; Karin Pettersson &amp; Martin [&hellip;]<\/p>\n","protected":false},"author":1,"featured_media":0,"parent":0,"menu_order":0,"comment_status":"closed","ping_status":"closed","template":"","meta":{"footnotes":""},"_links":{"self":[{"href":"https:\/\/snowglitterbooks.com\/index.php\/wp-json\/wp\/v2\/pages\/8"}],"collection":[{"href":"https:\/\/snowglitterbooks.com\/index.php\/wp-json\/wp\/v2\/pages"}],"about":[{"href":"https:\/\/snowglitterbooks.com\/index.php\/wp-json\/wp\/v2\/types\/page"}],"author":[{"embeddable":true,"href":"https:\/\/snowglitterbooks.com\/index.php\/wp-json\/wp\/v2\/users\/1"}],"replies":[{"embeddable":true,"href":"https:\/\/snowglitterbooks.com\/index.php\/wp-json\/wp\/v2\/comments?post=8"}],"version-history":[{"count":33,"href":"https:\/\/snowglitterbooks.com\/index.php\/wp-json\/wp\/v2\/pages\/8\/revisions"}],"predecessor-version":[{"id":2147433230,"href":"https:\/\/snowglitterbooks.com\/index.php\/wp-json\/wp\/v2\/pages\/8\/revisions\/2147433230"}],"wp:attachment":[{"href":"https:\/\/snowglitterbooks.com\/index.php\/wp-json\/wp\/v2\/media?parent=8"}],"curies":[{"name":"wp","href":"https:\/\/api.w.org\/{rel}","templated":true}]}}