{"id":2147437957,"date":"2025-12-26T21:01:49","date_gmt":"2025-12-26T19:01:49","guid":{"rendered":"https:\/\/snowglitterbooks.com\/?page_id=2147437957"},"modified":"2025-12-26T21:18:58","modified_gmt":"2025-12-26T19:18:58","slug":"last-2025-2","status":"publish","type":"page","link":"https:\/\/snowglitterbooks.com\/index.php\/last-2025-2\/","title":{"rendered":"L\u00e4st 2025"},"content":{"rendered":"\n<ol>\n<li>Lost and Lassoed &#8211; Lyla Sage<\/li>\n\n\n\n<li>Vitnos det lilla russet &#8211; Marie Louise Rudolfsson<\/li>\n\n\n\n<li>Vitnos och Vips &#8211; Marie Louise Rudolfsson<\/li>\n\n\n\n<li>Inte efter midnatt &#8211; Daphne du Maurier<\/li>\n\n\n\n<li>Systrarna P och faster sp\u00f6ket &#8211; Lars Nicklasson<\/li>\n\n\n\n<li>Om utr\u00e4kning av omf\u00e5ng 5 &#8211; Solvej Balle<\/li>\n\n\n\n<li>Strung Along &#8211; Hannah Cowan<\/li>\n\n\n\n<li>Systrarna P blir TV-k\u00e4ndisar &#8211; Lars Nicklasson<\/li>\n\n\n\n<li>Recipe for a Perfect Wife &#8211; Karma Brown<\/li>\n\n\n\n<li>Vi minns 60-talet: en nostalgitripp &#8211; Arne Norlin<\/li>\n\n\n\n<li>Vi minns 70-talet: en nostalgitripp &#8211; Arne Norlin<\/li>\n\n\n\n<li>A question of Time &#8211; Joanne Renaud<\/li>\n\n\n\n<li>Klein &#8211; Axel \u00c5hman<\/li>\n\n\n\n<li>Cash &#8211; Jessica Peterson<\/li>\n\n\n\n<li>Anne p\u00e5 Gr\u00f6nkulla &#8211; L.M. Montgomery (oml\u00e4sning)<\/li>\n\n\n\n<li>Autisterna: om kvinnor p\u00e5 spektrat &#8211; Clara T\u00f6rnvall<\/li>\n\n\n\n<li>Jolly Roger &#8211; \u00c5ke Gulin (oml\u00e4sning)<\/li>\n\n\n\n<li>Aforismer i levnadsvisdom &#8211; Arthur Schopenhauer<\/li>\n\n\n\n<li>The Lifegiving Home: Creating a Place of Belonging and Becoming &#8211; Sally Clarkson<\/li>\n\n\n\n<li>Nemi #3 &#8211; Lise Myhre (oml\u00e4sning)<\/li>\n\n\n\n<li>Br\u00f6llopsg\u00e4sten &#8211; Carson McCullers<\/li>\n\n\n\n<li>Taming the heart &#8211; Elliot Rose<\/li>\n\n\n\n<li>Wild and Wrangled &#8211; Lyla Sage<\/li>\n\n\n\n<li>T\u00e4rningsspelaren &#8211; Luke Rhinehart<\/li>\n\n\n\n<li>Morrigan Crows magiska f\u00f6rbannelse &#8211; Jessica Townsend (oml\u00e4sning)<\/li>\n\n\n\n<li>Lucky Luke m\u00f6ter Pat Poker<\/li>\n\n\n\n<li>Alla dj\u00e4vlar \u00e4r h\u00e4r &#8211; Louise Penny<\/li>\n\n\n\n<li>Pumpkinheads &#8211; Rainbow Rowell<\/li>\n\n\n\n<li>V\u00e4rsta partyt (Madison Finn) &#8211; Laura Dower (oml\u00e4sning)<\/li>\n\n\n\n<li>En dag Jennifer &#8211; Risto Pakarinen (oml\u00e4sning)<\/li>\n\n\n\n<li>Det minsta gemensamma &#8211; Pirkko Saisio<\/li>\n\n\n\n<li>Kirsten&#8217;s surprise: A Christmas Story &#8211; Janet Beeler Shaw<\/li>\n\n\n\n<li>Samantha&#8217;s surprise: A Christmas Story &#8211; Janet Beeler Shaw<\/li>\n\n\n\n<li>Christmas Tales &#8211; Enid Blyton<\/li>\n\n\n\n<li>Christmas Stories &#8211; Enid Blyton (oml\u00e4sning)<\/li>\n<\/ol>\n\n\n\n<p><\/p>\n","protected":false},"excerpt":{"rendered":"","protected":false},"author":1,"featured_media":0,"parent":0,"menu_order":0,"comment_status":"closed","ping_status":"closed","template":"","meta":{"footnotes":""},"_links":{"self":[{"href":"https:\/\/snowglitterbooks.com\/index.php\/wp-json\/wp\/v2\/pages\/2147437957"}],"collection":[{"href":"https:\/\/snowglitterbooks.com\/index.php\/wp-json\/wp\/v2\/pages"}],"about":[{"href":"https:\/\/snowglitterbooks.com\/index.php\/wp-json\/wp\/v2\/types\/page"}],"author":[{"embeddable":true,"href":"https:\/\/snowglitterbooks.com\/index.php\/wp-json\/wp\/v2\/users\/1"}],"replies":[{"embeddable":true,"href":"https:\/\/snowglitterbooks.com\/index.php\/wp-json\/wp\/v2\/comments?post=2147437957"}],"version-history":[{"count":7,"href":"https:\/\/snowglitterbooks.com\/index.php\/wp-json\/wp\/v2\/pages\/2147437957\/revisions"}],"predecessor-version":[{"id":2147437968,"href":"https:\/\/snowglitterbooks.com\/index.php\/wp-json\/wp\/v2\/pages\/2147437957\/revisions\/2147437968"}],"wp:attachment":[{"href":"https:\/\/snowglitterbooks.com\/index.php\/wp-json\/wp\/v2\/media?parent=2147437957"}],"curies":[{"name":"wp","href":"https:\/\/api.w.org\/{rel}","templated":true}]}}