{"id":2147437460,"date":"2024-01-10T10:28:14","date_gmt":"2024-01-10T08:28:14","guid":{"rendered":"https:\/\/snowglitterbooks.com\/?page_id=2147437460"},"modified":"2025-02-03T09:54:28","modified_gmt":"2025-02-03T07:54:28","slug":"last-2024","status":"publish","type":"page","link":"https:\/\/snowglitterbooks.com\/index.php\/last-2024\/","title":{"rendered":"L\u00e4st 2024"},"content":{"rendered":"\n<ol>\n<li><a href=\"https:\/\/snowglitterbooks.com\/index.php\/2024\/03\/12\/mor-gifter-sig-moa-martinson\/\" data-type=\"link\" data-id=\"https:\/\/snowglitterbooks.com\/index.php\/2024\/03\/12\/mor-gifter-sig-moa-martinson\/\">Mor gifter sig &#8211; Moa Martinsson<\/a><\/li>\n\n\n\n<li>Det stora kalaset &#8211; John Steinbeck<\/li>\n\n\n\n<li>Syskonk\u00e4rlek (Tvillingarna #53) &#8211; Francine Pascal<\/li>\n\n\n\n<li>K\u00e4rleksbrygden (Tvillingarna #66) &#8211; Francine Pascal<\/li>\n\n\n\n<li>Fashion&#8217;s Fade, Haunted is eternal &#8211; Rose Pressey<\/li>\n\n\n\n<li>Moral &#8211; Lyra Ekstr\u00f6m Lindb\u00e4ck<\/li>\n\n\n\n<li>No one here gets out alive &#8211; Jerry Hopkins, Danny Sugerman<\/li>\n\n\n\n<li>Let Me Tell You &#8211; Shirley Jackson<\/li>\n\n\n\n<li>Den hemlige pojkv\u00e4nnen &#8211; Francince Pascal<\/li>\n\n\n\n<li>Bekantskap \u00f6nskas med \u00e4ldre bildad herre &#8211; Kristina Lugn<\/li>\n\n\n\n<li>Eldsv\u00e5dan (Tvillingarna #40) &#8211; Francince Pascal<\/li>\n\n\n\n<li>A Spoonful of Poison &#8211; M.C. Beaton<\/li>\n\n\n\n<li>Mousse and Murder &#8211; Elizabeth Logan<\/li>\n\n\n\n<li><a href=\"https:\/\/snowglitterbooks.com\/index.php\/2024\/03\/11\/de-blindas-rike-louise-penny\/\" data-type=\"link\" data-id=\"https:\/\/snowglitterbooks.com\/index.php\/2024\/03\/11\/de-blindas-rike-louise-penny\/\">De blindas rike- Louise Penny<\/a><\/li>\n\n\n\n<li>H\u00e5ll f\u00e4rgen (Jolly #15) &#8211; Ingrid Bredberg<\/li>\n\n\n\n<li>Framtidens hemmafruar &#8211; Laurie Graham<\/li>\n\n\n\n<li>Bortom tr\u00e4den h\u00f6rs havet &#8211; Solveig von Schoultz<\/li>\n\n\n\n<li>\u00c4ventyret i tomatdjungeln &#8211; Emmy Abrahamsson, Felicia Iversen<\/li>\n\n\n\n<li>\u00c4ventyret i vattenlabyrinten &#8211; Emmy Abrahamsson, Felicia Iversen<\/li>\n\n\n\n<li>Mary Ventura och det nionde kungariket &#8211; Sylvia Plath<\/li>\n\n\n\n<li>Mitt 60-tal &#8211; ett \u00e5rtioende i bilder &#8211; Katarina Danielsson (oml\u00e4sning)<\/li>\n\n\n\n<li>Gruppen &#8211; Mary McCarthy<\/li>\n\n\n\n<li>Ord i natten &#8211; Kerstin S\u00f6derholm<\/li>\n\n\n\n<li>Busungarna (Tvillingarna #27) &#8211; Francine Pascal<\/li>\n\n\n\n<li>Tidens l\u00e4nkar &#8211; Octavia E. Butler<\/li>\n\n\n\n<li>Om utr\u00e4kning av omf\u00e5ng 3 &#8211; Solvej Balle<\/li>\n\n\n\n<li>En v\u00e4rld reducerad &#8211; Bror R\u00f6nnholm<\/li>\n\n\n\n<li>Jordb\u00e4vningen (Tvillingarna #69) &#8211; Francine Pascal<\/li>\n\n\n\n<li>Samtal med en fj\u00e4ril &#8211; Solveig von Schoultz<\/li>\n\n\n\n<li>L\u00e5t inte den h\u00e4r stan pl\u00e5ga livet ur dig Mona &#8211; Anneli Jordahl<\/li>\n\n\n\n<li>Segraren (Tvillingarna #34) &#8211; Francine Pascal<\/li>\n\n\n\n<li>Tidstillflykt &#8211; Georgi Gospodinov<\/li>\n\n\n\n<li>Karri\u00e4r och k\u00f6ksbesv\u00e4r &#8211; Sophie Kinsella<\/li>\n\n\n\n<li>Husm\u00f6drar och feminister &#8211; Anna Lindholm<\/li>\n\n\n\n<li>I det vilda &#8211; Lisa Zetterdahl<\/li>\n\n\n\n<li>Skoljublieet (Tvillingarna #21) &#8211; Francine Pascal<\/li>\n\n\n\n<li>Den unge Werthers lidanden &#8211; Johann Wolfgang von Goethe<\/li>\n\n\n\n<li>F\u00e5geln som vrider upp v\u00e4rlden &#8211; Haruki Murakami<\/li>\n\n\n\n<li>Anna O &#8211; Matthew Blake<\/li>\n\n\n\n<li>Grannarna och andra noveller &#8211; Diane Oliver<\/li>\n\n\n\n<li>Aprilsk\u00e4mtet (Tvillingarna #26) &#8211; Francine Pascal<\/li>\n\n\n\n<li>Nalle Lufs &#8211; G\u00f6sta Knutsson<\/li>\n\n\n\n<li>Murder at the Beacon Bakeshop &#8211; Darci Hannah<\/li>\n\n\n\n<li>Julvelst\u00f6lden &#8211; Francine Pascal<\/li>\n\n\n\n<li>Skolkarna (Tvillingarna #18) &#8211; Francine Pascal<\/li>\n\n\n\n<li>Flickorna p\u00e5 farmen &#8211; Maj-Britt Holmgren<\/li>\n\n\n\n<li><a href=\"https:\/\/snowglitterbooks.com\/index.php\/2024\/08\/12\/usas-historia-lennart-pehrson\/\" data-type=\"link\" data-id=\"https:\/\/snowglitterbooks.com\/index.php\/2024\/08\/12\/usas-historia-lennart-pehrson\/\">USA:s historia &#8211; Lennart Pehrson<\/a><\/li>\n\n\n\n<li>Done and dusted &#8211; Lyla Sage<\/li>\n\n\n\n<li>Swift and saddled &#8211; Lyla Sage<\/li>\n\n\n\n<li>De sista tanterna &#8211; Fatima Bremmer<\/li>\n\n\n\n<li>Nalle Lufs i farten &#8211; G\u00f6sta Knutsson<\/li>\n\n\n\n<li>Chasin the Wild &#8211; Elliott Rose<\/li>\n\n\n\n<li>Smoking gun &#8211; Lainey Lawson<\/li>\n\n\n\n<li>Dr\u00f6mresan (Tvillingarna #42) &#8211; Francine Pascal<\/li>\n\n\n\n<li>En dag Jennifer &#8211; Risto Pakarinen (oml\u00e4sning)<\/li>\n\n\n\n<li>Flawless &#8211; Elsie Silver<\/li>\n\n\n\n<li>Hj\u00e4rtat jagar allena &#8211; Carson McCullers<\/li>\n\n\n\n<li>Jane Victoria &#8211; L.M. Montgomery<\/li>\n\n\n\n<li>Om utr\u00e4kning av omf\u00e5ng 4 &#8211; Solvej Balle<\/li>\n\n\n\n<li>Mannen i gr\u00e5 kostymen &#8211; Sloan Wilson<\/li>\n\n\n\n<li>Det Jakobstad ingen ville ha &#8211; Rosanna Fellman<\/li>\n\n\n\n<li><a href=\"https:\/\/snowglitterbooks.com\/index.php\/2024\/09\/23\/noveller-shirley-jackson\/\" data-type=\"link\" data-id=\"https:\/\/snowglitterbooks.com\/index.php\/2024\/09\/23\/noveller-shirley-jackson\/\">Noveller &#8211; Shirley Jackson<\/a><\/li>\n\n\n\n<li>Svart som silver &#8211; Bruno K. \u00d6ijer<\/li>\n\n\n\n<li>Sj\u00e4lvbetraktelser &#8211; Marcus Aurelius (oml\u00e4sning)<\/li>\n\n\n\n<li>Medan giftet verkar &#8211; Bruno K. \u00d6ijer<\/li>\n\n\n\n<li>Mortina ja hurja halloweenyll\u00e4tys &#8211; Barbara Cantini<\/li>\n\n\n\n<li>A 1950&#8217;s housewife &#8211; Sheila Hardy<\/li>\n\n\n\n<li>Allt om v\u00e5ra h\u00f6gtider: fr\u00e5n jul till halloween &#8211; Arne Norlin<\/li>\n\n\n\n<li><a href=\"https:\/\/snowglitterbooks.com\/index.php\/2024\/10\/07\/hon-som-blev-kvar-riley-sager\/\" data-type=\"link\" data-id=\"https:\/\/snowglitterbooks.com\/index.php\/2024\/10\/07\/hon-som-blev-kvar-riley-sager\/\">Hon som blev kvar &#8211; Riley Sager<\/a><\/li>\n\n\n\n<li>Inlandet &#8211; Elin Willows<\/li>\n\n\n\n<li>Solglitter #3 &#8211; Arthur Maxwell<\/li>\n\n\n\n<li>En b\u00e4ttre man &#8211; Louise Penny<\/li>\n\n\n\n<li>Peyton Place &#8211; Grace Metalious<\/li>\n\n\n\n<li>Hillbilly: en familj och kultur i kris &#8211; J.D. Vance<\/li>\n\n\n\n<li>Solglitter #1 &#8211; Arthur Maxwell<\/li>\n\n\n\n<li>V\u00e4xla ringa med m\u00f6rknet &#8211; Bruno K. \u00d6ijer<\/li>\n\n\n\n<li>Ingen vanlig jul (Tvillingarna p\u00e5 Sweet Valley High) &#8211; Francine Pascal<\/li>\n\n\n\n<li>Alive and wells &#8211; Bailey Hannah<\/li>\n\n\n\n<li>Christmas Treats &#8211; Enid Blyton<\/li>\n\n\n\n<li>God Jul &#8211; Bo L\u00f6nnqvist<\/li>\n\n\n\n<li>Vi s\u00e4lja fr\u00e5n v\u00e4lsorterat lager &#8211; Handel och konsumtion i Karis &#8211; Anna Sundelin, Johanna Wassholm<\/li>\n\n\n\n<li>One-A-Day Christmas Stories &#8211; Edit Blyton<\/li>\n\n\n\n<li>A Vintage Christmas: A Collection of Classic Stories and Poems<\/li>\n\n\n\n<li>Ministeriet f\u00f6r tid &#8211; Kaliane Bradley<\/li>\n\n\n\n<li>\u00d6nskeleken &#8211;  Meg Shaffer<\/li>\n<\/ol>\n","protected":false},"excerpt":{"rendered":"","protected":false},"author":1,"featured_media":0,"parent":0,"menu_order":1,"comment_status":"closed","ping_status":"closed","template":"","meta":{"footnotes":""},"_links":{"self":[{"href":"https:\/\/snowglitterbooks.com\/index.php\/wp-json\/wp\/v2\/pages\/2147437460"}],"collection":[{"href":"https:\/\/snowglitterbooks.com\/index.php\/wp-json\/wp\/v2\/pages"}],"about":[{"href":"https:\/\/snowglitterbooks.com\/index.php\/wp-json\/wp\/v2\/types\/page"}],"author":[{"embeddable":true,"href":"https:\/\/snowglitterbooks.com\/index.php\/wp-json\/wp\/v2\/users\/1"}],"replies":[{"embeddable":true,"href":"https:\/\/snowglitterbooks.com\/index.php\/wp-json\/wp\/v2\/comments?post=2147437460"}],"version-history":[{"count":22,"href":"https:\/\/snowglitterbooks.com\/index.php\/wp-json\/wp\/v2\/pages\/2147437460\/revisions"}],"predecessor-version":[{"id":2147437884,"href":"https:\/\/snowglitterbooks.com\/index.php\/wp-json\/wp\/v2\/pages\/2147437460\/revisions\/2147437884"}],"wp:attachment":[{"href":"https:\/\/snowglitterbooks.com\/index.php\/wp-json\/wp\/v2\/media?parent=2147437460"}],"curies":[{"name":"wp","href":"https:\/\/api.w.org\/{rel}","templated":true}]}}