{"id":2147436342,"date":"2023-01-08T14:06:10","date_gmt":"2023-01-08T12:06:10","guid":{"rendered":"https:\/\/snowglitterbooks.com\/?page_id=2147436342"},"modified":"2024-01-10T10:26:20","modified_gmt":"2024-01-10T08:26:20","slug":"last-2023","status":"publish","type":"page","link":"https:\/\/snowglitterbooks.com\/index.php\/last-2023\/","title":{"rendered":"L\u00e4st 2023"},"content":{"rendered":"\n<ol>\n<li>Jag har torkat nog m\u00e5nga golv: en biografi om Maja Ekel\u00f6f &#8211; Nina van den Brink<\/li>\n\n\n\n<li>Nemi #18 &#8211; Lise Myhre<\/li>\n\n\n\n<li>Vrickat, Jolly &#8211; Ingrid Bredberg<\/li>\n\n\n\n<li><a href=\"https:\/\/snowglitterbooks.com\/index.php\/2023\/01\/08\/the-sundial-shirley-jackson\/\" data-type=\"URL\" data-id=\"https:\/\/snowglitterbooks.com\/index.php\/2023\/01\/08\/the-sundial-shirley-jackson\/\">The Sundial &#8211; Shirley Jackson<\/a><\/li>\n\n\n\n<li>Jag minns alla mina \u00e4lskare och hur de brukade ta p\u00e5 mig &#8211; Kerstin Thorvall<\/li>\n\n\n\n<li>Betraktandet av hundar &#8211; Inger Edelfeldt<\/li>\n\n\n\n<li>Allt jag finner i er ska jag finna i mig &#8211; Malin Ekman<\/li>\n\n\n\n<li><a href=\"https:\/\/snowglitterbooks.com\/index.php\/2023\/03\/02\/monica-magnus-1966-ulrika-ewerman\/\" data-type=\"URL\" data-id=\"https:\/\/snowglitterbooks.com\/index.php\/2023\/03\/02\/monica-magnus-1966-ulrika-ewerman\/\">Monica Magnus 1966 &#8211; Ulrika Ewerman<\/a><\/li>\n\n\n\n<li>Br\u00f6llopet i Marsipanien &#8211; Lena Karlin, Inger Edelfeldt<\/li>\n\n\n\n<li>Betinkan &#8211; Sabine Forsblom<\/li>\n\n\n\n<li>Maskrosgudens barn &#8211; Sabine Forsnlom<\/li>\n\n\n\n<li>Grattis Jolly &#8211; Ingrid Bredberg<\/li>\n\n\n\n<li>Vill du kyssa en rebell? Anna-Stina Byggm\u00e4star<\/li>\n\n\n\n<li>Seneca: om livets korthet och andra texter<\/li>\n\n\n\n<li><a href=\"https:\/\/snowglitterbooks.com\/index.php\/2023\/04\/02\/flicka-1983-linn-ullmann\/\" data-type=\"URL\" data-id=\"https:\/\/snowglitterbooks.com\/index.php\/2023\/04\/02\/flicka-1983-linn-ullmann\/\">Flicka 1983 &#8211; Linn Ullmann<\/a><\/li>\n\n\n\n<li>Madame Bovary &#8211; Gustave Flaubert<\/li>\n\n\n\n<li>Typiskt, Jolly &#8211; Ingrid Bredberg<\/li>\n\n\n\n<li>P\u00e5 drift &#8211; Marianne Lindberg De Geer<\/li>\n\n\n\n<li>Under jorden sj\u00f6nk &#8211; Mirjam Tuominen<\/li>\n\n\n\n<li>Skr\u00e4ck och avsky i Las Vegas &#8211; Hunter S. Thompson<\/li>\n\n\n\n<li>Dark Matter &#8211; Blake Crouch<\/li>\n\n\n\n<li><a href=\"https:\/\/snowglitterbooks.com\/index.php\/2023\/03\/04\/huset-i-det-blommande-tradet-holly-martin\/\" data-type=\"URL\" data-id=\"https:\/\/snowglitterbooks.com\/index.php\/2023\/03\/04\/huset-i-det-blommande-tradet-holly-martin\/\">Huset i det blommande tr\u00e4det &#8211; Holly Martin<\/a><\/li>\n\n\n\n<li>Amerikansk melankoli &#8211; Joyce Carol Oates<\/li>\n\n\n\n<li>Rena gojan, Jolly &#8211; Ingrid Bredberg<\/li>\n\n\n\n<li><a href=\"https:\/\/snowglitterbooks.com\/index.php\/2023\/03\/06\/simmarna-julie-otsuka\/\" data-type=\"URL\" data-id=\"https:\/\/snowglitterbooks.com\/index.php\/2023\/03\/06\/simmarna-julie-otsuka\/\">Simmarna &#8211; Julie Otsuka<\/a><\/li>\n\n\n\n<li><a href=\"https:\/\/snowglitterbooks.com\/index.php\/2023\/03\/10\/fjarilsvagen-patrik-lundberg\/\" data-type=\"URL\" data-id=\"https:\/\/snowglitterbooks.com\/index.php\/2023\/03\/10\/fjarilsvagen-patrik-lundberg\/\">Fj\u00e4rilsv\u00e4gen &#8211; Patrik Lundberg<\/a><\/li>\n\n\n\n<li><a href=\"https:\/\/snowglitterbooks.com\/index.php\/2023\/04\/19\/den-amerikanska-hogern-republikanernas-revolution-och-usas-framtid-martin-gelin\/\" data-type=\"URL\" data-id=\"https:\/\/snowglitterbooks.com\/index.php\/2023\/04\/19\/den-amerikanska-hogern-republikanernas-revolution-och-usas-framtid-martin-gelin\/\">Den amerikanska h\u00f6gern &#8211; Martin Gelin<\/a><\/li>\n\n\n\n<li>A Passion for Haunted Passion &#8211; Rose Pressey<\/li>\n\n\n\n<li>Va kn\u00e4ppt Jolly &#8211; Ingrid Bredberg<\/li>\n\n\n\n<li>Anne p\u00e5 Gr\u00f6nkulla &#8211; L.M. Montgomery (tredje oml\u00e4sning)<\/li>\n\n\n\n<li><a href=\"https:\/\/snowglitterbooks.com\/index.php\/2023\/04\/18\/mrs-everything-jennifer-weiner\/\" data-type=\"URL\" data-id=\"https:\/\/snowglitterbooks.com\/index.php\/2023\/04\/18\/mrs-everything-jennifer-weiner\/\">Mrs. Everything &#8211; Jennifer Weiner<\/a><\/li>\n\n\n\n<li>\u00c5sneprinsen &#8211; Caroline Hainer<\/li>\n\n\n\n<li>When We Left Cuba &#8211; Chanel Cleeton<\/li>\n\n\n\n<li><a href=\"https:\/\/snowglitterbooks.com\/index.php\/2023\/04\/24\/att-vara-hemma-och-fru-en-studie-i-kvinnligt-liv-i-1950-talets-finland-lena-marander-eklund\/\" data-type=\"URL\" data-id=\"https:\/\/snowglitterbooks.com\/index.php\/2023\/04\/24\/att-vara-hemma-och-fru-en-studie-i-kvinnligt-liv-i-1950-talets-finland-lena-marander-eklund\/\">Att vara hemma och fru: En studie av kvinnligt livt i 1950-talets Finland &#8211; Lena Marander-Eklund<\/a><\/li>\n\n\n\n<li>vara m\u00e4nska &#8211; Kerstin S\u00f6derholm<\/li>\n\n\n\n<li>Orissa &#8211; Ola Jul\u00e9n<\/li>\n\n\n\n<li><a href=\"https:\/\/snowglitterbooks.com\/index.php\/2023\/06\/02\/vill-du-veta-nikki-erlick\/\" data-type=\"URL\" data-id=\"https:\/\/snowglitterbooks.com\/index.php\/2023\/06\/02\/vill-du-veta-nikki-erlick\/\">Vill du veta? Nikki Erlick<\/a><\/li>\n\n\n\n<li>Jag \u00e4r glad att mamma dog &#8211; Jeannette McCurdy<\/li>\n\n\n\n<li>V\u00e5r s\u00e5ng blir stum &#8211; Maria Lang<\/li>\n\n\n\n<li>Sagan om Sune &#8211; Anders Jacobsson, S\u00f6ren Olsson<\/li>\n\n\n\n<li>Ormens \u00e5r &#8211; Ulrika Ewerman<\/li>\n\n\n\n<li><a href=\"https:\/\/snowglitterbooks.com\/index.php\/2023\/06\/01\/dar-askan-blommar-nguyen-phan-que-mai\/\" data-type=\"URL\" data-id=\"https:\/\/snowglitterbooks.com\/index.php\/2023\/06\/01\/dar-askan-blommar-nguyen-phan-que-mai\/\">D\u00e4r askan blommar &#8211; Nguy\u1ec5n Phan Qu\u1ebf Mai<\/a><\/li>\n\n\n\n<li>Svartstick &#8211; Sara Paborn<\/li>\n\n\n\n<li>Gaslightad: han sa att jag var galen &#8211; Sofia Larsson<\/li>\n\n\n\n<li>V\u00e5r s\u00e5ng blir stum &#8211; Maria Lang<\/li>\n\n\n\n<li>Den vita stenen &#8211; Gunnel Linde (oml\u00e4sning)<\/li>\n\n\n\n<li>Prostens barnbarn &#8211; Eva Bexell (oml\u00e4sning)<\/li>\n\n\n\n<li>Finska vinterkriget 1939-1940 &#8211; William R. Trotter<\/li>\n\n\n\n<li>Garfield Fat Pack 3 pack &#8211; Jim Davis<\/li>\n\n\n\n<li><a href=\"https:\/\/snowglitterbooks.com\/index.php\/2023\/07\/03\/manniskors-morker-tva-romaner-om-besatthet-patricia-highsmith\/\">M\u00e4nniskors m\u00f6rker: tv\u00e5 romaner om besatthet &#8211; Patricia Highsmith<\/a><\/li>\n\n\n\n<li>Supersnute Sune: med r\u00e4tt att snoka &#8211; Anders Jacobsson, S\u00f6ren Olsson<\/li>\n\n\n\n<li>Resa med Charley &#8211; John Steinbeck<\/li>\n\n\n\n<li>Kitchen Princess 1 &#8211; Natsumi Ando<\/li>\n\n\n\n<li>Allting \u00e4r amerikanskt &#8211; Sanna Tahvanainen<\/li>\n\n\n\n<li>Sensitiva barn &#8211; Prinsessan M\u00e4rta Louise, Elisabeth Nordeng<\/li>\n\n\n\n<li>R\u00e4ddaren i n\u00f6den &#8211; J.D. Salinger<\/li>\n\n\n\n<li>Mary, Lou och den svarta blomman &#8211; Carolyn Keene<\/li>\n\n\n\n<li>Huvudrollen (Tvillingarna #16) &#8211; Francine Pascal<\/li>\n\n\n\n<li>Dr\u00f6mrollen (Tvillingarna #2) &#8211; Francine Pascal<\/li>\n\n\n\n<li>Revolutionary road &#8211; Richard Yates<\/li>\n\n\n\n<li>\u00d6versittaren (Tvillingarna #17) &#8211; Francine Pascal<\/li>\n\n\n\n<li>Rivaler i k\u00e4rlek (Tvillingarna p\u00e5 Sweet Valley High #1) &#8211; Francine Pascal<\/li>\n\n\n\n<li>Mellan jul och ragnar\u00f6k &#8211; Lars Huld\u00e9n<\/li>\n\n\n\n<li>Sp\u00f6khuset (Tvillingarna #3) &#8211; Francine Pascal<\/li>\n\n\n\n<li><a href=\"https:\/\/snowglitterbooks.com\/index.php\/2023\/07\/12\/udda-faglars-o-lucas-hermans\/\" data-type=\"URL\" data-id=\"https:\/\/snowglitterbooks.com\/index.php\/2023\/07\/12\/udda-faglars-o-lucas-hermans\/\">Udda f\u00e5glars \u00f6 &#8211; Lucas Hermans<\/a><\/li>\n\n\n\n<li>Pop-konserten (Tvillingarna #4) &#8211; Francine Pascal<\/li>\n\n\n\n<li>Logan gillar Mary Anne (Barnvaktsklubben) &#8211; Ann M. Martin<\/li>\n\n\n\n<li>Annie &#8211; Leonore Fleischer<\/li>\n\n\n\n<li>Nio noveller &#8211; J.D. Salinger<\/li>\n\n\n\n<li>Mallgrodan (Tvillingarna #5) &#8211; Francine Pascal<\/li>\n\n\n\n<li>Sommarl\u00e4gret (Tvillingarna)  Francine Pascal<\/li>\n\n\n\n<li>F\u00f6r\u00e4ldral\u00f6s (Tvillingarna #6) &#8211; Francine Pascal<\/li>\n\n\n\n<li>Svinal\u00e4ngorna &#8211; Susanna Alakoski<\/li>\n\n\n\n<li>Den f\u00f6rf\u00e4rliga hemligheten (Tvillingarna p\u00e5 Sweet Valley High #2) &#8211; Francine Pascal<\/li>\n\n\n\n<li>Kristy f\u00e5r en id\u00e9 (Barnvaktsklubben) &#8211; Ann M. Martin<\/li>\n\n\n\n<li>H\u00e4sttokig (Tvillingarna #7) &#8211; Francine Pascal<\/li>\n\n\n\n<li>En fin romans: Ett angloamerikanskt halvsekel &#8211; Kerstin Lindman-Strafford<\/li>\n\n\n\n<li>Sig sj\u00e4lv n\u00e4rmast &#8211; Marianne Lindberg De Geer<\/li>\n\n\n\n<li>Mobbad (Tvillingarna #8) &#8211; Francine Pascal<\/li>\n\n\n\n<li>Dubbeltrubbel (Tvillingarna) &#8211; Francine Pascal<\/li>\n\n\n\n<li>Mini-olympiaden (Tvillingarna #9) &#8211; Francine Pascal<\/li>\n\n\n\n<li>Misst\u00e4nkta (Tvillingarna #10) &#8211; Francine Pascal<\/li>\n\n\n\n<li>Grand final i skojarbranschen &#8211; Kerstin Ekman<\/li>\n\n\n\n<li>F\u00f6delsedagsfesten (Tvillingarna #11) &#8211; Francine Pascal<\/li>\n\n\n\n<li>Skolvalet (Tvillingarna #12) &#8211; Francine Pascal<\/li>\n\n\n\n<li>Leka med elden (Tvillingarna p\u00e5 Sweet Valley High #3) &#8211; Francince Pascal<\/li>\n\n\n\n<li>Elvis &amp; jag &#8211; Priscilla Presley<\/li>\n\n\n\n<li>K\u00e4ra Elisabeth (Tvillingarna) &#8211; Francine Pascal<\/li>\n\n\n\n<li>Lantisen (Tvillingarna #20) &#8211; Francince Pascal<\/li>\n\n\n\n<li>M\u00f6nstereleven (Tvillingarna #47) &#8211; Francince Pascal<\/li>\n\n\n\n<li>Nix &#8211; Nathan Hill<\/li>\n\n\n\n<li>En dag, Jennifer &#8211; Risto Pakarinen (oml\u00e4sning)<\/li>\n\n\n\n<li>Skvallerkriget (Tvillingarna #73) &#8211; Francine Pascal<\/li>\n\n\n\n<li>Orlando &#8211; Virginia Woolf<\/li>\n\n\n\n<li>Morgon &#8211; Tomas Mikael B\u00e4ck<\/li>\n\n\n\n<li><a href=\"https:\/\/snowglitterbooks.com\/index.php\/2023\/09\/09\/om-utrakning-av-omfang-1-solvej-balle\/\" data-type=\"URL\" data-id=\"https:\/\/snowglitterbooks.com\/index.php\/2023\/09\/09\/om-utrakning-av-omfang-1-solvej-balle\/\">Om utr\u00e4kning av omf\u00e5ng 1 &#8211; Solvej Balle<\/a><\/li>\n\n\n\n<li>Intr\u00e4desprovet (Tvillingarna #48) &#8211; Francine Pascal<\/li>\n\n\n\n<li>Ett barns memoarer &#8211; Anders Larsson<\/li>\n\n\n\n<li>H\u00e4mden \u00e4r ljuv (Tvillingarna p\u00e5 Sweet Valley High #4) &#8211; Francince Pascal<\/li>\n\n\n\n<li>De tysta gatorna: Dikter &#8211; Tomas Mikael B\u00e4ck<\/li>\n\n\n\n<li>Det mest f\u00f6rbjudna &#8211; Kerstin Thorvall<\/li>\n\n\n\n<li><a href=\"https:\/\/snowglitterbooks.com\/index.php\/2023\/09\/20\/arv-och-miljo-vigdis-hjorth\/\" data-type=\"URL\" data-id=\"https:\/\/snowglitterbooks.com\/index.php\/2023\/09\/20\/arv-och-miljo-vigdis-hjorth\/\">Arv och milj\u00f6 &#8211; Vigdis Hjorth<\/a><\/li>\n\n\n\n<li>H\u00e4ftigt Jolly &#8211; Ingrid Bredberg<\/li>\n\n\n\n<li><a href=\"https:\/\/snowglitterbooks.com\/index.php\/2023\/09\/21\/vaggen-marlen-haushofer\/\" data-type=\"link\" data-id=\"https:\/\/snowglitterbooks.com\/index.php\/2023\/09\/21\/vaggen-marlen-haushofer\/\">V\u00e4ggen &#8211; Marlen Haushofer<\/a><\/li>\n\n\n\n<li>Halloween-festen (Tvillingarna #83) &#8211; Francince Pascal<\/li>\n\n\n\n<li>Den hemliga historien &#8211; Donna Tartt (oml\u00e4sning)<\/li>\n\n\n\n<li>Knutar &#8211; Gunnhild \u00d8yehaug<\/li>\n\n\n\n<li>Divergent &#8211; Veronica Roth (oml\u00e4sning)<\/li>\n\n\n\n<li>Jag \u00e4r ingen m\u00f6rdare &#8211; UKON<\/li>\n\n\n\n<li>Maskrosguden &#8211; Sabine Forsblom<\/li>\n\n\n\n<li>Alls ingenting &#8211; Tomas Mikael B\u00e4ck<\/li>\n\n\n\n<li><a href=\"https:\/\/snowglitterbooks.com\/index.php\/2023\/10\/25\/studie-i-manskligt-beteende-lena-andersson\/\" data-type=\"link\" data-id=\"https:\/\/snowglitterbooks.com\/index.php\/2023\/10\/25\/studie-i-manskligt-beteende-lena-andersson\/\">Studie i m\u00e4nskligt beteende &#8211; Lena Andersson<\/a><\/li>\n\n\n\n<li>Lady Chatterlys \u00e4lskare &#8211; D.H. Lawrence<\/li>\n\n\n\n<li>Latte Igelkott och Vattenstenen &#8211; Sebastian Lybeck<\/li>\n\n\n\n<li>Sveas son &#8211; Lena Andersson<\/li>\n\n\n\n<li>Kyssen (Tvillingarna #39) &#8211; Francine Pascal<\/li>\n\n\n\n<li>Dubbelliv (Tvillingarna #63) &#8211; Francine Pascal<\/li>\n\n\n\n<li>En ny tid &#8211; Katrine Wessel-Aas<\/li>\n\n\n\n<li>En handfull stoft &#8211; Evelyn Waugh<\/li>\n\n\n\n<li>Tankel\u00e4sarna (Tvillingarna #70) &#8211; Francine Pascal<\/li>\n\n\n\n<li>N\u00e5gra ord till en ung feminist &#8211; Marianne Lindberg De Geer<\/li>\n\n\n\n<li>Orakelnatten &#8211; Paul Auster<\/li>\n\n\n\n<li>Musse &amp; Helium del 1 &#8211; Camilla Brinck<\/li>\n\n\n\n<li>Sabrina: 60 magical stories &#8211; Archie Superstars<\/li>\n\n\n\n<li><a href=\"https:\/\/snowglitterbooks.com\/index.php\/2023\/11\/15\/javla-karlar-andrev-walden\/\" data-type=\"link\" data-id=\"https:\/\/snowglitterbooks.com\/index.php\/2023\/11\/15\/javla-karlar-andrev-walden\/\">J\u00e4vla karlar &#8211; Andrev Walden<\/a><\/li>\n\n\n\n<li>Julst\u00e4dningen och d\u00f6den &#8211; Margareta Str\u00f6mstedt<\/li>\n\n\n\n<li>Under Saturnus &#8211; Johannes Edfelt<\/li>\n\n\n\n<li>Ut ur ekorrhjulet: s\u00e5 blir du ocks\u00e5 ekonomiskt fri &#8211; Oskar Lindberg<\/li>\n\n\n\n<li>Party-planer (Tvillingarna #37) &#8211; Francine Pascal<\/li>\n\n\n\n<li>Mistlar &amp; mord &#8211; P.D. James<\/li>\n\n\n\n<li>Musse &amp; Helium del 2 &#8211; Camilla Brinck<\/li>\n\n\n\n<li>Hemligheten (Tvillingarna #38) &#8211; Francine Pascal<\/li>\n\n\n\n<li>Bortr\u00f6vad (Tvillingarna #32) &#8211; Francine Pascal<\/li>\n\n\n\n<li>S<a href=\"https:\/\/snowglitterbooks.com\/index.php\/2023\/11\/21\/sniglar-och-sno-agneta-pleijel\/\" data-type=\"link\" data-id=\"https:\/\/snowglitterbooks.com\/index.php\/2023\/11\/21\/sniglar-och-sno-agneta-pleijel\/\">niglar och sn\u00f6 &#8211; Agneta Pleijel<\/a><\/li>\n\n\n\n<li>Musse &amp; Helim del 3 &#8211; Camilla Brinck<\/li>\n\n\n\n<li>Gud var min pappa men han kunde inte krama mig &#8211; Jennifer Granqvist<\/li>\n\n\n\n<li>Vad \u00e4r litteratur och vad ska man ha den till? &#8211; Ulrika Nielsen<\/li>\n\n\n\n<li>Jul\u00e4ngeln (Tvillingarna) &#8211; Francine Pascal<\/li>\n\n\n\n<li>Christmas Stories &#8211; Enid Blyton<\/li>\n\n\n\n<li>Very Merry Christmas Tales &#8211; Barbara Seuling<\/li>\n\n\n\n<li>Christmas at Thompson Hall and Other Christmas Stories &#8211; Anthony Trollope<\/li>\n\n\n\n<li>Julsp\u00f6ket (Tvillingarna) &#8211; Francine Pascal<\/li>\n\n\n\n<li>Om utr\u00e4kning av omf\u00e5ng 2 &#8211; Solvej Balle<\/li>\n\n\n\n<li>Betsy och den stora sn\u00f6stormen &#8211; Carolyn Haywood<\/li>\n\n\n\n<li>Musse och Helium del 4 &#8211; Camilla Brinck<\/li>\n\n\n\n<li>Miracle on 34th Street &#8211; Valentine Davies (oml\u00e4sning)<\/li>\n\n\n\n<li>The Woman In Me &#8211; Britney Spears<\/li>\n\n\n\n<li>Diana, d\u00f6den och jag &#8211; Anna Westphalen<\/li>\n\n\n\n<li>Musse &amp; Helium 5 &#8211; Camilla Brinck<\/li>\n\n\n\n<li>Julfesten (Tvillingarna) &#8211; Francine Pascal<\/li>\n\n\n\n<li>The Adventure of the Christmas Pudding &#8211; Agatha Christie<\/li>\n\n\n\n<li>A Christmas Carol &#8211; Charles Dickens (oml\u00e4sning)<\/li>\n\n\n\n<li>En liten r\u00f6d f\u00e5gel i juletid &#8211; Fannie Flagg<\/li>\n\n\n\n<li>A Rather Haunted Life: Shirley Jackson &#8211; Ruth Franklin<\/li>\n<\/ol>\n","protected":false},"excerpt":{"rendered":"","protected":false},"author":1,"featured_media":0,"parent":0,"menu_order":1,"comment_status":"closed","ping_status":"closed","template":"","meta":{"footnotes":""},"_links":{"self":[{"href":"https:\/\/snowglitterbooks.com\/index.php\/wp-json\/wp\/v2\/pages\/2147436342"}],"collection":[{"href":"https:\/\/snowglitterbooks.com\/index.php\/wp-json\/wp\/v2\/pages"}],"about":[{"href":"https:\/\/snowglitterbooks.com\/index.php\/wp-json\/wp\/v2\/types\/page"}],"author":[{"embeddable":true,"href":"https:\/\/snowglitterbooks.com\/index.php\/wp-json\/wp\/v2\/users\/1"}],"replies":[{"embeddable":true,"href":"https:\/\/snowglitterbooks.com\/index.php\/wp-json\/wp\/v2\/comments?post=2147436342"}],"version-history":[{"count":54,"href":"https:\/\/snowglitterbooks.com\/index.php\/wp-json\/wp\/v2\/pages\/2147436342\/revisions"}],"predecessor-version":[{"id":2147437459,"href":"https:\/\/snowglitterbooks.com\/index.php\/wp-json\/wp\/v2\/pages\/2147436342\/revisions\/2147437459"}],"wp:attachment":[{"href":"https:\/\/snowglitterbooks.com\/index.php\/wp-json\/wp\/v2\/media?parent=2147436342"}],"curies":[{"name":"wp","href":"https:\/\/api.w.org\/{rel}","templated":true}]}}