{"id":2147435432,"date":"2022-01-06T15:35:37","date_gmt":"2022-01-06T13:35:37","guid":{"rendered":"https:\/\/snowglitterbooks.com\/?page_id=2147435432"},"modified":"2022-12-29T13:35:09","modified_gmt":"2022-12-29T11:35:09","slug":"last-2022","status":"publish","type":"page","link":"https:\/\/snowglitterbooks.com\/index.php\/last-2022\/","title":{"rendered":"L\u00e4st 2022"},"content":{"rendered":"\n<ol><li><a href=\"https:\/\/snowglitterbooks.com\/index.php\/2022\/01\/06\/vagskal-jonathan-franzen\/\" data-type=\"URL\" data-id=\"https:\/\/snowglitterbooks.com\/index.php\/2022\/01\/06\/vagskal-jonathan-franzen\/\">V\u00e4gsk\u00e4l &#8211; Jonathan Franzen<\/a><\/li><li><a href=\"https:\/\/snowglitterbooks.com\/index.php\/2022\/01\/07\/torsdagsmordklubben-mannen-som-dog-tva-ganger-richard-osman\/\" data-type=\"URL\" data-id=\"https:\/\/snowglitterbooks.com\/index.php\/2022\/01\/07\/torsdagsmordklubben-mannen-som-dog-tva-ganger-richard-osman\/\">Mannen som dog tv\u00e5 g\u00e5nger &#8211; Richard Osman<\/a><\/li><li>Elva sorters ensamhet &#8211; Richard Yates<\/li><li>Mysteriet p\u00e5 Starhurst (Mary, Lou #1) &#8211; Carolyn Keene<\/li><li><a href=\"https:\/\/snowglitterbooks.com\/index.php\/2022\/01\/10\/miss-jean-brodies-basta-ar-muriel-spark\/\" data-type=\"URL\" data-id=\"https:\/\/snowglitterbooks.com\/index.php\/2022\/01\/10\/miss-jean-brodies-basta-ar-muriel-spark\/\">Miss Jean Brodies b\u00e4sta \u00e5r &#8211; Muriel Spark<\/a><\/li><li><a href=\"https:\/\/snowglitterbooks.com\/index.php\/2022\/01\/29\/janne-min-van-peter-pohl\/\" data-type=\"URL\" data-id=\"https:\/\/snowglitterbooks.com\/index.php\/2022\/01\/29\/janne-min-van-peter-pohl\/\">Min v\u00e4n Janne &#8211; Peter Pohl<\/a><\/li><li>Jag har all tid i v\u00e4rlden: egna favoriter &#8211; Claes Andersson<\/li><li>Str\u00f6ms\u00f6borna &#8211; Rosanna Fellman<\/li><li><a href=\"https:\/\/snowglitterbooks.com\/index.php\/2022\/01\/24\/jag-hoppas-du-ocksa-ar-vid-sjon-i-natt-larry-silvan\/\" data-type=\"URL\" data-id=\"https:\/\/snowglitterbooks.com\/index.php\/2022\/01\/24\/jag-hoppas-du-ocksa-ar-vid-sjon-i-natt-larry-silvan\/\">Jag hoppas du ocks\u00e5 \u00e4r vid sj\u00f6n i natt &#8211; Larry Silv\u00e1n<\/a><\/li><li>Strange Things Happen: A Life with The Police, Polo and Pygmies &#8211; Stewart Copeland<\/li><li>Sj\u00e4lvbetraktelser &#8211; Marcus Aurelius<\/li><li>Bakom f\u00f6nstret sk\u00e4lver natten &#8211; Forough Farrokhzad<\/li><li>Sommaren utan regn &#8211; Maggie O&#8217;Farrell<\/li><li>Juliane &amp; jag &#8211; Inger Edelfeldt<\/li><li>Sm\u00f6rg\u00e5sministern &#8211; Lars Nicklasson<\/li><li><a href=\"https:\/\/snowglitterbooks.com\/index.php\/2022\/02\/14\/bonjour-tristesse-francoise-sagan\/\" data-type=\"URL\" data-id=\"https:\/\/snowglitterbooks.com\/index.php\/2022\/02\/14\/bonjour-tristesse-francoise-sagan\/\">Bonjour tristesse &#8211; Francoise Sagan<\/a><\/li><li>Systrarna P och t\u00e5rt-tjuven &#8211; Lars Nicklasson<\/li><li>Duktig pojke &#8211; Inger Edelfeldt<\/li><li>Om er mamma &amp; om mig &#8211; Linda Bonde<\/li><li>Solsken &#8211; Liselotte Frisk<\/li><li><a href=\"https:\/\/snowglitterbooks.com\/index.php\/2022\/03\/07\/breven-till-nattens-drottning-inger-edelfeldt\/\" data-type=\"URL\" data-id=\"https:\/\/snowglitterbooks.com\/index.php\/2022\/03\/07\/breven-till-nattens-drottning-inger-edelfeldt\/\">Breven till  nattens drottning &#8211; Inger Edelfeldt<\/a><\/li><li>Bortom tr\u00e4den h\u00f6rs havet &#8211; Solveig von Schoultz<\/li><li>Insikt &#8211; Karin Mandelstam<\/li><li>Tulpan &#8211; Bodil Lindfors<\/li><li>En dikt om k\u00e4rlek och annat &#8211; Tua Forsstr\u00f6m<\/li><li>Och hastigt f\u00f6rst\u00e5 &#8211; Tomas Mikael B\u00e4ck<\/li><li>Kattguld &#8211; \u00c5ke Gulin<\/li><li>Akvarium &#8211; \u00c5ke Gulin<\/li><li>Samlade dikter &#8211; Edith S\u00f6dergran<\/li><li>Andh\u00e4mtning &#8211; Tomas Mikael B\u00e4ck<\/li><li>\u00d6gonblick &#8211; Lars Sund<\/li><li><a href=\"https:\/\/snowglitterbooks.com\/index.php\/2022\/02\/28\/republikens-president-tasavallan-presidentti-rosanna-fellman\/\" data-type=\"URL\" data-id=\"https:\/\/snowglitterbooks.com\/index.php\/2022\/02\/28\/republikens-president-tasavallan-presidentti-rosanna-fellman\/\">Republikens president &#8211; Tasavallan presidentti &#8211; Rosanna Fellman<\/a><\/li><li>Jolly Roger &#8211; \u00c5ke Gulin<\/li><li>Silhuett &#8211; \u00c5ker Gulin<\/li><li>Sammetsdiktaturen &#8211; Anna-Lena Laur\u00e9n<\/li><li><a href=\"https:\/\/snowglitterbooks.com\/index.php\/2022\/03\/12\/david-copperfield-charles-dickens\/\" data-type=\"URL\" data-id=\"https:\/\/snowglitterbooks.com\/index.php\/2022\/03\/12\/david-copperfield-charles-dickens\/\">David Copperfield &#8211; Charles Dickens<\/a><\/li><li><a href=\"https:\/\/snowglitterbooks.com\/index.php\/2022\/03\/21\/pollyanna-eleanor-h-porter\/\" data-type=\"URL\" data-id=\"https:\/\/snowglitterbooks.com\/index.php\/2022\/03\/21\/pollyanna-eleanor-h-porter\/\">Pollyanna &#8211; Eleanor H. Porter<\/a><\/li><li>Dagj\u00e4mning &#8211; \u00c5ke Gulin<\/li><li>Babetta &#8211; Nina W\u00e4h\u00e4<\/li><li>Barnens \u00f6 &#8211; P.C Jersild<\/li><li>Skugga och svalka &#8211; Quynh Tran<\/li><li>Medieplanering f\u00f6r folkbibliotek: objektivt, subjektivt &amp; provokativt &#8211; Mona Quick<\/li><li>Nu, imorgon! &#8211; Annika Thor<\/li><li>Hangsaman &#8211; Shirley Jackson<\/li><li><a href=\"https:\/\/snowglitterbooks.com\/index.php\/2022\/04\/06\/spadomen-agneta-pleijel\/\" data-type=\"URL\" data-id=\"https:\/\/snowglitterbooks.com\/index.php\/2022\/04\/06\/spadomen-agneta-pleijel\/\">Sp\u00e5domen &#8211; Agneta Pleijel<\/a><\/li><li>Doften av en man &#8211; Agneta Pleijel<\/li><li><a href=\"https:\/\/snowglitterbooks.com\/index.php\/2022\/04\/10\/tingen-ulrika-nielsen\/\" data-type=\"URL\" data-id=\"https:\/\/snowglitterbooks.com\/index.php\/2022\/04\/10\/tingen-ulrika-nielsen\/\">Tingen &#8211; Ulrika Nielsen<\/a><\/li><li>Tragedi p\u00e5 en lantkyrkog\u00e5rd &#8211; Maria Lang<\/li><li><a href=\"https:\/\/snowglitterbooks.com\/index.php\/2022\/04\/16\/blandad-av-dod-och-karlek-130-ar-finlandssvensk-poesi\/\" data-type=\"URL\" data-id=\"https:\/\/snowglitterbooks.com\/index.php\/2022\/04\/16\/blandad-av-dod-och-karlek-130-ar-finlandssvensk-poesi\/\">Bl\u00e4ndad av d\u00f6d och k\u00e4rlek: 130 \u00e5r av finlandssvensk poesi<\/a><\/li><li>Korta texter om det \u00f6ppna och ouppklarade &#8211; Ulrika Nielsen<\/li><li>Klanger och sp\u00e5r &#8211; Tomas Transtr\u00f6mer<\/li><li>17 dikter &#8211; Tomas Transtr\u00f6mer<\/li><li>Natten har djup f\u00f6r oss alla &#8211; G\u00f6sta \u00c5gren<\/li><li>Hemligheter p\u00e5 v\u00e4gen &#8211; Tomas Transtr\u00f6mer<\/li><li><a href=\"https:\/\/snowglitterbooks.com\/index.php\/2022\/05\/06\/radhusdisco-morgan-larsson\/\" data-type=\"URL\" data-id=\"https:\/\/snowglitterbooks.com\/index.php\/2022\/05\/06\/radhusdisco-morgan-larsson\/\">Radhusdisco &#8211; Morgan Larsson<\/a><\/li><li><a href=\"https:\/\/snowglitterbooks.com\/index.php\/2022\/04\/28\/rapport-fran-en-skurhink-maja-ekelof\/\" data-type=\"URL\" data-id=\"https:\/\/snowglitterbooks.com\/index.php\/2022\/04\/28\/rapport-fran-en-skurhink-maja-ekelof\/\">Rapport fr\u00e5n en skurhink &#8211; Maja Ekel\u00f6f<\/a><\/li><li>Ur moderlivet &#8211; Carita Nystr\u00f6m<\/li><li>L\u00e5nga vandring &#8211; Birgitta Boucht<\/li><li>Jag st\u00e5r h\u00e4r och stryker &#8211; Tillie Olsen<\/li><li>22\/11\/1963 &#8211; Stephen King (oml\u00e4sning)<\/li><li>Skuggorna i spegeln &#8211; Inger Edelfeldt<\/li><li>SCUM manifest &#8211; Valerie Solanas<\/li><li><a href=\"https:\/\/snowglitterbooks.com\/index.php\/2022\/05\/12\/vi-minns-50-talet-en-nostalgitripp-andreas-nyberg\/\" data-type=\"URL\" data-id=\"https:\/\/snowglitterbooks.com\/index.php\/2022\/05\/12\/vi-minns-50-talet-en-nostalgitripp-andreas-nyberg\/\">Vi minns 50-talet &#8211; Andreas Nyberg<\/a><\/li><li>Ys\u00e4rikirja &#8211; Essi Huuhka, Aino Tormulainen<\/li><li>The Happy House Children &#8211; Enid Blyton<\/li><li>Dr\u00f6mfakulteten &#8211; Sara Stridsberg<\/li><li>S\u00e4msta t\u00e4nkbara s\u00e4llskap: dikter &#8211; Birgitta Boucht<\/li><li><a href=\"https:\/\/snowglitterbooks.com\/index.php\/2022\/06\/05\/allt-blir-bra-carolina-setterwall\/\" data-type=\"URL\" data-id=\"https:\/\/snowglitterbooks.com\/index.php\/2022\/06\/05\/allt-blir-bra-carolina-setterwall\/\">Allt blir bra &#8211; Carolina Setterwall<\/a><\/li><li>Tonis f\u00f6rsta deckarjobb &#8211; Rebecca Roos<\/li><li>Elden \u00e4r l\u00f6s Toni &#8211; Rebecca Roos<\/li><li>Hundstj\u00e4rnan &#8211; Agneta Pleijel<\/li><li>Thornhill &#8211; Pam Smy<\/li><li>M\u00e5naderna &#8211; Leif Nyl\u00e9n<\/li><li><a href=\"https:\/\/snowglitterbooks.com\/index.php\/2022\/06\/25\/kaffe-med-mjolk-ella-maria-nutti\/\" data-type=\"URL\" data-id=\"https:\/\/snowglitterbooks.com\/index.php\/2022\/06\/25\/kaffe-med-mjolk-ella-maria-nutti\/\">Kaffe med mj\u00f6lk &#8211; Ella-Maria Nutti<\/a><\/li><li>M\u00f6rk\u00f6gda augustinatt &#8211; Maria Lang<\/li><li>Detaljerna &#8211; Ia Genberg<\/li><li>Dikter f\u00f6r d\u00f6ende vilsna och d\u00f6ende veka stolta och sk\u00f6na &#8211; Charles Bukowski<\/li><li>En fantastisk uppt\u00e4ckt av Hugo Cabret &#8211; Brian Selznick<\/li><li><a href=\"https:\/\/snowglitterbooks.com\/index.php\/2022\/07\/08\/dodssynden-harper-lee\/\" data-type=\"URL\" data-id=\"https:\/\/snowglitterbooks.com\/index.php\/2022\/07\/08\/dodssynden-harper-lee\/\">D\u00f6dssynden &#8211; Harper Lee<\/a><\/li><li>Hoppsan, Jolly &#8211; Ingrid Bredberg<\/li><li><a href=\"https:\/\/snowglitterbooks.com\/index.php\/2022\/07\/07\/vinder-vander-pa-trollskar-carina-wolff-brandt\/\" data-type=\"URL\" data-id=\"https:\/\/snowglitterbooks.com\/index.php\/2022\/07\/07\/vinder-vander-pa-trollskar-carina-wolff-brandt\/\">Vinden v\u00e4nder p\u00e5 Trollsk\u00e4r &#8211; Carina Wolff-Brandt<\/a><\/li><li>Familjen Bliss magiska bageri &#8211; Kathryn Littlewood<\/li><li>Nemi #5 &#8211; Lise Myhre (oml\u00e4sning)<\/li><li>Aliide, Aliide &#8211; Mare Kandre<\/li><li><a href=\"https:\/\/snowglitterbooks.com\/index.php\/2022\/06\/30\/i-fiskarnas-tecken-melissa-broder\/\" data-type=\"URL\" data-id=\"https:\/\/snowglitterbooks.com\/index.php\/2022\/06\/30\/i-fiskarnas-tecken-melissa-broder\/\">I fiskarnas tecken &#8211; Melissa Broder<\/a><\/li><li>Gafrield: Fat cat 3-pack &#8211; Jim Davis<\/li><li>Motborgare &#8211; Otto Gabrielsson<\/li><li>Vildhavre: sista brevet till pappa &#8211; Otto Gabrielsson<\/li><li>Den lilla sj\u00f6jungfrun &#8211; H.C. Andersen<\/li><li>Genom sprickorna i v\u00e5rt ansikte &#8211; Claes Andersson<\/li><li>Madison Finn #9: Sommark\u00e4rlek &#8211; Laura Dower<\/li><li>Solen d\u00e5nar p\u00e5 &#8211; Bosse Hellsten<\/li><li><a href=\"https:\/\/snowglitterbooks.com\/index.php\/2022\/07\/10\/efter-morkrets-inbrott-haruki-murakami\/\" data-type=\"URL\" data-id=\"https:\/\/snowglitterbooks.com\/index.php\/2022\/07\/10\/efter-morkrets-inbrott-haruki-murakami\/\">Efter m\u00f6rkrets inbrott &#8211; Haruki Murakami<\/a><\/li><li>Tigerhajen &#8211; Ulla Trenter<\/li><li>Heartstopper &#8211; Alice Oseman<\/li><li><a href=\"https:\/\/snowglitterbooks.com\/index.php\/2022\/07\/16\/samtidigt-finland-och-omvarld-1968-henrik-meinander\/\" data-type=\"URL\" data-id=\"https:\/\/snowglitterbooks.com\/index.php\/2022\/07\/16\/samtidigt-finland-och-omvarld-1968-henrik-meinander\/\">Samtidigt &#8211; Finland och omv\u00e4rld 1968 &#8211; Henrik Meinander<\/a><\/li><li>G\u00e5 med mig till h\u00f6rnet &#8211; Anneli Furmark<\/li><li>Jag ska g\u00f6ra dig s\u00e5 lycklig &#8211; Anne B. Radger<\/li><li>Sun Down Motel &#8211; Simone St. James<\/li><li>Untold night and day &#8211; Bae Suah<\/li><li>Underg\u00e5ngen &#8211; Ulrika Nielsen<\/li><li>Madison Finn #1: Kompisar p\u00e5 n\u00e4tet &#8211; Laura Dower<\/li><li>Tiara &amp; Dr. Martens &#8211; Meg Cabot<\/li><li>Someday Jennifer &#8211; Risto Pakarinen (oml\u00e4sning)<\/li><li>Harry Potter och de vises sten &#8211; J.K. Rowling (oml\u00e4sning)<\/li><li>Pluggh\u00e4sten Sune &#8211; S\u00f6ren Olsson, Anders Jacobsson<\/li><li>Heartstopper #2 &#8211; Alice Oseman<\/li><li><a href=\"https:\/\/snowglitterbooks.com\/index.php\/2022\/09\/18\/den-tata-elden-inger-edelfeldt\/\" data-type=\"URL\" data-id=\"https:\/\/snowglitterbooks.com\/index.php\/2022\/09\/18\/den-tata-elden-inger-edelfeldt\/\">Den t\u00e4ta elden &#8211; Inger Edelfedt<\/a><\/li><li>Harry Potter och Hemligheternas kammare &#8211; J.K. Rowling (oml\u00e4sning)<\/li><li>The Princess&#8217; Diaries 2: Take two &#8211; Meg Cabot<\/li><li>H\u00e4xduellen &#8211; Diana G. Gallagher<\/li><li><a href=\"https:\/\/snowglitterbooks.com\/index.php\/2022\/09\/27\/den-tatuerade-mamman-jacqueline-wilson\/\" data-type=\"URL\" data-id=\"https:\/\/snowglitterbooks.com\/index.php\/2022\/09\/27\/den-tatuerade-mamman-jacqueline-wilson\/\">Den tatuerade mamman &#8211; Jacqueline Wilson<\/a><\/li><li><a href=\"https:\/\/snowglitterbooks.com\/index.php\/2022\/09\/26\/slakthus-5-kurt-vonnegut\/\" data-type=\"URL\" data-id=\"https:\/\/snowglitterbooks.com\/index.php\/2022\/09\/26\/slakthus-5-kurt-vonnegut\/\">Slakthus 5 &#8211; Kurt Vonnegut<\/a><\/li><li>Me halusimme kaiken: 1980-luvun historiaa &#8211; Minan Sarantola-Weiss<\/li><li>Heja Lotta! &#8211; Merri Vik<\/li><li><a href=\"https:\/\/snowglitterbooks.com\/index.php\/2022\/10\/03\/my-best-friends-exorcism-grady-hendrix\/\" data-type=\"URL\" data-id=\"https:\/\/snowglitterbooks.com\/index.php\/2022\/10\/03\/my-best-friends-exorcism-grady-hendrix\/\">My Best Friend&#8217;s Exorcism &#8211; Grady Hendrix<\/a><\/li><li>Alla mina dagar &#8211; Gerda Antti<\/li><li>Heartstoppper #3 &#8211; Alice Oseman<\/li><li>Hem &#8211; Karin Erlandsson<\/li><li>Vilka tabbar, Jolly &#8211; Ingrid Bredenberg (oml\u00e4sning)<\/li><li><a href=\"https:\/\/snowglitterbooks.com\/index.php\/2022\/10\/19\/sinnenas-tid-annie-ernaux\/\" data-type=\"URL\" data-id=\"https:\/\/snowglitterbooks.com\/index.php\/2022\/10\/19\/sinnenas-tid-annie-ernaux\/\">Sinnenas tid &#8211; Annie Ernaux<\/a><\/li><li><a href=\"https:\/\/snowglitterbooks.com\/index.php\/2022\/10\/17\/hus-av-glas-louise-penny\/\" data-type=\"URL\" data-id=\"https:\/\/snowglitterbooks.com\/index.php\/2022\/10\/17\/hus-av-glas-louise-penny\/\">Hus av glas &#8211; Louise Penny<\/a><\/li><li>En flickas memoarer &#8211; Annie Ernaux<\/li><li>Rosemarys baby &#8211; Ira Levin<\/li><li>70-luku tarjottimella &#8211; Christina Aaltio, Minna Sarantola-Weiss, Kirsi Warpula<\/li><li>Stad av glas &#8211; Paul Auster<\/li><li>Madison Finn #2: Killvarning &#8211; Laura Dower<\/li><li>Reilusti ruskeaa &#8211; Minna Sarantola-Weiss<\/li><li>K\u00f6rsb\u00e4r i november &#8211; Maria Lang<\/li><li>Nietzsche &#8211; i urval &#8211; Freidrich Nietzche<\/li><li><a href=\"https:\/\/snowglitterbooks.com\/index.php\/2022\/11\/17\/the-mother-of-all-christmases-milly-johnson\/\" data-type=\"URL\" data-id=\"https:\/\/snowglitterbooks.com\/index.php\/2022\/11\/17\/the-mother-of-all-christmases-milly-johnson\/\">The Mother of All Christmases &#8211; Milly Johnson<\/a><\/li><li>Madison Finn #3: Stackars mig &#8211; Laura Dower<\/li><li>Madison Finn #5: Insn\u00f6ad &#8211; Laura Dower (oml\u00e4sning)<\/li><li><a href=\"https:\/\/snowglitterbooks.com\/index.php\/2022\/11\/28\/lyckans-hus-jessie-burton\/\" data-type=\"URL\" data-id=\"https:\/\/snowglitterbooks.com\/index.php\/2022\/11\/28\/lyckans-hus-jessie-burton\/\">Lyckans hus &#8211; Jessie Burton<\/a><\/li><li>Jag l\u00e4mnar ekkorhjulet &#8211; \u00c5sa Axelson<\/li><li>Tussi p\u00e5 vinterlov &#8211; Ester Ringn\u00e9r-Lundgren<\/li><li>Tvillingarna: F\u00f6rvandlingen &#8211; Francine Pascal<\/li><li>Skratt-Maja har sportlov &#8211; Ebba Edskog<\/li><li><a href=\"https:\/\/snowglitterbooks.com\/index.php\/2022\/12\/22\/en-julsaga-i-stowford-anne-marie-ryan\/\">En julsaga i Stowford &#8211; Anne Marie Ryan<\/a><\/li><li>Miracle on 34th Street &#8211; Valentine Davies<\/li><li>Julbocken och andra julsagor &#8211; Ilon Wikland m.fl.<\/li><li>Dj\u00e4vulsgreppet &#8211; Lina Wolff<\/li><li>The Life and Adventures of Santa Clause &#8211; L. Frank Baum<\/li><li>Lucky Luke: Billy the kid &#8211; Morris<\/li><li>Advent &#8211; Gunnar Gunnarsson<\/li><li>Ur spalterna: Dikter &#8211; Carl v. Diederichs<\/li><li>Om m\u00f6rker \u00e4r allt &#8211; Mauritz Nylund<\/li><li>Den st\u00f6rsta g\u00e5van &#8211; Richard Paul Evans<\/li><li>Maken &#8211; Gun-Britt Sundstr\u00f6m<\/li><li>Dikter &#8211; Anna Achmatova<\/li><li>En kvinnas sj\u00e4l &#8211; Isabel Allende<\/li><li>Tomtefar tar jullov &#8211; Mauri Kunnas<\/li><li>Tomtefar och trolltrumman &#8211; Mauri Kunnas<\/li><\/ol>\n","protected":false},"excerpt":{"rendered":"<p>V\u00e4gsk\u00e4l &#8211; Jonathan Franzen Mannen som dog tv\u00e5 g\u00e5nger &#8211; Richard Osman Elva sorters ensamhet &#8211; Richard Yates Mysteriet p\u00e5 Starhurst (Mary, Lou #1) &#8211; Carolyn Keene Miss Jean Brodies b\u00e4sta \u00e5r &#8211; Muriel Spark Min v\u00e4n Janne &#8211; Peter Pohl Jag har all tid i v\u00e4rlden: egna favoriter &#8211; Claes Andersson Str\u00f6ms\u00f6borna &#8211; Rosanna [&hellip;]<\/p>\n","protected":false},"author":1,"featured_media":0,"parent":0,"menu_order":0,"comment_status":"closed","ping_status":"closed","template":"","meta":{"footnotes":""},"_links":{"self":[{"href":"https:\/\/snowglitterbooks.com\/index.php\/wp-json\/wp\/v2\/pages\/2147435432"}],"collection":[{"href":"https:\/\/snowglitterbooks.com\/index.php\/wp-json\/wp\/v2\/pages"}],"about":[{"href":"https:\/\/snowglitterbooks.com\/index.php\/wp-json\/wp\/v2\/types\/page"}],"author":[{"embeddable":true,"href":"https:\/\/snowglitterbooks.com\/index.php\/wp-json\/wp\/v2\/users\/1"}],"replies":[{"embeddable":true,"href":"https:\/\/snowglitterbooks.com\/index.php\/wp-json\/wp\/v2\/comments?post=2147435432"}],"version-history":[{"count":64,"href":"https:\/\/snowglitterbooks.com\/index.php\/wp-json\/wp\/v2\/pages\/2147435432\/revisions"}],"predecessor-version":[{"id":2147436289,"href":"https:\/\/snowglitterbooks.com\/index.php\/wp-json\/wp\/v2\/pages\/2147435432\/revisions\/2147436289"}],"wp:attachment":[{"href":"https:\/\/snowglitterbooks.com\/index.php\/wp-json\/wp\/v2\/media?parent=2147435432"}],"curies":[{"name":"wp","href":"https:\/\/api.w.org\/{rel}","templated":true}]}}