{"id":2147434671,"date":"2021-08-19T11:40:54","date_gmt":"2021-08-19T09:40:54","guid":{"rendered":"https:\/\/snowglitterbooks.com\/?page_id=2147434671"},"modified":"2024-06-24T06:35:54","modified_gmt":"2024-06-24T04:35:54","slug":"2147434671-2","status":"publish","type":"page","link":"https:\/\/snowglitterbooks.com\/index.php\/2147434671-2\/","title":{"rendered":"L\u00e4sta klassiker"},"content":{"rendered":"\n<div class=\"wp-block-group is-layout-flow wp-block-group-is-layout-flow\"><div class=\"wp-block-group__inner-container\"><\/div><\/div>\n\n\n\n<p><br><em>1984 <\/em>av George Orwell<br><em>A Merry Christmas and Other Christmas Stories<\/em> av Louisa May Alcott<br><em>Anna Karenina <\/em>av Leo Tolstoj<br><em>Annie <\/em>av Leonore Fleischer<br><em>Anne p\u00e5 Gr\u00f6nkulla<\/em> av L.M. Montgomery<br><em>David Copperfield<\/em> av Charles Dickens<br><em>Den allvarsamma leken <\/em>av Hjalmar S\u00f6derberg<br><em>Den lilla sj\u00f6jungfrun<\/em> av H.C. Andersen<br><em>Den unge Werthers lidanden <\/em>&#8211; Johann Wolfgang von Goethe<br><em>Det lilla huset i Stora skogen<\/em> av Laura Ingalls Wilder<br><em>Doktor Glas<\/em> av Hjalmar S\u00f6derberg<br><em>Dorian Grays portr\u00e4tt<\/em> av Oscar Wilde<br><em>Emily<\/em>-b\u00f6ckerna (4) av L.M. Montgomery<br><em>Emma<\/em> av Jane Austen<br><em>Eugen Onegin<\/em> av Alexandr Pushjkin<br><em>Fantomen p\u00e5 Operan<\/em> av Gaston Leroux<br><em>Jane Eyre<\/em> av Charlotte Bront\u00eb<br><em>K\u00f6rsb\u00e4rstr\u00e4dg\u00e5rden <\/em>av Anton Tjechov<br><em>Lady Chatterlys \u00e4lskare<\/em> av D.H. Lawerence<br><em>Mary Poppins<\/em> av P.L. Travers<br><em>Nalle Puh<\/em> av A.A. Milne<br><em>N\u00e4r skruven dras \u00e5t <\/em>av Henry James<br><em>Orlando<\/em> av Virginia Woolf<br><em>Pollyanna<\/em> av Eleanor H. Porter<br><em>Sp\u00f6ket p\u00e5 Canterville<\/em> av Oscar Wilde<br><em>Svindlande h\u00f6jder <\/em>av Emily Bront\u00eb<br><em>Stolthet och f\u00f6rdom<\/em> av Jane Austen<br><em>The Life and Adventures of Santa Claus <\/em>av Frank L. Baum<br><em>R\u00e4ddaren i n\u00f6den<\/em> av J.D. Salinger<br><em>Unga kvinnor<\/em> av Louisa May Alcott<br><em>Walden <\/em>av Henry David Thoreau<\/p>\n\n\n\n<figure class=\"wp-block-image is-resized is-style-rounded\"><img decoding=\"async\" loading=\"lazy\" width=\"504\" height=\"331\" src=\"https:\/\/snowglitterbooks.com\/wp-content\/uploads\/2021\/08\/Book.png\" alt=\"\" class=\"wp-image-2147434866\" style=\"width:338px;height:222px\" srcset=\"https:\/\/snowglitterbooks.com\/wp-content\/uploads\/2021\/08\/Book.png 504w, https:\/\/snowglitterbooks.com\/wp-content\/uploads\/2021\/08\/Book-300x197.png 300w\" sizes=\"(max-width: 504px) 100vw, 504px\" \/><\/figure>\n\n\n\n<p><strong>Moderna klassiker:<\/strong><br><em>Den hemliga historien <\/em>av Donna Tartt<br><em>Den gamle och havet<\/em> av Ernest Hemingway<br><em>D\u00f6dssynden <\/em>av Harper Lee<br><em>En man med m\u00e5nga talanger <\/em>av Patricia Highsmith<br><em>Ett veck i tiden <\/em>av Madeleine L&#8217;Engle<br><em>Fr\u00e4mlingen<\/em> av Albert Camus<br><em>F\u00e5glarna och andra noveller<\/em> av Daphne du Maurier<br><em>Harry Potter-<\/em>b\u00f6ckerna av J.K. Rowling<br><em>Hems\u00f6kelsen p\u00e5 Hill House<\/em> av Shirley Jackson<br><em>Hundra \u00e5r av ensamhet <\/em>av Gabriel Garc\u00eda M\u00e1rquez<br><em>Giovannis rum <\/em>av James Baldwin<br><em>Glaskupan<\/em> av Sylvia Plath<br><em>Liftarens guide till galaxen <\/em>av Douglas Adams<br><em>Mumin-<\/em>b\u00f6ckerna av Tove Jansson<br><em>Rebecca <\/em>av Daphne du Maurier<br><em>Revolutionary Road<\/em> av Richard Yates<br><em>Rosemarys baby<\/em> av Ira Levin<br><em>Sagan om ringen<\/em> av J.R.R. Tolkien<br><em>Sagan om de tv\u00e5 tornen<\/em> av J.R.R. Tolkien<br><em>Slakthus 5 <\/em>av Kurt Vonnegut<br><em>Tj\u00e4narinnans ber\u00e4ttelse<\/em> av Margaret Atwood<br><em>The Shining<\/em> av Stephen King<br><em>Vi har alltid bott p\u00e5 slottet <\/em>av Shirley Jackson<br><em>\u00c5terstoden av dagen<\/em> av Kazuo Ishiguro<\/p>\n","protected":false},"excerpt":{"rendered":"<p>1984 av George OrwellA Merry Christmas and Other Christmas Stories av Louisa May AlcottAnna Karenina av Leo TolstojAnnie av Leonore FleischerAnne p\u00e5 Gr\u00f6nkulla av L.M. MontgomeryDavid Copperfield av Charles DickensDen allvarsamma leken av Hjalmar S\u00f6derbergDen lilla sj\u00f6jungfrun av H.C. AndersenDen unge Werthers lidanden &#8211; Johann Wolfgang von GoetheDet lilla huset i Stora skogen av Laura [&hellip;]<\/p>\n","protected":false},"author":1,"featured_media":0,"parent":0,"menu_order":0,"comment_status":"closed","ping_status":"closed","template":"","meta":{"footnotes":""},"_links":{"self":[{"href":"https:\/\/snowglitterbooks.com\/index.php\/wp-json\/wp\/v2\/pages\/2147434671"}],"collection":[{"href":"https:\/\/snowglitterbooks.com\/index.php\/wp-json\/wp\/v2\/pages"}],"about":[{"href":"https:\/\/snowglitterbooks.com\/index.php\/wp-json\/wp\/v2\/types\/page"}],"author":[{"embeddable":true,"href":"https:\/\/snowglitterbooks.com\/index.php\/wp-json\/wp\/v2\/users\/1"}],"replies":[{"embeddable":true,"href":"https:\/\/snowglitterbooks.com\/index.php\/wp-json\/wp\/v2\/comments?post=2147434671"}],"version-history":[{"count":42,"href":"https:\/\/snowglitterbooks.com\/index.php\/wp-json\/wp\/v2\/pages\/2147434671\/revisions"}],"predecessor-version":[{"id":2147437575,"href":"https:\/\/snowglitterbooks.com\/index.php\/wp-json\/wp\/v2\/pages\/2147434671\/revisions\/2147437575"}],"wp:attachment":[{"href":"https:\/\/snowglitterbooks.com\/index.php\/wp-json\/wp\/v2\/media?parent=2147434671"}],"curies":[{"name":"wp","href":"https:\/\/api.w.org\/{rel}","templated":true}]}}