{"id":2147433757,"date":"2021-01-10T07:54:47","date_gmt":"2021-01-10T05:54:47","guid":{"rendered":"https:\/\/snowglitterbooks.com\/?page_id=2147433757"},"modified":"2022-01-11T15:21:51","modified_gmt":"2022-01-11T13:21:51","slug":"last-2021","status":"publish","type":"page","link":"https:\/\/snowglitterbooks.com\/index.php\/last-2021\/","title":{"rendered":"L\u00e4st 2021"},"content":{"rendered":"\n<ol><li><a href=\"https:\/\/snowglitterbooks.com\/index.php\/2021\/01\/14\/mysteriet-pa-asthall-jessica-fellowes\/\">Mysteriet p\u00e5 Asthall &#8211; Jessica Fellowes<\/a><\/li><li><a href=\"https:\/\/snowglitterbooks.com\/index.php\/2021\/01\/16\/mary-poppins-p-l-travers\/\">Mary Poppins &#8211; P.L. Travers<\/a><\/li><li><a href=\"https:\/\/snowglitterbooks.com\/index.php\/2021\/01\/17\/rebecca-daphne-du-maurier\/\">Rebecca &#8211; Daphne du Maurier<\/a><\/li><li><a href=\"https:\/\/snowglitterbooks.com\/index.php\/2021\/01\/20\/station-elva-emily-st-john-mandel\/\">Station Elva &#8211; Emily St. John Mandel<\/a><\/li><li><a href=\"https:\/\/snowglitterbooks.com\/index.php\/2021\/01\/26\/honungsbiets-hemliga-liv-sue-monk-kidd\/\">Honungsbiets hemliga liv &#8211; Sue Monk Kidd<\/a><\/li><li><a href=\"https:\/\/snowglitterbooks.com\/index.php\/2021\/01\/28\/underdog-torbjorn-flygt\/\">Underdog &#8211; Torbj\u00f6rn Flygt<\/a><\/li><li><a href=\"https:\/\/snowglitterbooks.com\/index.php\/2021\/02\/02\/hotell-sista-chansen-nicki-thornton\/\">Hotell sista chansen &#8211; Nicki Thornton<\/a><\/li><li><a href=\"https:\/\/snowglitterbooks.com\/index.php\/2021\/02\/24\/emily-emily-och-hennes-vanner-emily-pa-egna-vagar-emily-gor-sitt-val-l-m-montgomery\/\">Emily &#8211; L.M. Montgomery<\/a><\/li><li><a href=\"https:\/\/snowglitterbooks.com\/index.php\/2021\/02\/24\/emily-emily-och-hennes-vanner-emily-pa-egna-vagar-emily-gor-sitt-val-l-m-montgomery\/\">Emily och hennes v\u00e4nner &#8211; L.M. Montgomery<\/a><\/li><li><a href=\"https:\/\/snowglitterbooks.com\/index.php\/2021\/02\/24\/emily-emily-och-hennes-vanner-emily-pa-egna-vagar-emily-gor-sitt-val-l-m-montgomery\/\">Emily p\u00e5 egna v\u00e4gar &#8211; L.M. Montgomery<\/a><\/li><li><a href=\"https:\/\/snowglitterbooks.com\/index.php\/2021\/02\/24\/emily-emily-och-hennes-vanner-emily-pa-egna-vagar-emily-gor-sitt-val-l-m-montgomery\/\">Emily g\u00f6r sitt val &#8211; L.M. Montgomery<\/a><\/li><li><a href=\"https:\/\/snowglitterbooks.com\/index.php\/2021\/02\/10\/om-sno-och-guld-inger-edelfeldt\/\">Om sn\u00f6 och guld &#8211; Inger Edelfeldt<\/a><\/li><li><a href=\"https:\/\/snowglitterbooks.com\/index.php\/2021\/02\/21\/hollowpox-jessica-townsend\/\">Hollowpox &#8211; Jessica Townsend<\/a><\/li><li><a href=\"https:\/\/snowglitterbooks.com\/index.php\/2021\/02\/16\/tant-gredelins-vintage-anna-lena-stalnacke\/\">Tant Gredelins vintage &#8211; Anna Lena St\u00e5lnacke<\/a><\/li><li>Prins Charles k\u00e4nsla &#8211; Liv Str\u00f6mquist<\/li><li>Skriv upp det, Lotta! &#8211; Merri Vik<\/li><li>Det \u00e4r Lotta, f\u00f6rst\u00e5s! &#8211; Merri vik<\/li><li>Ja, se, Lotta! &#8211; Merri Vik<\/li><li><a href=\"https:\/\/snowglitterbooks.com\/index.php\/2021\/02\/28\/en-giftig-skandal-kristina-appelqvist\/\">En giftig skandal &#8211; Kristina Appelqvist<\/a><\/li><li>Lotta \u00e4r sig lik &#8211; Merri Vik<\/li><li>D\u00f6d bland de d\u00f6da &#8211; H.K. R\u00f6nblom<\/li><li><a href=\"https:\/\/snowglitterbooks.com\/index.php\/2021\/03\/06\/anteckningar-fran-en-orolig-planet-matt-haig\/\">Anteckningar fr\u00e5n en orolig planet &#8211; Matt Haig<\/a><\/li><li><a href=\"https:\/\/snowglitterbooks.com\/index.php\/2021\/03\/18\/den-hemliga-tradgarden-frances-hodgson-burnett\/\">Den hemliga tr\u00e4dg\u00e5rden &#8211; Frances Hodgson Burnett<\/a><\/li><li>Sk\u00e4rp dig, Lotta! &#8211; Merri Vik<\/li><li>S\u00e4g inget om Lydia &#8211; Celeste Ng<\/li><li>Lotta sl\u00e5r till &#8211; Merri Vik<\/li><li>Det h\u00e4r \u00e4r hj\u00e4rtat &#8211; Bodil Malmsten<\/li><li><a href=\"https:\/\/snowglitterbooks.com\/index.php\/2021\/03\/21\/sma-gladjeamnen-clare-chambers\/\">Sm\u00e5 gl\u00e4dje\u00e4mnen &#8211; Claire Chambers<\/a><\/li><li><a href=\"https:\/\/snowglitterbooks.com\/index.php\/2021\/03\/19\/presens-maskin-gunnhild-oyehaug\/\">Presens maskin &#8211; Gunnhild \u00d8yehaug<\/a><\/li><li>Fara p\u00e5 taket Lotta! &#8211; Merri Vik<\/li><li>Lilla nostalgiboken 50-talet &#8211; Annica Triberg<\/li><li>Lilla nostalgiboken 60-talet &#8211; Annica Triberg<\/li><li>Lilla nostalgiboken 70-talet &#8211; Annica Triberg<\/li><li>Lilla nostalgiboken 80-talet &#8211; Annica Triberg<\/li><li>Fr\u00e4mlingen &#8211; Elly Griffiths<\/li><li>Efter att ha tillbringat en natt bland h\u00e4star &#8211; Tua Forsstr\u00f6m<\/li><li><a href=\"https:\/\/snowglitterbooks.com\/index.php\/2021\/03\/25\/hokus-pokus-den-lilla-haxan-fabian-goranson\/\">Hokus Pokus &#8211; den lilla h\u00e4xan &#8211; Fabian G\u00f6ranson<\/a><\/li><li>Vild iris &#8211; Louise Gl\u00fcck<\/li><li>Einsteins nya fru &#8211; Liv Str\u00f6mquist<\/li><li>Vilken skiva, Lotta! &#8211; Merri Vik<\/li><li><a href=\"https:\/\/snowglitterbooks.com\/index.php\/2021\/03\/26\/igar-agota-kristof\/\">Ig\u00e5r &#8211; \u00c1gota Krist\u00f3f<\/a><\/li><li>En kv\u00e4ll i oktober rodde jag ut p\u00e5 sj\u00f6n &#8211; Tua Forsstr\u00f6m<\/li><li>Absolut nostalgi &#8211; retrofavoriter fr\u00e5n fyra decennier &#8211; Martin Borg<\/li><li><a href=\"https:\/\/snowglitterbooks.com\/index.php\/2021\/03\/29\/never-let-me-go-kazuo-ishiguro\/\">Never let me go &#8211; Kazuo Ishiguro<\/a><\/li><li><a href=\"https:\/\/snowglitterbooks.com\/index.php\/2021\/04\/01\/hokus-pokus-2-de-tre-paddorna-fabian-goranson\/\">Hokus Pokus 2 &#8211; De tre paddorna &#8211; Fabian G\u00f6ranson<\/a><\/li><li><a href=\"https:\/\/snowglitterbooks.com\/?p=2147434276\">Flickorna &#8211; Emma Cline<\/a><\/li><li><a href=\"https:\/\/snowglitterbooks.com\/index.php\/2021\/04\/08\/terapeuten-helene-flood\/\">Terapeuten &#8211; Helene Flood<\/a><\/li><li><a href=\"https:\/\/snowglitterbooks.com\/index.php\/2021\/04\/10\/sommaren-pa-park-avenue-renee-rosen\/\">Sommaren p\u00e5 Park Avenue<\/a><\/li><li><a href=\"https:\/\/snowglitterbooks.com\/index.php\/2021\/04\/17\/home-body-hemma-i-mig-rupi-kaur\/\">Home body: Hemma i mig &#8211; Rupi Kaur<\/a><\/li><li>The Doors Illustrated History &#8211; Danny Sugerman<\/li><li><a href=\"https:\/\/snowglitterbooks.com\/index.php\/2021\/04\/21\/det-ondas-vasen-louise-penny\/\">Det ondas v\u00e4sen &#8211; Louise Penny<\/a><\/li><li><a rel=\"noreferrer noopener\" href=\"https:\/\/snowglitterbooks.com\/index.php\/2021\/04\/27\/doktor-glas-hjalmar-soderberg\/\" target=\"_blank\">Doktor Glas &#8211; Hjalmar S\u00f6derberg<\/a><\/li><li><a rel=\"noreferrer noopener\" href=\"https:\/\/snowglitterbooks.com\/index.php\/2021\/04\/28\/eufori-en-roman-om-sylvia-plath-elin-cullhed\/\" target=\"_blank\">Eufori: en roman om Sylvia Plath &#8211; Elin Cullhed<\/a><\/li><li><a href=\"https:\/\/snowglitterbooks.com\/index.php\/2021\/04\/30\/de-mindre-doda-denise-mina\/\">De mindre d\u00f6da &#8211; Denise Mina<\/a><\/li><li><a href=\"https:\/\/snowglitterbooks.com\/index.php\/2021\/04\/29\/woodstock-bjorn-wickenberg-tidigare-carlsson\/\">Woodstock &#8211; Bj\u00f6rn Wickenberg<\/a><\/li><li>Rosor, kyssar och d\u00f6den &#8211; Maria Lang<\/li><li><a href=\"https:\/\/snowglitterbooks.com\/index.php\/2021\/05\/06\/samtal-fran-en-angel-guillaume-musso\/\">Samtal fr\u00e5n en \u00e4ngel &#8211; Guillaume Musso<\/a><\/li><li><a href=\"https:\/\/snowglitterbooks.com\/index.php\/2021\/05\/15\/popularmusik-fran-vittula-mikael-niemi\/\">Popul\u00e4rmusik fr\u00e5n Vittula &#8211; Mikael Niemi<\/a><\/li><li><a href=\"https:\/\/snowglitterbooks.com\/index.php\/2021\/05\/17\/bikupan-sarah-crossan\/\">Bikupan &#8211; Sarah Crossan<\/a><\/li><li><a href=\"https:\/\/snowglitterbooks.com\/index.php\/2021\/05\/12\/en-vacker-dag-tomas-bannerhed\/\">En vacker dag &#8211; Tomas Bannerhed<\/a><\/li><li><a href=\"https:\/\/snowglitterbooks.com\/index.php\/2021\/05\/19\/niceville-kathryn-stockett\/\">Niceville &#8211; Kathryn Stockett<\/a><\/li><li><a href=\"https:\/\/snowglitterbooks.com\/index.php\/2021\/05\/19\/att-overleva-en-sommar-camilla-prell-weichl\/\">Att \u00f6verleva en sommar &#8211; Camilla Prell-Weichl<\/a><\/li><li><a href=\"https:\/\/snowglitterbooks.com\/index.php\/2021\/05\/27\/vi-minns-40-talet-en-nostalgitripp-andreas-nyberg\/\">Vi minns 40-talet: en nostalgitripp &#8211; Andreas Nyberg<\/a><\/li><li>Audreyflickorna &#8211; Monika Bj\u00f6rk<\/li><li><a href=\"https:\/\/snowglitterbooks.com\/index.php\/2021\/05\/28\/athena-det-ar-aldrig-for-sent-elin-ek\/\">Athena: Det \u00e4r aldrig f\u00f6r sent! &#8211; Elin Ek<\/a><\/li><li><a href=\"https:\/\/snowglitterbooks.com\/index.php\/2021\/05\/29\/1984-george-orwell\/\">1984 &#8211; George Orwell<\/a><\/li><li><a href=\"https:\/\/snowglitterbooks.com\/index.php\/2021\/06\/09\/beautiful-creatures-kami-garcia-margaret-stohl\/\">Beautiful Creatures &#8211; Kami Garcia, Margaret Stohl<\/a><\/li><li>American Housewife &#8211; Helen Ellis<\/li><li><a href=\"https:\/\/snowglitterbooks.com\/index.php\/2021\/06\/12\/akta-er-killar-har-kommer-gud-och-hon-ar-javligt-forbannad-linda-skugge\/\">Akta er killa h\u00e4r kommer gud och hon \u00e4r j\u00e4vligt f\u00f6rbannad &#8211; Linda Skugge <\/a><\/li><li>Mary Jane &#8211; Jessica Anya Blau<\/li><li><a href=\"https:\/\/snowglitterbooks.com\/index.php\/2021\/06\/23\/tjanarinnans-berattelse-margaret-atwood\/\">Tj\u00e4narinnas ber\u00e4ttelse &#8211; Margaret Atwood<\/a><\/li><li><a href=\"https:\/\/snowglitterbooks.com\/index.php\/2021\/06\/16\/liftarens-guide-till-galaxen-del-1-douglas-adams\/\">Liftarens guide till galaxen (del 1) &#8211; Douglas Adams<\/a><\/li><li><a href=\"https:\/\/snowglitterbooks.com\/index.php\/2021\/07\/10\/vera-svansons-dagbok-for-tacoalskare-och-halloween-fantaster-moa-de-bruin\/\">Vera Svansons dagbok f\u00f6r taco\u00e4lskare och halloweenfantaster &#8211; Moa de Bruin<\/a><\/li><li><a href=\"https:\/\/snowglitterbooks.com\/index.php\/2021\/06\/21\/illuminae-amie-kaufman-jay-kristoff\/\">Illuminae &#8211; Amy Kaufman, Jay Kristoff<\/a><\/li><li><a href=\"https:\/\/snowglitterbooks.com\/index.php\/2021\/06\/28\/fem-ar-senare-rebecca-serle\/\">Fem \u00e5r senare &#8211; Rebecca Serle<\/a><\/li><li>Fantomen p\u00e5 Operan &#8211; Gaston Leroux<\/li><li><a href=\"https:\/\/snowglitterbooks.com\/index.php\/2021\/06\/30\/dorian-grays-portratt-oscar-wilde\/\">Dorian Grays portr\u00e4tt &#8211; Oscar Wilde<\/a><\/li><li>Brev till en ung poet &#8211; Rainer Maria Rilke<\/li><li>Sabrina the Teenage Witch &#8211; Tania Del Rio<\/li><li><a href=\"https:\/\/snowglitterbooks.com\/index.php\/2021\/07\/08\/en-saga-om-tidens-vasen-ruth-ozeki\/\">En saga om tidens v\u00e4sen &#8211; Ruth Ozeki<\/a><\/li><li>Nattkaf\u00e9et &#8211; Joyce Johnson<\/li><li><a href=\"https:\/\/snowglitterbooks.com\/index.php\/2021\/08\/19\/kamalas-bok-inger-edelfeldt\/\">Kamalas bok &#8211; Inger Edelfeldt<\/a><\/li><li><a href=\"https:\/\/snowglitterbooks.com\/index.php\/2021\/07\/17\/hundra-ar-av-ensamhet-gabriel-garcia-marquez\/\">Hundra \u00e5r av ensamhet &#8211; Gabriel Garc\u00eda M\u00e1rquez<\/a><\/li><li><a href=\"https:\/\/snowglitterbooks.com\/index.php\/2021\/07\/18\/lamna-varlden-bakom-dig-rumaan-alam\/\">L\u00e4mna v\u00e4rlden bakom dig &#8211; Rumaan Alam<\/a><\/li><li>Vera Svansons dagbok f\u00f6r vloggstj\u00e4rnor och lifehackberoende &#8211; Moa de Bruin<\/li><li><a href=\"https:\/\/snowglitterbooks.com\/index.php\/2021\/08\/04\/den-gamle-och-havet-ernest-hemingway\/\">Den gamle och havet &#8211; Ernest Hemingway<\/a><\/li><li><a href=\"https:\/\/snowglitterbooks.com\/index.php\/2021\/08\/07\/aterstoden-av-dagen-kazuo-ishiguro\/\">\u00c5terstoden av dagen &#8211; Kazuo Ishiguro<\/a><\/li><li>Pappa p\u00e5 s\u00f6ndag &#8211; Petter Lidbeck<\/li><li><a href=\"https:\/\/snowglitterbooks.com\/index.php\/2021\/08\/11\/anna-karenina-leo-tolstoj\/\">Anna Karenina &#8211;  Leo Tolstoj<\/a><\/li><li>P\u00e5 tal om b\u00f6cker &#8211; om bokprat och boksamtal i skola och bibliotek<\/li><li>Sp\u00f6ket p\u00e5 Canterville &#8211; Oscar Wilde<\/li><li>Sabrina the Teenage Witch &#8211; The Magic Within &#8211; Tania del Rio<\/li><li><a href=\"https:\/\/snowglitterbooks.com\/index.php\/2021\/08\/17\/dragoner-gertrud-hellbrand\/\">Dragoner &#8211; Gertrud Hellbrand<\/a><\/li><li><a href=\"https:\/\/snowglitterbooks.com\/index.php\/2021\/09\/19\/mot-san-fransisco-clara-clementine-eliasson\/\">Mot San Fransisco &#8211; Clara Clementine Eliasson<\/a><\/li><li><a href=\"https:\/\/snowglitterbooks.com\/index.php\/2021\/08\/31\/faglarna-och-andra-noveller-daphne-du-maurier\/\">F\u00e5glarna och andra noveller &#8211; Daphne du Maurier<\/a><\/li><li>Flickan i frack &#8211; Hjalmar Bergman<\/li><li>Ariel &#8211; Sylvia Plath<\/li><li>Eugen Onegin &#8211; Alexandr Pusjkin<\/li><li><a href=\"https:\/\/snowglitterbooks.com\/index.php\/2021\/09\/25\/giovannis-rum-james-baldwin\/\">Giovannis rum &#8211; James Baldwin<\/a><\/li><li>Saxat ur Starlet &#8211; Kristina \u00d6man (oml\u00e4sning)<\/li><li><a href=\"https:\/\/snowglitterbooks.com\/index.php\/2020\/11\/14\/deras-ryggar-luktade-sa-gott-asa-grennvall\/\">Deras ryggar luktade s\u00e5 gott &#8211; \u00c5sa Grennvall (oml\u00e4sning)<\/a><\/li><li>H\u00e5ll ig\u00e5ng Jolly &#8211; Ingrid Bredberg<\/li><li><a href=\"https:\/\/snowglitterbooks.com\/index.php\/2021\/09\/02\/hokus-pokus-3-den-magiska-kojan-fabian-goranson\/\">Hokus Pokus 3 &#8211; Den magiska kojan &#8211; Fabian G\u00f6ranson<\/a><\/li><li>Va skumt Jolly &#8211; Ingrid Bredberg<\/li><li>Mie &#8211; \u00c5sa Grennvall<\/li><li>Svinet &#8211; \u00c5sa Grennvall<\/li><li>Elfriede &#8211; \u00c5sa Grennvall<\/li><li>Senare &#8211; Stephen King<\/li><li>Se opp Jolly &#8211; Ingrid Bredberg<\/li><li>Vilka tabbar Jolly  &#8211; Ingrid Bredberg<\/li><li>Den vita rosen &#8211; Olga Ravn<\/li><li>Mortina och den f\u00f6rskr\u00e4ckliga kusinen &#8211; Barbara Cantini<\/li><li>Harens \u00e5r &#8211; Arto Paasilinna<\/li><li>Kolla Jolly &#8211; Ingrid Bredberg<\/li><li>Walden &#8211; Henry David Thoreau<\/li><li>Jag h\u00e5ller tiden &#8211; \u00c5sa Grennvall<\/li><li>K\u00f6r h\u00e5rt Jolly &#8211; Ingrid Bredberg<\/li><li><a href=\"https:\/\/snowglitterbooks.com\/index.php\/2021\/09\/22\/if-we-were-villains-m-l-rio\/\">If We Were Villains &#8211; M.L. Rio<\/a><\/li><li><a href=\"https:\/\/snowglitterbooks.com\/index.php\/2019\/10\/25\/en-dag-jennifer-risto-pakarinen\/\">En dag Jennifer &#8211; Riso Pakarinen (oml\u00e4sning)<\/a><\/li><li><a href=\"https:\/\/snowglitterbooks.com\/index.php\/2021\/10\/01\/maximal-nostalgi-martin-borg\/\">Maximal nostalgi &#8211; Martin Borg<\/a><\/li><li>Vad \u00e4r litteraturvetenskap? &#8211; Erik Bjerck Hagen<\/li><li>L\u00e4gg av Jolly &#8211; Ingrid Bredberg<\/li><li>Hon och han &#8211; Bo Carpelan<\/li><li><a href=\"https:\/\/snowglitterbooks.com\/index.php\/2021\/10\/21\/den-allvarsamma-leken-hjalmar-soderberg\/\" data-type=\"URL\" data-id=\"https:\/\/snowglitterbooks.com\/index.php\/2021\/10\/21\/den-allvarsamma-leken-hjalmar-soderberg\/\">Den allvarsamma leken &#8211; Hjalmar S\u00f6derberg<\/a><\/li><li><a href=\"https:\/\/snowglitterbooks.com\/index.php\/2021\/10\/12\/inferno-i-sno-marie-bengts\/\" data-type=\"URL\" data-id=\"https:\/\/snowglitterbooks.com\/index.php\/2021\/10\/12\/inferno-i-sno-marie-bengts\/\">Inferno i sn\u00f6 &#8211; Marie Bengts<\/a><\/li><li>Tuffa tag, Jolly &#8211; Ingrid Bredberg<\/li><li>Far och flyg, Jolly &#8211; Ingrid Bredberg<\/li><li><a href=\"https:\/\/snowglitterbooks.com\/index.php\/2021\/10\/25\/gentlemen-klas-ostergren\/\" data-type=\"URL\" data-id=\"https:\/\/snowglitterbooks.com\/index.php\/2021\/10\/25\/gentlemen-klas-ostergren\/\">Gentlemen &#8211; Klas \u00d6sterberg<\/a><\/li><li>Kattspionerna &#8211; Anja Gatu, Anna Nilsson<\/li><li>Sju ber\u00e4ttelser fr\u00e5n sextiotalet &#8211; Carita Nystr\u00f6m<\/li><li>Sk\u00e4rpning Jolly &#8211; Ingrid Bredberg<\/li><li><a href=\"https:\/\/snowglitterbooks.com\/index.php\/2021\/10\/23\/framlingen-albert-camus\/\" data-type=\"URL\" data-id=\"https:\/\/snowglitterbooks.com\/index.php\/2021\/10\/23\/framlingen-albert-camus\/\">Fr\u00e4mlingen &#8211; Albert Camus<\/a><\/li><li>Madison Finn: V\u00e4rsta partyt &#8211; Laura Dower<\/li><li>Madison Finn: Dr\u00f6mjobbet &#8211; Laura Dower<\/li><li><a href=\"https:\/\/snowglitterbooks.com\/index.php\/2021\/10\/31\/nidamorkur-peter-froberg-idling\/\" data-type=\"URL\" data-id=\"https:\/\/snowglitterbooks.com\/index.php\/2021\/10\/31\/nidamorkur-peter-froberg-idling\/\">Nidam\u00f6rkur &#8211; Peter Fr\u00f6berg Idling<\/a><\/li><li>Madison Finn: Insn\u00f6ad &#8211; Laura Dower<\/li><li>Sunes Halloween &#8211; S\u00f6ren Olsson, Anders Jacobsson<\/li><li>Madison Finn: Tjejerna mot killarna &#8211; Laura Dower<\/li><li><a href=\"https:\/\/snowglitterbooks.com\/index.php\/2021\/11\/04\/truly-devious-maureen-johnson\/\" data-type=\"URL\" data-id=\"https:\/\/snowglitterbooks.com\/index.php\/2021\/11\/04\/truly-devious-maureen-johnson\/\">Truly Devious &#8211; Maureen Johnson<\/a><\/li><li><a href=\"https:\/\/snowglitterbooks.com\/index.php\/2021\/11\/07\/piskan-patricia-highsmith\" data-type=\"URL\" data-id=\"https:\/\/snowglitterbooks.com\/index.php\/2021\/11\/07\/piskan-patricia-highsmith\">Piskan &#8211; Patricia Highsmith<\/a><\/li><li>Madison Finn: Perfekt som en popstj\u00e4rna &#8211; Laura Dower<\/li><li><a href=\"https:\/\/snowglitterbooks.com\/index.php\/2021\/11\/11\/sabrina-tonarshaxan-fodd-till-haxa-david-cody-weiss-bobby-jg-weiss\/\" data-type=\"URL\" data-id=\"https:\/\/snowglitterbooks.com\/index.php\/2021\/11\/11\/sabrina-tonarshaxan-fodd-till-haxa-david-cody-weiss-bobby-jg-weiss\/\">Sabrina Ton\u00e5rsh\u00e4xan: F\u00f6dd till h\u00e4xa &#8211; David Cody Weiss<\/a><\/li><li><a href=\"https:\/\/snowglitterbooks.com\/index.php\/2021\/11\/12\/som-vanner-hans-eric-hellberg\/\" data-type=\"URL\" data-id=\"https:\/\/snowglitterbooks.com\/index.php\/2021\/11\/12\/som-vanner-hans-eric-hellberg\/\">Som v\u00e4nner &#8211; Hans-Eric Hellberg<\/a><\/li><li><a href=\"https:\/\/snowglitterbooks.com\/index.php\/2021\/11\/21\/summan-av-alla-synder-louise-penny\/\" data-type=\"URL\" data-id=\"https:\/\/snowglitterbooks.com\/index.php\/2021\/11\/21\/summan-av-alla-synder-louise-penny\/\">Summan av alla synder &#8211; Louise Penny<\/a><\/li><li>Madison Finn: Ge och ta &#8211; Laura Dower<\/li><li>En man med m\u00e5nga talanger &#8211; Patricia Highsmith<\/li><li>K\u00f6rsb\u00e4rstr\u00e4dg\u00e5rden &#8211; Anton Tjechov<\/li><li>Nalle Puh &#8211; A.A. Milne<\/li><li>Larry Silv\u00e1ns dikter<\/li><li>Kram &#8211; Hans-Eric Hellberg<\/li><li>En man utan samvete &#8211; Patricia Highsmith<\/li><li><a href=\"https:\/\/snowglitterbooks.com\/index.php\/2021\/12\/06\/a-merry-christmas-and-other-christmas-stories-louisa-may-alcott\/\" data-type=\"URL\" data-id=\"https:\/\/snowglitterbooks.com\/index.php\/2021\/12\/06\/a-merry-christmas-and-other-christmas-stories-louisa-may-alcott\/\">A Merry Christmas and Other Christmas Stories &#8211; Louisa May Alcott<\/a><\/li><li><a href=\"https:\/\/snowglitterbooks.com\/index.php\/2021\/12\/01\/terapeuten-alex-michaelides\/\" data-type=\"URL\" data-id=\"https:\/\/snowglitterbooks.com\/index.php\/2021\/12\/01\/terapeuten-alex-michaelides\/\">Terapeuten &#8211; Alex Michaelides<\/a><\/li><li><a href=\"https:\/\/snowglitterbooks.com\/index.php\/2021\/12\/20\/unga-kvinnor-louisa-may-alcott\/\" data-type=\"URL\" data-id=\"https:\/\/snowglitterbooks.com\/index.php\/2021\/12\/20\/unga-kvinnor-louisa-may-alcott\/\">Unga kvinnor &#8211; Louisa May Alcott<\/a><\/li><li>Okej, Jolly &#8211; Ingrid Bredberg<\/li><li>Labyrinten &#8211; Simon St\u00e5lenhag<\/li><li>Archie: 80 years of Christmas<\/li><li><a href=\"https:\/\/snowglitterbooks.com\/index.php\/2021\/12\/17\/kan-det-har-vara-nat-jerry-seinfeld\/\" data-type=\"URL\" data-id=\"https:\/\/snowglitterbooks.com\/index.php\/2021\/12\/17\/kan-det-har-vara-nat-jerry-seinfeld\/\">Kan det h\u00e4r vara n\u00e5t? &#8211; Jerry Seinfeld<\/a><\/li><li>Hemligheten i Helmersbruk &#8211; Eva Frantz<\/li><li>Det lilla huset i Stora skogen &#8211; Laura Ingalls Wilder<\/li><li>Smart, Jolly &#8211; Ingrid Bredberg<\/li><li>Tidsresen\u00e4rens hustru &#8211; Audrey Niffenegger<\/li><li>Vid vansinnets berg vol. 1 &#8211; H.P. Lovecraft<\/li><li>Vid vansinnets berg vol. 2 &#8211; H.P. Lovecraft<\/li><li>Nell &#8211; Matilda S\u00f6dergran<\/li><li>Lilla Fridolf: samlade skratt 1960-1961<\/li><\/ol>\n","protected":false},"excerpt":{"rendered":"<p>Mysteriet p\u00e5 Asthall &#8211; Jessica Fellowes Mary Poppins &#8211; P.L. Travers Rebecca &#8211; Daphne du Maurier Station Elva &#8211; Emily St. John Mandel Honungsbiets hemliga liv &#8211; Sue Monk Kidd Underdog &#8211; Torbj\u00f6rn Flygt Hotell sista chansen &#8211; Nicki Thornton Emily &#8211; L.M. Montgomery Emily och hennes v\u00e4nner &#8211; L.M. Montgomery Emily p\u00e5 egna v\u00e4gar [&hellip;]<\/p>\n","protected":false},"author":1,"featured_media":0,"parent":0,"menu_order":0,"comment_status":"closed","ping_status":"closed","template":"","meta":{"footnotes":""},"_links":{"self":[{"href":"https:\/\/snowglitterbooks.com\/index.php\/wp-json\/wp\/v2\/pages\/2147433757"}],"collection":[{"href":"https:\/\/snowglitterbooks.com\/index.php\/wp-json\/wp\/v2\/pages"}],"about":[{"href":"https:\/\/snowglitterbooks.com\/index.php\/wp-json\/wp\/v2\/types\/page"}],"author":[{"embeddable":true,"href":"https:\/\/snowglitterbooks.com\/index.php\/wp-json\/wp\/v2\/users\/1"}],"replies":[{"embeddable":true,"href":"https:\/\/snowglitterbooks.com\/index.php\/wp-json\/wp\/v2\/comments?post=2147433757"}],"version-history":[{"count":122,"href":"https:\/\/snowglitterbooks.com\/index.php\/wp-json\/wp\/v2\/pages\/2147433757\/revisions"}],"predecessor-version":[{"id":2147435474,"href":"https:\/\/snowglitterbooks.com\/index.php\/wp-json\/wp\/v2\/pages\/2147433757\/revisions\/2147435474"}],"wp:attachment":[{"href":"https:\/\/snowglitterbooks.com\/index.php\/wp-json\/wp\/v2\/media?parent=2147433757"}],"curies":[{"name":"wp","href":"https:\/\/api.w.org\/{rel}","templated":true}]}}