{"id":2147433142,"date":"2020-01-02T11:52:12","date_gmt":"2020-01-02T09:52:12","guid":{"rendered":"https:\/\/snowglitterbooks.com\/?page_id=2147433142"},"modified":"2022-01-09T08:29:50","modified_gmt":"2022-01-09T06:29:50","slug":"last-2020","status":"publish","type":"page","link":"https:\/\/snowglitterbooks.com\/index.php\/last-2020\/","title":{"rendered":"L\u00e4st 2020"},"content":{"rendered":"\n<ol><li><a href=\"https:\/\/snowglitterbooks.com\/index.php\/2020\/01\/21\/sorceline-1-2-sylvia-douye\/\">Sorceline 1 &#8211; Sylvia Douy\u00e9<\/a><\/li><li><a href=\"https:\/\/snowglitterbooks.com\/index.php\/2020\/01\/21\/sorceline-1-2-sylvia-douye\/\">Sorceline 2 &#8211; Sylvia Douy\u00e9 <\/a><\/li><li><a href=\"https:\/\/snowglitterbooks.com\/index.php\/2020\/01\/11\/assassins-apprentice-robin-hobb\/\">Assassin&#8217;s Apprentice &#8211; Robin Hobb<\/a><\/li><li><a href=\"https:\/\/snowglitterbooks.com\/index.php\/2020\/01\/09\/vredens-gudinnor-katie-lowe\/\">Vredens gudinnor &#8211; Katie Lowe<\/a><\/li><li><a href=\"https:\/\/snowglitterbooks.com\/index.php\/2020\/01\/20\/haxan-och-lejonet-c-s-lewis\/\">H\u00e4xan och lejonet &#8211; C.S. Lewis<\/a><\/li><li>An Anonymous Girl &#8211; Greer Hendricks, Sarah Pekkanen<\/li><li>Saxat ur Starlet &#8211; Kristina \u00d6hman<\/li><li>Royal Assassin &#8211; Robin Hobb<\/li><li>Inte flera mord! &#8211; Maria Lang<\/li><li>Prostens barnbarn &#8211; Eva Bexell<\/li><li>Kalabalik hos morfar prosten &#8211; Eva Bexell<\/li><li>En skugga blott &#8211; Maria Lang<\/li><li><a href=\"https:\/\/snowglitterbooks.com\/index.php\/2020\/03\/06\/graset-ar-morkare-pa-andra-sidan-kaj-korkea-aho\/\">Gr\u00e4set \u00e4r m\u00f6rkare p\u00e5 andra sidan &#8211; Kaj Korkea-aho<\/a><\/li><li><a href=\"https:\/\/snowglitterbooks.com\/index.php\/2020\/03\/16\/en-sax-i-hjartat-marie-bengts\/?preview=true\">En sax i hj\u00e4rtat &#8211; Marie Bengts<\/a><\/li><li>Opp och hoppa morfar prosten! &#8211; Eva Bexell<\/li><li><a href=\"https:\/\/snowglitterbooks.com\/index.php\/2020\/04\/14\/liv-efter-liv-kate-atkinson\/\">Liv efter liv &#8211; Kate Atkinson<\/a><\/li><li>Finland hundra n\u00e5gonting 1917-2018 &#8211; Alfred Backa<\/li><li><a href=\"https:\/\/snowglitterbooks.com\/index.php\/2020\/04\/17\/sota-roda-sommardrommar-christoffer-holst\/\">S\u00f6ta, r\u00f6da sommardr\u00f6mmar &#8211; Christoffer Holst<\/a><\/li><li><a href=\"https:\/\/snowglitterbooks.com\/index.php\/2020\/04\/17\/det-basta-av-allt-rona-jaffe\/\">Det b\u00e4sta av allt &#8211; Rona Jaffe<\/a><\/li><li><a href=\"https:\/\/snowglitterbooks.com\/index.php\/2020\/04\/18\/sanningen-om-fallet-harry-quebert-joel-dicker\/\">Sanningen om fallet Harry Quebert &#8211; Jo\u00ebl Dicker<\/a><\/li><li>Anne p\u00e5 Gr\u00f6nkulla &#8211; L.M. Montgomery (oml\u00e4sning)<\/li><li><a href=\"https:\/\/snowglitterbooks.com\/index.php\/2020\/04\/26\/athena-grattis-varlden-jag-ar-har-nu-elin-ek\/\">Athena. Grattis v\u00e4rlden jag \u00e4r h\u00e4r nu! &#8211; Elin Ek<\/a><\/li><li>1996 &#8211; Kirsty McManus<\/li><li><a href=\"https:\/\/snowglitterbooks.com\/index.php\/2020\/05\/13\/stephanie-mailers-forsvinnande-joel-dicker\/\">Stephanie Mailers f\u00f6rsvinnande &#8211; Jo\u00ebl Dicker<\/a><\/li><li>Athena. Str\u00e5lkastare tack! &#8211; Elin Ek<\/li><li><a href=\"https:\/\/snowglitterbooks.com\/index.php\/2020\/05\/17\/skarmhjarnan-anders-hansen\/\">Sk\u00e4rmhj\u00e4rnan &#8211; Anders Hansen<\/a><\/li><li>Athena. Hur sv\u00e5rt kan det vara?! &#8211; Elin Ek<\/li><li><a href=\"https:\/\/snowglitterbooks.com\/index.php\/2020\/07\/03\/geralds-lek-stephen-king\/\">Geralds lek &#8211; Stephen King<\/a><\/li><li><a href=\"https:\/\/snowglitterbooks.com\/index.php\/2020\/05\/25\/dar-kraftorna-sjunger-delia-owens\/\">D\u00e4r kr\u00e4ftorna sjunger &#8211; Delia Owens<\/a><\/li><li>Kim Novak badade aldrig i Genasarets sj\u00f6 &#8211; H\u00e5kan Nesser<\/li><li>F\u00f6rsta g\u00e5ngen jag s\u00e5g dig &#8211; Tasha Kavanagh<\/li><li>Min syster seriem\u00f6rdaren &#8211; Oyinkan Braithwaite<\/li><li>Anteckningar fr\u00e5n en \u00f6 &#8211; Tove Jansson<\/li><li>Mitt 60-tal &#8211; Katarina Danielsson<\/li><li>Bilderboksretro 50-tal &#8211; Lisa Bj\u00e4rbo<\/li><li>Bilderboksretro 60-tal &#8211; Lisa Bj\u00e4rbo<\/li><li>Bilderboksretro 70-tal &#8211; Lisa Bj\u00e4rbo<\/li><li>Pippi firar f\u00f6delsedag &#8211; Astrid Lindgren, Ingrid Vang Nyman<\/li><li>Mitt 70-tal &#8211; Katarina Danielsson<\/li><li>Tordyveln flyger i skymningen &#8211; Maria Gripe<\/li><li>D\u00f6den kl\u00e4r i domino &#8211; Marie Bengts<\/li><li><a href=\"https:\/\/snowglitterbooks.com\/index.php\/2020\/07\/16\/den-svavelgula-himlen-kjell-westo\/\">Den svavelgula himlen &#8211; Kjell West\u00f6<\/a><\/li><li>Om jag kunde dr\u00f6mma &#8211; Stephenie Meyer<\/li><li><a rel=\"noreferrer noopener\" href=\"https:\/\/snowglitterbooks.com\/index.php\/2020\/08\/06\/nevermoor-jessica-townsend\/\" target=\"_blank\">Nevermoor &#8211; Jessica Townsend<\/a><\/li><li><a rel=\"noreferrer noopener\" href=\"https:\/\/snowglitterbooks.com\/index.php\/2020\/08\/06\/wundersmeden-jessica-townsend\/\" target=\"_blank\">Wundersmeden &#8211; Jessica Townsend<\/a><\/li><li>Hur ljuset tar sig in &#8211; Louise Penny<\/li><li><a rel=\"noreferrer noopener\" href=\"https:\/\/snowglitterbooks.com\/index.php\/2020\/09\/25\/tritonus-kjell-westo\/\" target=\"_blank\">Tritonus &#8211; Kjell West\u00f6<\/a><\/li><li>The Nauhgty List &#8211; Michael Fry, Bradley Jackson<\/li><li><a href=\"https:\/\/snowglitterbooks.com\/index.php\/2020\/10\/12\/tre-kvinnor-lisa-taddeo\/\">Tre kvinnor &#8211; Lisa Taddeo<\/a><\/li><li>Den l\u00e5nga v\u00e4gen hem &#8211; Louise Penny<\/li><li>Glaskupan &#8211; Sylvia Plath<\/li><li><a href=\"https:\/\/snowglitterbooks.com\/index.php\/2020\/10\/14\/samlade-verk-lydia-sandgren\/\">Samlade verk &#8211; Lydia Sandgren<\/a><\/li><li><a href=\"https:\/\/snowglitterbooks.com\/index.php\/2020\/10\/21\/pages-co-tilly-and-the-bookwanderers\/\">Pages &amp; Co &#8211; Tilly and the Bookwanderers &#8211; Anna James<\/a><\/li><li>Solutions and Other Problems &#8211; Allie Brosh<\/li><li><a href=\"https:\/\/snowglitterbooks.com\/index.php\/2020\/10\/22\/lanny-max-porter\/\">Lanny &#8211; Max Porter<\/a><\/li><li><a href=\"https:\/\/snowglitterbooks.com\/index.php\/2020\/10\/28\/fordjupade-studier-i-katastroffysik-marisha-pessl\/\">F\u00f6rdjupade studier i katastroffysik &#8211; Marisha Pessl<\/a><\/li><li><a href=\"https:\/\/snowglitterbooks.com\/index.php\/2020\/10\/30\/hittebarnet-stacey-halls\/\">Hittebarnet &#8211; Stacey Halls<\/a><\/li><li><a href=\"https:\/\/snowglitterbooks.com\/index.php\/2020\/11\/04\/lisa-och-lilly-mian-lodalen\/\">Lisa och Lilly &#8211; Mian Lodalen<\/a><\/li><li><a href=\"https:\/\/snowglitterbooks.com\/index.php\/2020\/11\/14\/deras-ryggar-luktade-sa-gott-asa-grennvall\/\">Deras ryggar luktade s\u00e5 gott &#8211; \u00c5sa Grennvall<\/a><\/li><li><a href=\"https:\/\/snowglitterbooks.com\/index.php\/2020\/12\/09\/silverdolken-katharine-kerr\/\">Silverdolken &#8211; Katharine Kerr<\/a><\/li><li><a href=\"https:\/\/snowglitterbooks.com\/index.php\/2020\/11\/16\/jane-eyre-charlotte-bronte\/\">Jane Eyre &#8211; Charlotte Bront\u00eb<\/a><\/li><li><a href=\"https:\/\/snowglitterbooks.com\/index.php\/2020\/12\/23\/musan-jessie-burton\/\">Musan &#8211; Jessie Burton<\/a><\/li><li>Madonna &#8211; Sara Villius<\/li><li><a href=\"https:\/\/snowglitterbooks.com\/index.php\/2020\/11\/30\/julkalendern-genom-tiderna-caroline-cabot\/\">Julkalendern genom tiderna &#8211; Caroline Cabot<\/a><\/li><li><a href=\"https:\/\/snowglitterbooks.com\/index.php\/2020\/12\/03\/midnattsbiblioteket-matt-haig\/\">Midnattsbiblioteket &#8211; Matt Haig<\/a><\/li><li><a href=\"https:\/\/snowglitterbooks.com\/index.php\/2020\/12\/10\/jag-ar-en-samlare-jag-vill-ha-mer-aja-lund\/\">Jag \u00e4r en samlare &#8211; jag vill ha mer &#8211; Aja Lund<\/a><\/li><li><a href=\"https:\/\/snowglitterbooks.com\/index.php\/2022\/01\/07\/torsdagsmordklubben-mannen-som-dog-tva-ganger-richard-osman\/\" data-type=\"URL\" data-id=\"https:\/\/snowglitterbooks.com\/index.php\/2022\/01\/07\/torsdagsmordklubben-mannen-som-dog-tva-ganger-richard-osman\/\">The Thursday Murder Club &#8211; Richard Osman<\/a><\/li><li><a href=\"https:\/\/snowglitterbooks.com\/index.php\/2017\/12\/23\/2017_december_sjung-stjarnor-dikter-om-vinter-och-jul\/\">Sjung stj\u00e4rnor &#8211; finlandssvenska dikter (oml\u00e4sning)<\/a><\/li><li><a href=\"https:\/\/snowglitterbooks.com\/index.php\/2020\/12\/13\/sorceline-3-sylvia-douye\/\">Sorceline 3 &#8211; Sylvia Douy\u00e9<\/a><\/li><li>Sune och familjen Anderssons sjuka jul &#8211; Anders Jacobsson, S\u00f6ren Olsson<\/li><li>Glaskulans v\u00e4rld &#8211; Resan till Pandoria &#8211; Gij\u00e9 Carbone<\/li><li>Svantjuvarna &#8211; Elizabeth Kostova<\/li><li>Tomtefar och trolltrumman &#8211; Mauri Kunnas<\/li><li>Vitkl\u00e4dd med ljus i h\u00e5r &#8211; Maria Lang<\/li><li>Sunes jul &#8211; Anders Jacobsson, S\u00f6ren olsson<\/li><li><a href=\"https:\/\/snowglitterbooks.com\/index.php\/2021\/01\/10\/slutet-pa-mr-y-scarlett-thomas\/\">Slutet p\u00e5 mr Y &#8211; Scarlett Thomas<\/a><\/li><li>Pojken, mullvaden, r\u00e4ven och h\u00e4sten &#8211; Charlie Mackesy<\/li><li><a href=\"https:\/\/snowglitterbooks.com\/index.php\/2021\/01\/11\/svindlande-hojder-emily-bronte\/\">Svindlande h\u00f6jder &#8211; Emily Bront\u00eb<\/a><\/li><\/ol>\n","protected":false},"excerpt":{"rendered":"<p>Sorceline 1 &#8211; Sylvia Douy\u00e9 Sorceline 2 &#8211; Sylvia Douy\u00e9 Assassin&#8217;s Apprentice &#8211; Robin Hobb Vredens gudinnor &#8211; Katie Lowe H\u00e4xan och lejonet &#8211; C.S. Lewis An Anonymous Girl &#8211; Greer Hendricks, Sarah Pekkanen Saxat ur Starlet &#8211; Kristina \u00d6hman Royal Assassin &#8211; Robin Hobb Inte flera mord! &#8211; Maria Lang Prostens barnbarn &#8211; Eva [&hellip;]<\/p>\n","protected":false},"author":1,"featured_media":0,"parent":0,"menu_order":0,"comment_status":"closed","ping_status":"closed","template":"","meta":{"footnotes":""},"_links":{"self":[{"href":"https:\/\/snowglitterbooks.com\/index.php\/wp-json\/wp\/v2\/pages\/2147433142"}],"collection":[{"href":"https:\/\/snowglitterbooks.com\/index.php\/wp-json\/wp\/v2\/pages"}],"about":[{"href":"https:\/\/snowglitterbooks.com\/index.php\/wp-json\/wp\/v2\/types\/page"}],"author":[{"embeddable":true,"href":"https:\/\/snowglitterbooks.com\/index.php\/wp-json\/wp\/v2\/users\/1"}],"replies":[{"embeddable":true,"href":"https:\/\/snowglitterbooks.com\/index.php\/wp-json\/wp\/v2\/comments?post=2147433142"}],"version-history":[{"count":61,"href":"https:\/\/snowglitterbooks.com\/index.php\/wp-json\/wp\/v2\/pages\/2147433142\/revisions"}],"predecessor-version":[{"id":2147435454,"href":"https:\/\/snowglitterbooks.com\/index.php\/wp-json\/wp\/v2\/pages\/2147433142\/revisions\/2147435454"}],"wp:attachment":[{"href":"https:\/\/snowglitterbooks.com\/index.php\/wp-json\/wp\/v2\/media?parent=2147433142"}],"curies":[{"name":"wp","href":"https:\/\/api.w.org\/{rel}","templated":true}]}}