{"id":18,"date":"2019-03-25T12:23:00","date_gmt":"2019-03-25T12:23:00","guid":{"rendered":"http:\/\/192.168.1.166\/?page_id=18"},"modified":"2019-09-19T12:19:03","modified_gmt":"2019-09-19T10:19:03","slug":"last-2015","status":"publish","type":"page","link":"https:\/\/snowglitterbooks.com\/index.php\/last-2015\/","title":{"rendered":"L\u00e4st 2015"},"content":{"rendered":"\n<ol><li><a href=\"https:\/\/snowglitterbooks.com\/index.php\/2015\/01\/01\/2015_january_divergent-veronica-roth-2\/\">Divergent &#8211; Veronica Roth<\/a><\/li><li><a href=\"https:\/\/snowglitterbooks.com\/index.php\/2015\/05\/09\/2015_may_den-lille-prinsen-antoine-de-saint-exupery\/\">Den lille prinsen &#8211; Antoine de Saint-Exup\u00e9ry<\/a><\/li><li><a href=\"https:\/\/snowglitterbooks.com\/index.php\/2015\/04\/24\/2015_april_den-hogkansliga-manniskan-elaine-n-aron\/\">Den h\u00f6gk\u00e4nsliga m\u00e4nniskan: konsten att m\u00e5 bra i en \u00f6verv\u00e4ldigade v\u00e4rld &#8211; Elaine N. Aron<\/a><\/li><li><a href=\"https:\/\/snowglitterbooks.com\/index.php\/2015\/01\/05\/2015_january_the-wedding-girl-madeleine-wickham-2\/\">The Wedding Girl &#8211; Madeleine Wickham<\/a><\/li><li><a href=\"https:\/\/snowglitterbooks.com\/index.php\/2015\/01\/08\/2015_january_morka-platser-gillian-flynn-2\/\">M\u00f6rka platser &#8211; Gillian Flynn<\/a><\/li><li><a href=\"https:\/\/snowglitterbooks.com\/index.php\/2015\/01\/12\/2015_january_britt-marie-var-har-fredrik-backman-2\/\">Britt-Marie var h\u00e4r &#8211; Fredrik Backman<\/a><\/li><li><a href=\"https:\/\/snowglitterbooks.com\/index.php\/2015\/01\/15\/2015_january_insurgent-veronica-roth-2\/\">Insurgent &#8211; Veronica Roth<\/a><\/li><li><a href=\"https:\/\/snowglitterbooks.com\/index.php\/2015\/01\/18\/2015_january_stolthet-och-fordom-jane-austen\/\">Stolthet och f\u00f6rdom &#8211; Jane Austen<\/a><\/li><li><a href=\"https:\/\/snowglitterbooks.com\/index.php\/2015\/01\/21\/2015_january_allegiant-veronica-roth-2\/\">Allegiant &#8211; Veronica Roth<\/a><\/li><li><a href=\"https:\/\/snowglitterbooks.com\/index.php\/2015\/01\/24\/2015_january_legend-marie-lu-2\/\">Legend &#8211; Marie Lu<\/a><\/li><li><a href=\"https:\/\/snowglitterbooks.com\/index.php\/2015\/01\/25\/2015_january_vassa-foremal-gillian-flynn-2\/\">Vassa f\u00f6rem\u00e5l &#8211; Gillian Flynn<\/a><\/li><li><a href=\"https:\/\/snowglitterbooks.com\/index.php\/2015\/01\/30\/2015_january_outtalat-sarah-rees-brennan\/\">Outtalat &#8211; Sarah Rees Brennan<\/a><\/li><li><a href=\"https:\/\/snowglitterbooks.com\/index.php\/2015\/02\/01\/2015_february_prodigy-marie-lu\/\">Prodigy &#8211; Marie Lu<\/a><\/li><li><a href=\"https:\/\/snowglitterbooks.com\/index.php\/2015\/02\/02\/2015_february_sabrina-the-teenage-witch-the-magic-within-seriealbum\/\">Sabrina the Teenage Witch vol 1 &#8211; Tania del Rio<\/a><\/li><li><a href=\"https:\/\/snowglitterbooks.com\/index.php\/2015\/02\/03\/2015_february_the-selection-kiera-cass\/\">The Selecion &#8211; Kiera Cass<\/a><\/li><li><a href=\"https:\/\/snowglitterbooks.com\/index.php\/2015\/02\/06\/2015_february_four-veronica-roth\/\">Four &#8211; Veronica Roth<\/a><\/li><li><a href=\"https:\/\/snowglitterbooks.com\/index.php\/2015\/02\/09\/2015_february_champion-marie-lu\/\">Champion &#8211; Marie Lu<\/a><\/li><li><a href=\"https:\/\/snowglitterbooks.com\/index.php\/2015\/02\/16\/2015_february_the-elite-kiera-cass\/\">The Elite &#8211; Kiera Cass<\/a><\/li><li><a href=\"https:\/\/snowglitterbooks.com\/index.php\/2015\/02\/18\/2015_february_if-youve-got-it-haunt-it-2\/\">If You&#8217;ve Got It, Haunt It &#8211; Rose Pressey<\/a><\/li><li><a href=\"https:\/\/snowglitterbooks.com\/index.php\/2015\/02\/23\/2015_february_sabrina-the-teenage-witch-2-the-magic-within-seriealbum\/\">Sabrina the Teenage Witch vol 2 &#8211; Tania del Rio<\/a><\/li><li><a href=\"https:\/\/snowglitterbooks.com\/index.php\/2015\/02\/25\/2015_february_a-spring-affair-milly-johnson\/\">A Spring Affair &#8211; Milly Johnson<\/a><\/li><li><a href=\"https:\/\/snowglitterbooks.com\/index.php\/2015\/02\/28\/2015_february_kvinnan-i-svart-susan-hill\/\">Kvinnan i svart &#8211; Susan Hill<\/a><\/li><li><a href=\"https:\/\/snowglitterbooks.com\/index.php\/2015\/02\/28\/2015_february_pensionat-vidablicks-gata-katarina-genar\/\">Pensionat Vidablicks g\u00e5ta &#8211; Katarina Genar<\/a><\/li><li><a href=\"https:\/\/snowglitterbooks.com\/index.php\/2015\/03\/05\/2015_march_forskalv-efterskalv-sylvia-day\/\">F\u00f6rskalv &amp; Efterskalv &#8211; Sylvia Day<\/a><\/li><li><a href=\"https:\/\/snowglitterbooks.com\/index.php\/2015\/03\/11\/2015_march_den-roda-pyramiden-rick-riordan\/\">Den r\u00f6da pyramiden &#8211; Rick Riordan<\/a><\/li><li><a href=\"https:\/\/snowglitterbooks.com\/index.php\/2015\/03\/16\/2015_march_den-unga-eliten-marie-lu\/\">Den unga eliten &#8211; Marie Lu<\/a><\/li><li><a href=\"https:\/\/snowglitterbooks.com\/index.php\/2015\/03\/18\/2015_march_kanske-ar-det-allt-du-behover-veta-e-lockhart\/\">Kanske \u00e4r det allt du beh\u00f6vet veta &#8211; E. Lockhart<\/a><\/li><li><a href=\"https:\/\/snowglitterbooks.com\/index.php\/2015\/04\/06\/2015_april_den-grymmaste-manaden-louise-penny\/\">Den grymmaste m\u00e5naden &#8211; Louise Penny<\/a><\/li><li><a href=\"https:\/\/snowglitterbooks.com\/index.php\/2015\/04\/08\/2015_april_trollkarlens-hatt-tove-jansson\/\">Trollkarlens hatt &#8211; Tove Jansson<\/a><\/li><li><a href=\"https:\/\/snowglitterbooks.com\/index.php\/2015\/04\/11\/2015_april_attachments-rainbow-rowell-2\/\">Attachments &#8211; Rainbow Rowell<\/a><\/li><li><a href=\"https:\/\/snowglitterbooks.com\/index.php\/2015\/04\/13\/2015_april_anna-och-den-franska-kyssen-stephanie-perkins\/\">Anna och den franska kyssen &#8211; Stephanie Perkins<\/a><\/li><li><a href=\"https:\/\/snowglitterbooks.com\/index.php\/2015\/04\/18\/2015_april_nattfilm-marisha-pessl-2\/\">Nattfilm &#8211; Marisha Pessl<\/a><\/li><li><a href=\"https:\/\/snowglitterbooks.com\/index.php\/2015\/04\/22\/2015_april_kometen-kommer-tove-jansson-2\/\">Kometen kommer &#8211; Tove Jansson<\/a><\/li><li><a href=\"https:\/\/snowglitterbooks.com\/index.php\/2015\/04\/27\/2015_april_ralphs-party-lisa-jewell\/\">Ralph&#8217;s party &#8211; Lisa Jewell<\/a><\/li><li><a href=\"https:\/\/snowglitterbooks.com\/index.php\/2015\/05\/06\/2015_may_after-nar-vi-mottes-anna-todd\/\">After: N\u00e4r vi m\u00f6ttes &#8211; Anna Todd<\/a><\/li><li><a href=\"https:\/\/snowglitterbooks.com\/index.php\/2015\/05\/11\/2015_may_farlig-formaga-jessica-spotswood\/\">Farlig f\u00f6rm\u00e5ga &#8211; Jessica Spotwsood<\/a><\/li><li><a href=\"https:\/\/snowglitterbooks.com\/index.php\/2015\/06\/17\/2015_june_galgbacken-ewa-christina-johansson\/\">Galgbacken &#8211; Eva Johansson<\/a><\/li><li><a href=\"https:\/\/snowglitterbooks.com\/index.php\/2015\/05\/18\/2015_may_enklav-ann-aguirre-2\/\">Enklav &#8211; Ann Aguirre<\/a><\/li><li><a href=\"https:\/\/snowglitterbooks.com\/index.php\/2015\/05\/18\/2015_may_enklav-ann-aguirre-2\/\">Vi \u00e4r alla helt utom os<\/a><a href=\"https:\/\/snowglitterbooks.com\/index.php\/2015\/05\/21\/2015_may_vi-ar-alla-helt-utom-oss-karen-joy-fowler\/\">s &#8211; Karen Joy Fowler<\/a><\/li><li><a href=\"https:\/\/snowglitterbooks.com\/index.php\/2015\/05\/30\/2015_may_oppnas-i-handelse-av-min-dod-liane-moriarty\/\">\u00d6ppnas i h\u00e4ndelse av min d\u00f6d &#8211; Liane Moriarty<\/a><\/li><li><a href=\"https:\/\/snowglitterbooks.com\/index.php\/2015\/05\/31\/2015_may_molly-moons-fantastiska-bok-om-hypnos-georgia-byng\/\">Molly Moons fantastiska bok om hypnos &#8211; Georgia Byng<\/a><\/li><li><a href=\"https:\/\/snowglitterbooks.com\/index.php\/2015\/05\/12\/2015_may_the-one-kiera-cass-2\/\">The One &#8211; Kiera Cass<\/a><\/li><li><a href=\"https:\/\/snowglitterbooks.com\/index.php\/2015\/06\/05\/2015_june_konstiga-huset-agatha-christie\/\">Konstiga huset &#8211; Agatha Christie<\/a><\/li><li><a href=\"https:\/\/snowglitterbooks.com\/index.php\/2015\/06\/08\/2015_june_cinder-marissa-meyer\/\">Cinder &#8211; Marissa Meyer<\/a><\/li><li><a href=\"https:\/\/snowglitterbooks.com\/index.php\/2015\/06\/10\/2015_june_farlig-midsommar-tove-jansson\/\">Farlig midsommar &#8211; Tove Jansson<\/a><\/li><li><a href=\"https:\/\/snowglitterbooks.com\/index.php\/2015\/06\/15\/2015_june_den-okanda-historien-om-frankie-landau-banks-e-lockhart\/\">Den \u00f6k\u00e4nde historien om Frankie Landau-Banks &#8211; E. Lockhart<\/a><\/li><li><a href=\"https:\/\/snowglitterbooks.com\/index.php\/2015\/06\/14\/2015_june_stjarnmarkt-jessica-spotswood\/\">Stj\u00e4rnm\u00e4rkt &#8211; Jessica Spotwsood<\/a><\/li><li><a href=\"https:\/\/snowglitterbooks.com\/index.php\/2015\/06\/24\/2015_june_scarlet-marissa-meyer\/\">Scarlet &#8211; Marissa Meyer<\/a><\/li><li><a href=\"https:\/\/snowglitterbooks.com\/index.php\/2015\/06\/30\/2015_june_all-american-girl-meg-cabot\/\">All-American Girl &#8211; Meg Cabot<\/a><\/li><li><a href=\"https:\/\/snowglitterbooks.com\/index.php\/2015\/06\/26\/2015_june_istvillingar-sk-tremayne\/\">Istvillingar &#8211; S.K. Tremayne<\/a><\/li><li><a href=\"https:\/\/snowglitterbooks.com\/index.php\/2015\/07\/03\/2015_july_afternoon-tea-at-the-sunflower-cafe-milly-johnson\/\">Afternoon Tea at The Sunflower Caf\u00e9 &#8211; Milly Johnson<\/a><\/li><li><a href=\"https:\/\/snowglitterbooks.com\/index.php\/2015\/07\/08\/2015_july_kvinnan-pa-taget-paula-hawkins\/\">Kvinnan p\u00e5 t\u00e5get &#8211; Paula Hawkins<\/a><\/li><li><a href=\"https:\/\/snowglitterbooks.com\/index.php\/2015\/07\/19\/2015_july_overenskommelser-simona-ahrnstedt\/\">\u00d6verenskommelser &#8211; Simona Ahrnstedt<\/a><\/li><li><a href=\"https:\/\/snowglitterbooks.com\/index.php\/2015\/07\/27\/2015_july_cress-marissa-meyer-2\/\">Cress &#8211; Marissa Meyer<\/a><\/li><li><a href=\"https:\/\/snowglitterbooks.com\/index.php\/2015\/07\/28\/2015_july_all-dressed-up-and-no-place-to-haunt-rose-pressey-2\/\">All Dressed Up And No Place To Haunt &#8211; Rose Pressey<\/a><\/li><li><a href=\"https:\/\/snowglitterbooks.com\/index.php\/2015\/08\/05\/2015_august_eleanor-park-rainbow-rowell\/\">Eleanor &amp; Park &#8211; Rainbow Rowell<\/a><\/li><li><a href=\"https:\/\/snowglitterbooks.com\/index.php\/2015\/08\/19\/2015_august_finding-audrey-sophie-kinsella-2\/\">Finding Audrey &#8211; Sophie Kinsella<\/a><\/li><li><a href=\"https:\/\/snowglitterbooks.com\/index.php\/2015\/03\/23\/2015_march_fangirl-rainbow-rowell\/\">Fangirl &#8211; Rainbow Rowell<\/a><\/li><li><a href=\"https:\/\/snowglitterbooks.com\/index.php\/2015\/09\/07\/2015_september_pappan-och-havet-2\/\">Pappan och havet &#8211; Tove Jansson<\/a><\/li><li><a href=\"https:\/\/snowglitterbooks.com\/index.php\/2015\/09\/18\/2015_september_morkt-motiv-louise-penny\/\">M\u00f6rkt motiv &#8211; Louise Penny<\/a><\/li><li><a href=\"https:\/\/snowglitterbooks.com\/index.php\/2015\/09\/08\/2015_september_nara-till-aldrig-ja-redmerski-2\/\">N\u00e4ra till aldrig &#8211; J.A. Redmerski<\/a><\/li><li><a href=\"https:\/\/snowglitterbooks.com\/index.php\/2015\/09\/12\/2015_september_havet-nya-dikter-daniel-fallstrom-2\/\">Havet &#8211; nya dikter &#8211; Daniel Fallstr\u00f6m<\/a><\/li><li><a href=\"https:\/\/snowglitterbooks.com\/index.php\/2015\/09\/20\/2015_september_rod-drottning-victoria-aveyard\/\">R\u00f6d drottning &#8211; Victoria Aveyard<\/a><\/li><li><a href=\"https:\/\/snowglitterbooks.com\/index.php\/2015\/09\/24\/2015_september_de-tysta-stegen-bakom-jonna-bjornstjerna\/\">De tysta stegen bakom &#8211; Jonna Bj\u00f6rnstjerna<\/a><\/li><li><a href=\"https:\/\/snowglitterbooks.com\/index.php\/2015\/09\/27\/2015_september_the-october-faction-steve-niles-damien-worm\/\">The October Faction vol. 1 &#8211; Steve Niles<\/a><\/li><li><a href=\"https:\/\/snowglitterbooks.com\/index.php\/2015\/10\/04\/2015_october_brand-himmel-2\/\">Br\u00e4nd himmel &#8211; Gilly Macmillan<\/a><\/li><li><a href=\"https:\/\/snowglitterbooks.com\/index.php\/2015\/10\/20\/2015_october_fairest-marissa-meyer-2\/\">Fairest &#8211; Marissa Meyer<\/a><\/li><li><a href=\"https:\/\/snowglitterbooks.com\/index.php\/2015\/06\/20\/2015_june_fodd-fenomenal-josephine-bornebusch\/\">F\u00f6dd fenomenal &#8211; Josephine Bornebusch<\/a><\/li><li><a href=\"https:\/\/snowglitterbooks.com\/index.php\/2015\/10\/31\/2015_october_harry-potter-och-de-vises-sten-illustrerad-version-jk-rowling-jim-kay\/\">Harry Potter och de vises sten (illustrerad version) &#8211; J.K. Rowling<\/a><\/li><li><a href=\"https:\/\/snowglitterbooks.com\/index.php\/2015\/11\/03\/2015_november_shopaholic-to-the-rescue-sophie-kinsella\/\">Shopaholic to The Rescue &#8211; Sophie Kinsella<\/a><\/li><li><a href=\"https:\/\/snowglitterbooks.com\/index.php\/2015\/11\/16\/2015_november_ett-forbud-mot-mord-louise-penny\/\">Ett f\u00f6rbud mot mord &#8211; Louise Penny<\/a><\/li><li><a href=\"https:\/\/snowglitterbooks.com\/index.php\/2015\/11\/21\/2015_november_miniatyrmakaren-jessie-burton\/\">Miniatyrmakaren &#8211; Jessie Burton<\/a><\/li><li><a href=\"https:\/\/snowglitterbooks.com\/index.php\/2015\/11\/02\/2015_november_lumberjanes-seriealbum\/\">Lumberjanes vol. 1 &#8211; Noelle Stevenson<\/a><\/li><li><a href=\"https:\/\/snowglitterbooks.com\/index.php\/2015\/12\/29\/2015_december_nemi-vol-11-lise-myhre\/\">Nemi vol. 11 &#8211; Lise Myhre<\/a><\/li><li><a href=\"https:\/\/snowglitterbooks.com\/index.php\/2015\/12\/27\/2015_december_lumberjanes-vol-2-2\/\">Lumberjanes vol. 2 &#8211; Noelle Stevenson<\/a><\/li><li><a href=\"https:\/\/snowglitterbooks.com\/index.php\/2015\/12\/06\/2015_december_the-nutcracker-eta-hoffmann\/\">The Nutcracker &#8211; E.T.A. Hoffman<\/a><\/li><li><a href=\"https:\/\/snowglitterbooks.com\/index.php\/2015\/12\/13\/2015_december_a-christmas-carol-charles-dickens\/\">A Christmas Carol &#8211; Charles Dickens<\/a><\/li><li>Tomtemaskinen &#8211; Sven Nordqvist<\/li><li><a href=\"https:\/\/snowglitterbooks.com\/index.php\/2015\/12\/28\/2015_december_christmas-at-rosie-hopkins-sweetshop-jenny-colgan\/\">Christmas at Rosie Hopkins&#8217; Sweetshop &#8211; Jenny Colgan<\/a><\/li><li>Husmoderns lexikon f\u00f6r etikett och god ton &#8211; Husmoderns presentbok<\/li><li><a href=\"https:\/\/snowglitterbooks.com\/index.php\/2015\/03\/30\/2015_march_not-that-kind-of-girl-lena-dunham\/\">Not that kind of girl &#8211; Lena Dunham<\/a><\/li><\/ol>\n\n\n\n<p><\/p>\n","protected":false},"excerpt":{"rendered":"<p>Divergent &#8211; Veronica Roth Den lille prinsen &#8211; Antoine de Saint-Exup\u00e9ry Den h\u00f6gk\u00e4nsliga m\u00e4nniskan: konsten att m\u00e5 bra i en \u00f6verv\u00e4ldigade v\u00e4rld &#8211; Elaine N. Aron The Wedding Girl &#8211; Madeleine Wickham M\u00f6rka platser &#8211; Gillian Flynn Britt-Marie var h\u00e4r &#8211; Fredrik Backman Insurgent &#8211; Veronica Roth Stolthet och f\u00f6rdom &#8211; Jane Austen Allegiant &#8211; [&hellip;]<\/p>\n","protected":false},"author":1,"featured_media":0,"parent":0,"menu_order":0,"comment_status":"closed","ping_status":"closed","template":"","meta":{"footnotes":""},"_links":{"self":[{"href":"https:\/\/snowglitterbooks.com\/index.php\/wp-json\/wp\/v2\/pages\/18"}],"collection":[{"href":"https:\/\/snowglitterbooks.com\/index.php\/wp-json\/wp\/v2\/pages"}],"about":[{"href":"https:\/\/snowglitterbooks.com\/index.php\/wp-json\/wp\/v2\/types\/page"}],"author":[{"embeddable":true,"href":"https:\/\/snowglitterbooks.com\/index.php\/wp-json\/wp\/v2\/users\/1"}],"replies":[{"embeddable":true,"href":"https:\/\/snowglitterbooks.com\/index.php\/wp-json\/wp\/v2\/comments?post=18"}],"version-history":[{"count":24,"href":"https:\/\/snowglitterbooks.com\/index.php\/wp-json\/wp\/v2\/pages\/18\/revisions"}],"predecessor-version":[{"id":2147432737,"href":"https:\/\/snowglitterbooks.com\/index.php\/wp-json\/wp\/v2\/pages\/18\/revisions\/2147432737"}],"wp:attachment":[{"href":"https:\/\/snowglitterbooks.com\/index.php\/wp-json\/wp\/v2\/media?parent=18"}],"curies":[{"name":"wp","href":"https:\/\/api.w.org\/{rel}","templated":true}]}}