{"id":14,"date":"2019-03-25T12:21:34","date_gmt":"2019-03-25T12:21:34","guid":{"rendered":"http:\/\/192.168.1.166\/?page_id=14"},"modified":"2020-10-28T19:37:19","modified_gmt":"2020-10-28T17:37:19","slug":"last-2017","status":"publish","type":"page","link":"https:\/\/snowglitterbooks.com\/index.php\/last-2017\/","title":{"rendered":"L\u00e4st 2017"},"content":{"rendered":"\n<ol><li><a href=\"https:\/\/snowglitterbooks.com\/index.php\/2017\/01\/01\/2017_january_from-the-files-of-madison-finn-back-online-laura-dower\/\">Back Online &#8211; Laura Dower<\/a><\/li><li>Nemi vol. 3 &#8211; Lise Myhre<\/li><li>Lyckomyten &#8211; en arg bok om lycka &#8211; Ingemo Bonnier<\/li><li>I en m\u00f6rk, m\u00f6rk skog &#8211; Ruth Ware<\/li><li>Speciella omst\u00e4ndigheter &#8211; Johan Ajvide Lindqvist<\/li><li><a href=\"https:\/\/snowglitterbooks.com\/index.php\/2017\/06\/30\/2017_june_my-not-so-perfect-life-sophie-kinsella\/\">My not so perfect life &#8211; Sophie Kinsella<\/a><\/li><li><a href=\"https:\/\/snowglitterbooks.com\/index.php\/2017\/06\/27\/2017_june_the-shining-stehpen-king\/\">The Shining &#8211; Stephen King<\/a><\/li><li><a href=\"https:\/\/snowglitterbooks.com\/index.php\/2017\/07\/01\/2017_july_geekerella-ashley-poston\/\">Geekerella &#8211; Ashley Poston<\/a><\/li><li>Under t\u00e4cket &#8211; Marian Keyes<\/li><li><a href=\"https:\/\/snowglitterbooks.com\/index.php\/2017\/07\/02\/2017_july_systrarna-tides-sista-sommar-hannah-richell\/\">Systrarna Tides sista sommar &#8211; Hannah Richell<\/a><\/li><li><a href=\"https:\/\/snowglitterbooks.com\/index.php\/2017\/07\/16\/2017_july_nagon-maste-stoppa-ivy-pocket-caleb-krisp\/\">N\u00e5gon m\u00e5ste stoppa Ivy Pocket &#8211; Caleb Krisp<\/a><\/li><li><a href=\"https:\/\/snowglitterbooks.com\/index.php\/2017\/06\/26\/2017_june_bokea-inredning-till-dods-grady-hendix\/\">Bokea &#8211; inredning till d\u00f6ds &#8211; Grady Hendrix<\/a><\/li><li><a href=\"https:\/\/snowglitterbooks.com\/index.php\/2017\/08\/25\/2017_august_eliza-and-her-monsters-francesca-zappia\/\">Eliza and her monsters &#8211; Francesca Zappia<\/a><\/li><li>Kindred spirits &#8211; Rainbow Rowell<\/li><li><a href=\"https:\/\/snowglitterbooks.com\/index.php\/2017\/08\/26\/2017_august_milk-and-honey-rupi-kaur\/\">Milk and honey &#8211; Rupi Kaur<\/a><\/li><li>Adulthood is a myth &#8211; Sarah Andersen<\/li><li><a href=\"https:\/\/snowglitterbooks.com\/index.php\/2017\/08\/28\/2017_august_hyperbole-and-a-half-allie-brosh\/\">Hyperbole and a half &#8211; Allie Brosh<\/a><\/li><li><a href=\"https:\/\/snowglitterbooks.com\/index.php\/2017\/07\/16\/2017_july_ga-vidare-rainbow-rowell-2\/\">G\u00e5 vidare &#8211; Rainbow Rowell<\/a><\/li><li>Big Mushy Happy Lump &#8211; Sarah Andersen<\/li><li>Vi h\u00e5ller p\u00e5 med en viktig grej &#8211; Sara Hansson<\/li><li>Nemi vol. 2 &#8211; Lise Myhre<\/li><li><a href=\"https:\/\/snowglitterbooks.com\/index.php\/2017\/08\/23\/2017_august_the-princess-saves-herself-in-this-one-amanda-lovelace\/\">The princess saves herself in this one &#8211; Amanda Lovelace<\/a><\/li><li>Harry Potter och hemligheternas kammare (illustrerad version) &#8211; J.K. Rowling<\/li><li>Nemi vol. 10 &#8211; Lise Myhre<\/li><li>Fr\u00f6ken M\u00e4rkv\u00e4rdig och karri\u00e4ren &#8211; Joanna Rubin Dranger<\/li><li><a href=\"https:\/\/snowglitterbooks.com\/index.php\/2017\/08\/24\/2017_august_one-of-us-is-lying-karen-m-mcmanus\/\">One of Us is Lying &#8211; Karen McManus<\/a><\/li><li>Homeparty med Gudrun &#8211; Gudrun Schyman &amp; Ellen Ekman<\/li><li><a href=\"https:\/\/snowglitterbooks.com\/index.php\/2017\/09\/06\/2017_september_de-tva-tornen-jrr-tolkien\/\">De tv\u00e5 tornen &#8211; J.R.R. Tolkien<\/a><\/li><li><a href=\"https:\/\/snowglitterbooks.com\/index.php\/2017\/09\/17\/2017_september_fejk-e-lockhart\/\">Fejk &#8211; E. Lockhart<\/a><\/li><li><a href=\"https:\/\/snowglitterbooks.com\/index.php\/2017\/09\/27\/2017_september_the-little-book-of-hygge-meik-wiking\/\">The Little Book of Hygge &#8211; Meik Wiking<\/a><\/li><li><a href=\"https:\/\/snowglitterbooks.com\/index.php\/2017\/09\/28\/2017_september_hon-som-vakar-caroline-eriksson-2\/\">Hon som vakar &#8211; Caroline Eriksson<\/a><\/li><li><a href=\"https:\/\/snowglitterbooks.com\/index.php\/2017\/10\/02\/2017_october_the-universe-of-us-lang-leav-2\/\">The Universe of Us &#8211; Lang Leav<\/a><\/li><li><a href=\"https:\/\/snowglitterbooks.com\/index.php\/2017\/10\/03\/2017_october_den-magiska-kappan-katarina-genar-2\/\">Den magiska kappan &#8211; Katarina Genar<\/a><\/li><li><a href=\"https:\/\/snowglitterbooks.com\/index.php\/2017\/10\/09\/2017_october_frostfire-amanda-hocking\/\">Frostfire &#8211; Amanda Hocking<\/a><\/li><li><a href=\"https:\/\/snowglitterbooks.com\/index.php\/2017\/10\/15\/2017_october_saker-ingen-ser-anna-ahlund\/\">Saker ingen ser &#8211; Anna Ahlund<\/a><\/li><li><a href=\"https:\/\/snowglitterbooks.com\/index.php\/2017\/10\/17\/2017_october_ice-kissed-amanda-hocking-2\/\">Ice Kissed  &#8211; Amanda Hocking<\/a><\/li><li><a href=\"https:\/\/snowglitterbooks.com\/index.php\/2017\/10\/23\/2017_october_begrav-dina-doda-louise-penny\/\">Begrav dina d\u00f6da &#8211; Louise Penny<\/a><\/li><li><a href=\"https:\/\/snowglitterbooks.com\/index.php\/2017\/11\/22\/2017_november_sagan-om-smeden-och-stjarnan-jrr-tolkien-2\/\">Sagan om smeden och stj\u00e4rnan &#8211; J.R.R. Tolkien<\/a><\/li><li><a href=\"https:\/\/snowglitterbooks.com\/index.php\/2017\/11\/21\/2017_november_den-sovande-och-slandan-neil-gaiman-2\/\">Den sovande och sl\u00e4ndan &#8211; Neil Gaiman<\/a><\/li><li><a href=\"https:\/\/snowglitterbooks.com\/index.php\/2017\/11\/19\/2017_november_pest-och-kolera-historiens-varsta-farsoter-nina-magnus-vasterbro-johan-egerkrans\/\">Pest och kolera: historiens v\u00e4rsta farsoter &#8211; Magnus V\u00e4sterbro<\/a><\/li><li><a href=\"https:\/\/snowglitterbooks.com\/index.php\/2017\/11\/20\/2017_november_poppy-pym-faraos-forbannelse-laura-wood-2\/\">Poppy Pym och Faraos f\u00f6rbannelse &#8211; Laura Wood<\/a><\/li><li><a href=\"https:\/\/snowglitterbooks.com\/index.php\/2017\/11\/08\/2017_november_the-silent-companions-laura-purcell\/\">The Silent Companions &#8211; Laura Purcell<\/a><\/li><li><a href=\"https:\/\/snowglitterbooks.com\/index.php\/2017\/11\/29\/2017_november_harry-potter-och-fangen-fran-azkaban-illustrerad-version-jk-rowling-jim-kay\/\">Harry Potter och f\u00e5ngen fr\u00e5n Azkaban (illustrerad version) &#8211; J.K. Rowling<\/a><\/li><li><a href=\"https:\/\/snowglitterbooks.com\/index.php\/2017\/11\/28\/2017_november_uncommon-type-tom-hanks\/\">Uncommon type: Some stories &#8211; Tom Hanks<\/a><\/li><li>Julboken &#8211; G\u00f6rel Kristina N\u00e4slund<\/li><li>Nemi vol. 8 &#8211; Lise Myhre<\/li><li>Powerpuff Girls: Homecoming &#8211; Haley Mancini<\/li><li><a href=\"https:\/\/snowglitterbooks.com\/index.php\/2017\/12\/23\/2017_december_sjung-stjarnor-dikter-om-vinter-och-jul\/\">Sjung stj\u00e4rnor &#8211; dikter om vinter och jul<\/a><\/li><li><a href=\"https:\/\/snowglitterbooks.com\/index.php\/2017\/12\/20\/2017_december_warcross-marie-lu\/\">Warcross &#8211; Marie Lu<\/a><\/li><li><a href=\"https:\/\/snowglitterbooks.com\/index.php\/2017\/12\/29\/2017_december_en-ljusets-lek-louise-penny\/\">En ljusets lek &#8211; Louise Penny<\/a><\/li><li><a href=\"https:\/\/snowglitterbooks.com\/index.php\/2017\/12\/30\/2017_december_skorstensjul-och-raven-tomten-recensioner\/\">Skorstensjul &#8211; M\u00e5rten Sand\u00e9n<\/a><\/li><li><a href=\"https:\/\/snowglitterbooks.com\/index.php\/2018\/01\/04\/2018_january_the-sun-and-her-flowers-rupi-kaur-2\/\">The Sun and Her Flowers &#8211; Rupi Kaur<\/a><\/li><li><a href=\"https:\/\/snowglitterbooks.com\/index.php\/2017\/12\/30\/2017_december_skorstensjul-och-raven-tomten-recensioner\/\">R\u00e4ven och tomten &#8211; Astrid Lindgren<\/a><\/li><\/ol>\n","protected":false},"excerpt":{"rendered":"<p>Back Online &#8211; Laura Dower Nemi vol. 3 &#8211; Lise Myhre Lyckomyten &#8211; en arg bok om lycka &#8211; Ingemo Bonnier I en m\u00f6rk, m\u00f6rk skog &#8211; Ruth Ware Speciella omst\u00e4ndigheter &#8211; Johan Ajvide Lindqvist My not so perfect life &#8211; Sophie Kinsella The Shining &#8211; Stephen King Geekerella &#8211; Ashley Poston Under t\u00e4cket &#8211; [&hellip;]<\/p>\n","protected":false},"author":1,"featured_media":0,"parent":0,"menu_order":0,"comment_status":"closed","ping_status":"closed","template":"","meta":{"footnotes":""},"_links":{"self":[{"href":"https:\/\/snowglitterbooks.com\/index.php\/wp-json\/wp\/v2\/pages\/14"}],"collection":[{"href":"https:\/\/snowglitterbooks.com\/index.php\/wp-json\/wp\/v2\/pages"}],"about":[{"href":"https:\/\/snowglitterbooks.com\/index.php\/wp-json\/wp\/v2\/types\/page"}],"author":[{"embeddable":true,"href":"https:\/\/snowglitterbooks.com\/index.php\/wp-json\/wp\/v2\/users\/1"}],"replies":[{"embeddable":true,"href":"https:\/\/snowglitterbooks.com\/index.php\/wp-json\/wp\/v2\/comments?post=14"}],"version-history":[{"count":10,"href":"https:\/\/snowglitterbooks.com\/index.php\/wp-json\/wp\/v2\/pages\/14\/revisions"}],"predecessor-version":[{"id":2147433501,"href":"https:\/\/snowglitterbooks.com\/index.php\/wp-json\/wp\/v2\/pages\/14\/revisions\/2147433501"}],"wp:attachment":[{"href":"https:\/\/snowglitterbooks.com\/index.php\/wp-json\/wp\/v2\/media?parent=14"}],"curies":[{"name":"wp","href":"https:\/\/api.w.org\/{rel}","templated":true}]}}