{"id":12,"date":"2019-03-25T12:21:14","date_gmt":"2019-03-25T12:21:14","guid":{"rendered":"http:\/\/192.168.1.166\/?page_id=12"},"modified":"2023-03-10T13:38:35","modified_gmt":"2023-03-10T11:38:35","slug":"last-2018","status":"publish","type":"page","link":"https:\/\/snowglitterbooks.com\/index.php\/last-2018\/","title":{"rendered":"L\u00e4st 2018"},"content":{"rendered":"\n<ol><li><a href=\"https:\/\/snowglitterbooks.com\/index.php\/2018\/01\/05\/2018_january_hemsokelsen-pa-hill-house-shirley-jackson\/\" data-type=\"URL\" data-id=\"https:\/\/snowglitterbooks.com\/index.php\/2018\/01\/05\/2018_january_hemsokelsen-pa-hill-house-shirley-jackson\/\">Hems\u00f6kelsen p\u00e5 Hill House &#8211; Shirley Jackson<\/a><\/li><li><a href=\"https:\/\/snowglitterbooks.com\/index.php\/2018\/01\/06\/2018_january_det-ar-nagot-som-inte-stammer-martina-haag-2\/\" data-type=\"URL\" data-id=\"https:\/\/snowglitterbooks.com\/index.php\/2018\/01\/06\/2018_january_det-ar-nagot-som-inte-stammer-martina-haag-2\/\">Det \u00e4r n\u00e5got som inte st\u00e4mmer &#8211; Martina Haag<\/a><\/li><li><a href=\"https:\/\/snowglitterbooks.com\/index.php\/2018\/01\/16\/2018_january_emma-jane-austen-2\/\" data-type=\"URL\" data-id=\"https:\/\/snowglitterbooks.com\/index.php\/2018\/01\/16\/2018_january_emma-jane-austen-2\/\">Emma &#8211; Jane Austen<\/a><\/li><li><a href=\"https:\/\/snowglitterbooks.com\/index.php\/2018\/02\/02\/2018_february_vi-har-alltid-bott-pa-slottet-shirley-jackson\/\" data-type=\"URL\" data-id=\"https:\/\/snowglitterbooks.com\/index.php\/2018\/02\/02\/2018_february_vi-har-alltid-bott-pa-slottet-shirley-jackson\/\">Vi har alltid bott p\u00e5 slottet &#8211; Shirley Jackson<\/a><\/li><li><a href=\"https:\/\/snowglitterbooks.com\/index.php\/2018\/02\/05\/2018_february_anna-ar-online-stefan-nyman\/\" data-type=\"URL\" data-id=\"https:\/\/snowglitterbooks.com\/index.php\/2018\/02\/05\/2018_february_anna-ar-online-stefan-nyman\/\">Anna \u00e4r online &#8211; Stefan Nyman<\/a><\/li><li><a href=\"https:\/\/snowglitterbooks.com\/index.php\/2018\/02\/12\/2018_february_poppy-pym-den-forhaxade-pjasen-laura-wood-2\/\" data-type=\"URL\" data-id=\"https:\/\/snowglitterbooks.com\/index.php\/2018\/02\/12\/2018_february_poppy-pym-den-forhaxade-pjasen-laura-wood-2\/\">Poppy Pym och den f\u00f6rh\u00e4xade pj\u00e4sen &#8211; Laura Wood<\/a><\/li><li><a href=\"https:\/\/snowglitterbooks.com\/index.php\/2018\/02\/14\/2018_february_the-road-through-the-wall-shirley-jackson\/\" data-type=\"URL\" data-id=\"https:\/\/snowglitterbooks.com\/index.php\/2018\/02\/14\/2018_february_the-road-through-the-wall-shirley-jackson\/\">The Road Through the Wall &#8211; Shirley Jackson<\/a><\/li><li><a href=\"https:\/\/snowglitterbooks.com\/index.php\/2018\/02\/20\/2018_february_a-monks-guide-to-a-clean-house-and-mind-shoukei-matsumoto-2\/\" data-type=\"URL\" data-id=\"https:\/\/snowglitterbooks.com\/index.php\/2018\/02\/20\/2018_february_a-monks-guide-to-a-clean-house-and-mind-shoukei-matsumoto-2\/\">A Monk&#8217;s Guide to a Clean House and Mind &#8211; Shoukei Matsumoto<\/a><\/li><li>Nemi 1 &#8211; Lise Myhre<\/li><li><a href=\"https:\/\/snowglitterbooks.com\/index.php\/2018\/02\/26\/2018_february_dark-tales-shirley-jackson\/\">Dark Tales &#8211; Shirley Jackson<\/a><\/li><li><a href=\"https:\/\/snowglitterbooks.com\/index.php\/2018\/03\/08\/2018_march_carol-patricia-hightsmith\/\">Carol &#8211; Patricia Highsmith<\/a><\/li><li><a href=\"https:\/\/snowglitterbooks.com\/index.php\/2018\/03\/09\/2018_march_meddling-kids-edgar-cantero\/\" data-type=\"URL\" data-id=\"https:\/\/snowglitterbooks.com\/index.php\/2018\/03\/09\/2018_march_meddling-kids-edgar-cantero\/\">Meddling Kids &#8211; Edgar Cantero<\/a><\/li><li><a href=\"https:\/\/snowglitterbooks.com\/index.php\/2018\/03\/19\/2018_march_six-stories-matt-wesolowski\/\" data-type=\"URL\" data-id=\"https:\/\/snowglitterbooks.com\/index.php\/2018\/03\/19\/2018_march_six-stories-matt-wesolowski\/\">Six Stories &#8211; Matt Wesolowski<\/a><\/li><li><a href=\"https:\/\/snowglitterbooks.com\/index.php\/2018\/03\/23\/2018_march_midnight-att-the-bright-ideas-bookstore-matthew-sullivan-2\/\">Midnight at the Bright Ideas Bookstore &#8211; Matt Sullivan<\/a><\/li><li>Nemi 7 &#8211; Lise Myhre<\/li><li><a href=\"https:\/\/snowglitterbooks.com\/index.php\/2018\/04\/02\/2018_april_page-by-paige-laura-lee-gulledge\/\" data-type=\"URL\" data-id=\"https:\/\/snowglitterbooks.com\/index.php\/2018\/04\/02\/2018_april_page-by-paige-laura-lee-gulledge\/\">Page by Paige &#8211; Laura Lee Gulledge<\/a><\/li><li><a href=\"https:\/\/snowglitterbooks.com\/index.php\/2018\/04\/03\/2018_april_hasselskogen-melissa-albert\/\">Hasselskogen &#8211; Melissa Albert<\/a><\/li><li><a href=\"https:\/\/snowglitterbooks.com\/index.php\/2018\/04\/04\/2018_april_sommarbruden-marita-conlon-mckenna\/\" data-type=\"URL\" data-id=\"https:\/\/snowglitterbooks.com\/index.php\/2018\/04\/04\/2018_april_sommarbruden-marita-conlon-mckenna\/\">Sommarbruden &#8211; Marita Conlon-McKenna<\/a><\/li><li><a href=\"https:\/\/snowglitterbooks.com\/index.php\/2018\/04\/07\/2018_april_come-along-with-me-shirley-jackson-2\/\">Come Along With Me &#8211; Shirley Jackson<\/a><\/li><li><a href=\"https:\/\/snowglitterbooks.com\/index.php\/2018\/04\/19\/2018_april_astrid-lindgren-agnes-margarethe-bjorvand-lisa-aisato-2\/\">Astrid Lindgren &#8211; Agnes Bjorvand<\/a><\/li><li><a href=\"https:\/\/snowglitterbooks.com\/index.php\/2018\/04\/20\/2018_april_anne-pa-gronkulla-lm-montgomery-2\/\" data-type=\"URL\" data-id=\"https:\/\/snowglitterbooks.com\/index.php\/2018\/04\/20\/2018_april_anne-pa-gronkulla-lm-montgomery-2\/\">Anne p\u00e5 Gr\u00f6nkulla &#8211; L.M. Montgomery<\/a><\/li><li>Herding Cats &#8211; Sarah Andersen<\/li><li><a href=\"https:\/\/snowglitterbooks.com\/index.php\/2018\/05\/11\/2018_may_rod-mane-elisabet-nemert\/\" data-type=\"URL\" data-id=\"https:\/\/snowglitterbooks.com\/index.php\/2018\/05\/11\/2018_may_rod-mane-elisabet-nemert\/\">R\u00f6d m\u00e5ne &#8211; Elisabet Nemert<\/a><\/li><li><a href=\"https:\/\/snowglitterbooks.com\/index.php\/2018\/05\/16\/2018_may_kat-and-meg-conquer-the-world-anna-priemaza-2\/\" data-type=\"URL\" data-id=\"https:\/\/snowglitterbooks.com\/index.php\/2018\/05\/16\/2018_may_kat-and-meg-conquer-the-world-anna-priemaza-2\/\">Kat and Meg Conquer the World &#8211; Anna Priemaza<\/a><\/li><li><a href=\"https:\/\/snowglitterbooks.com\/index.php\/2018\/05\/20\/2018_may_framlingar-pa-tag-patricia-highsmith-2\/\">Fr\u00e4mlingar p\u00e5 t\u00e5g &#8211; Patricia Highsmith<\/a><\/li><li><a href=\"https:\/\/snowglitterbooks.com\/index.php\/2018\/05\/31\/2018_may_juliane-jag-inger-edelfeldt\/\" data-type=\"URL\" data-id=\"https:\/\/snowglitterbooks.com\/index.php\/2018\/05\/31\/2018_may_juliane-jag-inger-edelfeldt\/\">Juliane och jag &#8211; Inger Edelfeldt<\/a><\/li><li>Nemi 11 &#8211; Lise Myhre<\/li><li><a href=\"https:\/\/snowglitterbooks.com\/index.php\/2018\/06\/14\/2018_june_kvinnan-i-fonstret-aj-finn\/\" data-type=\"URL\" data-id=\"https:\/\/snowglitterbooks.com\/index.php\/2018\/06\/14\/2018_june_kvinnan-i-fonstret-aj-finn\/\">Kvinnan i f\u00f6nstret &#8211; A.J. Finn<\/a><\/li><li><a href=\"https:\/\/snowglitterbooks.com\/index.php\/2018\/06\/02\/2018_june_introvert-doodles-maureen-marzi-wilson\/\">Introvert Doodles &#8211; Marzi Wilson<\/a><\/li><li><a href=\"https:\/\/snowglitterbooks.com\/index.php\/2018\/06\/25\/2018_june_ge-mig-ivy-pockets-huvud-pa-ett-fat-caleb-krisp-2\/\">Ge mig Ivy Pockets huvud p\u00e5 ett fat &#8211; Caleb Krisp<\/a><\/li><li><a href=\"https:\/\/snowglitterbooks.com\/index.php\/2018\/06\/15\/2018_june_omgiven-av-idioter-thomas-erikson-2\/\" data-type=\"URL\" data-id=\"https:\/\/snowglitterbooks.com\/index.php\/2018\/06\/15\/2018_june_omgiven-av-idioter-thomas-erikson-2\/\">Omgiven av idioter &#8211; Thomas Eriksson<\/a><\/li><li><a href=\"https:\/\/snowglitterbooks.com\/index.php\/2018\/06\/20\/2018_june_ingen-normal-star-i-regnet-och-sjunger-sara-ohlsson-2\/\" data-type=\"URL\" data-id=\"https:\/\/snowglitterbooks.com\/index.php\/2018\/06\/20\/2018_june_ingen-normal-star-i-regnet-och-sjunger-sara-ohlsson-2\/\">Ingen normal st\u00e5r i regnet och sjunger &#8211; Sara Olsson<\/a><\/li><li><a href=\"https:\/\/snowglitterbooks.com\/index.php\/2018\/06\/27\/2018_june_2211-1963-stephen-king\/\" data-type=\"URL\" data-id=\"https:\/\/snowglitterbooks.com\/index.php\/2018\/06\/27\/2018_june_2211-1963-stephen-king\/\">22\/11 1963 &#8211; Stephen King<\/a><\/li><li><a href=\"https:\/\/snowglitterbooks.com\/index.php\/2018\/07\/02\/2018_july_love-simon-becky-albertalli\/\" data-type=\"URL\" data-id=\"https:\/\/snowglitterbooks.com\/index.php\/2018\/07\/02\/2018_july_love-simon-becky-albertalli\/\">Love, Simon &#8211; Becky Albertalli<\/a><\/li><li><a href=\"https:\/\/snowglitterbooks.com\/index.php\/2018\/07\/05\/2018_july_skoldpaddor-hela-vagen-ner-john-green\/\" data-type=\"URL\" data-id=\"https:\/\/snowglitterbooks.com\/index.php\/2018\/07\/05\/2018_july_skoldpaddor-hela-vagen-ner-john-green\/\">Sk\u00f6ldpaddor hela v\u00e4gen ner &#8211; John Green<\/a><\/li><li>The Lords and New Creatures &#8211; Jim Morrision<\/li><li>V\u00e5r v\u00e4n Anne &#8211; L.M. Montgomery<\/li><li><a href=\"https:\/\/snowglitterbooks.com\/index.php\/2018\/07\/12\/2018_july_hydra-matt-wesolowski-2\/\" data-type=\"URL\" data-id=\"https:\/\/snowglitterbooks.com\/index.php\/2018\/07\/12\/2018_july_hydra-matt-wesolowski-2\/\">Hydra &#8211; Matt Wesolowski<\/a><\/li><li><a href=\"https:\/\/snowglitterbooks.com\/index.php\/2018\/07\/13\/2018_july_missne-robin-inger-edelfeldt-2\/\">Missne och Robin &#8211; Inger Edelfeldt<\/a><\/li><li><a href=\"https:\/\/snowglitterbooks.com\/index.php\/2018\/07\/14\/2018_july_tonarstjejens-dagbok-dagbokstexter-skrivna-mellan-ar-1904-och-2017\/\" data-type=\"URL\" data-id=\"https:\/\/snowglitterbooks.com\/index.php\/2018\/07\/14\/2018_july_tonarstjejens-dagbok-dagbokstexter-skrivna-mellan-ar-1904-och-2017\/\">Ton\u00e5rstjejens dagbok <\/a><\/li><li><a href=\"https:\/\/snowglitterbooks.com\/index.php\/2018\/07\/17\/2018_july_tio-sma-negerpojkar-agatha-christie-2\/\" data-type=\"URL\" data-id=\"https:\/\/snowglitterbooks.com\/index.php\/2018\/07\/17\/2018_july_tio-sma-negerpojkar-agatha-christie-2\/\">Tio sm\u00e5 negerpojkar &#8211; Agatha Christie<\/a><\/li><li><a href=\"https:\/\/snowglitterbooks.com\/index.php\/2018\/07\/18\/2018_july_dolores-claiborne-stephen-king\/\" data-type=\"URL\" data-id=\"https:\/\/snowglitterbooks.com\/index.php\/2018\/07\/18\/2018_july_dolores-claiborne-stephen-king\/\">Dolores Claiborne &#8211; Stephen King<\/a><\/li><li><a href=\"https:\/\/snowglitterbooks.com\/index.php\/2018\/07\/23\/2018_july_sommarboken-tove-jansson\/\" data-type=\"URL\" data-id=\"https:\/\/snowglitterbooks.com\/index.php\/2018\/07\/23\/2018_july_sommarboken-tove-jansson\/\">Sommarboken &#8211; Tove Jansson<\/a><\/li><li><a href=\"https:\/\/snowglitterbooks.com\/index.php\/2018\/07\/24\/2018_july_snart-ar-det-1968-asa-moberg\/\" data-type=\"URL\" data-id=\"https:\/\/snowglitterbooks.com\/index.php\/2018\/07\/24\/2018_july_snart-ar-det-1968-asa-moberg\/\">Snart \u00e4r det 1968 &#8211; \u00c5sa Moberg<\/a><\/li><li><a href=\"https:\/\/snowglitterbooks.com\/index.php\/2018\/07\/25\/2018_july_i-djupt-vatten-paula-hawkins\/\" data-type=\"URL\" data-id=\"https:\/\/snowglitterbooks.com\/index.php\/2018\/07\/25\/2018_july_i-djupt-vatten-paula-hawkins\/\">I djupt vatten &#8211; Paula Hawkins<\/a><\/li><li><a href=\"https:\/\/snowglitterbooks.com\/index.php\/2018\/07\/26\/2018_july_leah-on-the-offbeat-becky-albertalli-2\/\" data-type=\"URL\" data-id=\"https:\/\/snowglitterbooks.com\/index.php\/2018\/07\/26\/2018_july_leah-on-the-offbeat-becky-albertalli-2\/\">Leah on the Offbeat &#8211; Becky Albertalli<\/a><\/li><li><a href=\"https:\/\/snowglitterbooks.com\/index.php\/2018\/07\/27\/2018_july_klockan-k-agatha-christie-2\/\" data-type=\"URL\" data-id=\"https:\/\/snowglitterbooks.com\/index.php\/2018\/07\/27\/2018_july_klockan-k-agatha-christie-2\/\">Klockan K &#8211; Agatha Christie<\/a><\/li><li><a href=\"https:\/\/snowglitterbooks.com\/index.php\/2018\/07\/28\/2018_july_dimman-stephen-king-3\/\" data-type=\"URL\" data-id=\"https:\/\/snowglitterbooks.com\/index.php\/2018\/07\/28\/2018_july_dimman-stephen-king-3\/\">Dimman &#8211; Stephen King<\/a><\/li><li>Drakvinden &#8211; Inger Edelfeldt<\/li><li>Shopaholic Abroad &#8211; Sophie Kinsella<\/li><li><a href=\"https:\/\/snowglitterbooks.com\/index.php\/2018\/08\/10\/2018_august_the-birds-nest-shirley-jackson-2\/\">The Bird&#8217;s Nest &#8211; Shirley Jackson<\/a><\/li><li><a href=\"https:\/\/snowglitterbooks.com\/index.php\/2018\/08\/05\/2018_august_annie-on-my-mind-nancy-garden-2\/\">Annie on My Mind &#8211; Nancy Garden<\/a><\/li><li><a href=\"https:\/\/snowglitterbooks.com\/index.php\/2018\/08\/07\/2018_august_morgondagg-och-aftonljus-carolin-zander\/\" data-type=\"URL\" data-id=\"https:\/\/snowglitterbooks.com\/index.php\/2018\/08\/07\/2018_august_morgondagg-och-aftonljus-carolin-zander\/\">Morgondagg och aftonljus &#8211; Carolin Zander<\/a><\/li><li><a href=\"https:\/\/snowglitterbooks.com\/index.php\/2018\/08\/14\/2018_august_black-rabbit-hall-eve-chase-2\/\" data-type=\"URL\" data-id=\"https:\/\/snowglitterbooks.com\/index.php\/2018\/08\/14\/2018_august_black-rabbit-hall-eve-chase-2\/\">Black Rabbit Hall &#8211; Eve Chase<\/a><\/li><li><a href=\"https:\/\/snowglitterbooks.com\/index.php\/2018\/08\/16\/2018_august_mordaren-ljuger-inte-ensam-maria-lang-2\/\">M\u00f6rdaren ljuger inte ensam &#8211; Maria Lang<\/a><\/li><li><a href=\"https:\/\/snowglitterbooks.com\/index.php\/2018\/09\/10\/2018_september_ord-i-djupaste-blatt-cath-crowley-2\/\">Ord i djupaste bl\u00e5tt &#8211; Cath Crowley<\/a><\/li><li><a href=\"https:\/\/snowglitterbooks.com\/index.php\/2018\/09\/28\/2018_september_mr-mercedes-stephen-king-2\/\" data-type=\"URL\" data-id=\"https:\/\/snowglitterbooks.com\/index.php\/2018\/09\/28\/2018_september_mr-mercedes-stephen-king-2\/\">Mr. Mercedes &#8211; Stephen King<\/a><\/li><li>Nemi 6 &#8211; Lise Myhre<\/li><li><a href=\"https:\/\/snowglitterbooks.com\/index.php\/2015\/09\/18\/2015_september_morkt-motiv-louise-penny\/\" data-type=\"URL\" data-id=\"https:\/\/snowglitterbooks.com\/index.php\/2015\/09\/18\/2015_september_morkt-motiv-louise-penny\/\">M\u00f6rkt motiv &#8211; Louise Penny<\/a><\/li><li><a href=\"https:\/\/snowglitterbooks.com\/index.php\/2018\/10\/03\/2018_october_the-vanishment-jonathan-aycliffe\/\" data-type=\"URL\" data-id=\"https:\/\/snowglitterbooks.com\/index.php\/2018\/10\/03\/2018_october_the-vanishment-jonathan-aycliffe\/\">The Vanishment &#8211; Jonathan Aycliffe<\/a><\/li><li><a href=\"https:\/\/snowglitterbooks.com\/index.php\/2018\/10\/12\/2018_october_mortina-barbara-cantini\/\" data-type=\"URL\" data-id=\"https:\/\/snowglitterbooks.com\/index.php\/2018\/10\/12\/2018_october_mortina-barbara-cantini\/\">Mortina &#8211; Barbara Cantini<\/a><\/li><li><a href=\"https:\/\/snowglitterbooks.com\/index.php\/2018\/10\/09\/2018_october_den-andra-kvinnan-greer-hendricks-sarah-pekkanen-2\/\" data-type=\"URL\" data-id=\"https:\/\/snowglitterbooks.com\/index.php\/2018\/10\/09\/2018_october_den-andra-kvinnan-greer-hendricks-sarah-pekkanen-2\/\">Den andra kvinnan &#8211; Greer Hendricks<\/a><\/li><li>En olustig b\u00f6rjan &#8211; Lemony Snicket<\/li><li><a href=\"https:\/\/snowglitterbooks.com\/index.php\/2018\/10\/10\/2018_october_quiet-girl-in-a-noisy-world-debbie-tung\/\">Quiet Girl in a Noisy World &#8211; Debbie Tung<\/a><\/li><li>Sagor om h\u00f6sten<\/li><li>Monsterbalen &#8211; Francine Pascal<\/li><li><a href=\"https:\/\/snowglitterbooks.com\/index.php\/2018\/10\/11\/2018_october_neverworld-marisha-pessl-2\/\" data-type=\"URL\" data-id=\"https:\/\/snowglitterbooks.com\/index.php\/2018\/10\/11\/2018_october_neverworld-marisha-pessl-2\/\">Neverworld &#8211; Marisha Pessl<\/a><\/li><li><a href=\"https:\/\/snowglitterbooks.com\/index.php\/2018\/10\/19\/2018_october_glastronen-sarah-j-maas\/\" data-type=\"URL\" data-id=\"https:\/\/snowglitterbooks.com\/index.php\/2018\/10\/19\/2018_october_glastronen-sarah-j-maas\/\">Glastronen &#8211; Sarah J. Maas<\/a><\/li><li><a href=\"https:\/\/snowglitterbooks.com\/index.php\/2018\/11\/02\/2018_november_egenmaktigt-forfarande-lena-andersson\/\" data-type=\"URL\" data-id=\"https:\/\/snowglitterbooks.com\/index.php\/2018\/11\/02\/2018_november_egenmaktigt-forfarande-lena-andersson\/\">Egenm\u00e4ktigt f\u00f6rfarande &#8211; Lena Andersson<\/a><\/li><li><a href=\"https:\/\/snowglitterbooks.com\/index.php\/2018\/10\/23\/2018_october_pall-in-the-family-dawn-eastman\/\" data-type=\"URL\" data-id=\"https:\/\/snowglitterbooks.com\/index.php\/2018\/10\/23\/2018_october_pall-in-the-family-dawn-eastman\/\">Pall in the family &#8211; Dawn Eastman<\/a><\/li><li><a href=\"https:\/\/snowglitterbooks.com\/index.php\/2015\/05\/23\/2015_may_3-x-vinni-av-petter-lidbeck\/\" data-type=\"URL\" data-id=\"https:\/\/snowglitterbooks.com\/index.php\/2015\/05\/23\/2015_may_3-x-vinni-av-petter-lidbeck\/\">Vinnis vinter &#8211; Petter Lidbeck<\/a><\/li><li><a href=\"https:\/\/snowglitterbooks.com\/index.php\/2018\/11\/20\/2018_november_the-heir-kiera-cass\/\" data-type=\"URL\" data-id=\"https:\/\/snowglitterbooks.com\/index.php\/2018\/11\/20\/2018_november_the-heir-kiera-cass\/\">The Heir &#8211; Kiera Cass<\/a><\/li><li><a href=\"https:\/\/snowglitterbooks.com\/index.php\/2018\/11\/27\/2018_november_then-she-was-gone-lisa-jewell\/\" data-type=\"URL\" data-id=\"https:\/\/snowglitterbooks.com\/index.php\/2018\/11\/27\/2018_november_then-she-was-gone-lisa-jewell\/\">Then She Was Gone &#8211; Lisa Jewell<\/a><\/li><li><a href=\"https:\/\/snowglitterbooks.com\/index.php\/2018\/11\/28\/2018_november_kappsack-full-med-pengar-staffan-bruun-2\/\" data-type=\"URL\" data-id=\"https:\/\/snowglitterbooks.com\/index.php\/2018\/11\/28\/2018_november_kappsack-full-med-pengar-staffan-bruun-2\/\">Kapps\u00e4ck full med pengar &#8211; Staffan Bruun<\/a><\/li><li><a href=\"https:\/\/snowglitterbooks.com\/index.php\/2018\/12\/05\/2018_december_jakten-pa-julen-matt-haig-2\/\" data-type=\"URL\" data-id=\"https:\/\/snowglitterbooks.com\/index.php\/2018\/12\/05\/2018_december_jakten-pa-julen-matt-haig-2\/\">Jakten p\u00e5 julen &#8211; Matt Haig<\/a><\/li><li><a href=\"https:\/\/snowglitterbooks.com\/index.php\/2018\/12\/07\/2018_december_julen-ar-raddad-matt-haig\/\" data-type=\"URL\" data-id=\"https:\/\/snowglitterbooks.com\/index.php\/2018\/12\/07\/2018_december_julen-ar-raddad-matt-haig\/\">Julen \u00e4r r\u00e4ddad &#8211; Matt Haig<\/a><\/li><li><a href=\"https:\/\/snowglitterbooks.com\/index.php\/2018\/12\/10\/2018_december_evelyn-hugos-sju-akta-man-taylor-jenkins-reed\/\" data-type=\"URL\" data-id=\"https:\/\/snowglitterbooks.com\/index.php\/2018\/12\/10\/2018_december_evelyn-hugos-sju-akta-man-taylor-jenkins-reed\/\">Evelyn Hugos sju \u00e4kta m\u00e4n &#8211; Taylor Jenkins Reid<\/a><\/li><li><a href=\"https:\/\/snowglitterbooks.com\/index.php\/2018\/12\/18\/2018_december_cyankalium-och-champagne-agatha-christie-2\/\" data-type=\"URL\" data-id=\"https:\/\/snowglitterbooks.com\/index.php\/2018\/12\/18\/2018_december_cyankalium-och-champagne-agatha-christie-2\/\">Cyankalium och champagne &#8211; Agatha Christie<\/a><\/li><li><a href=\"https:\/\/snowglitterbooks.com\/index.php\/2018\/12\/19\/2018_december_framlingen-i-huset-sarah-waters\/\" data-type=\"URL\" data-id=\"https:\/\/snowglitterbooks.com\/index.php\/2018\/12\/19\/2018_december_framlingen-i-huset-sarah-waters\/\">Fr\u00e4mlingen i huset &#8211; Sarah Waters<\/a><\/li><li><a href=\"https:\/\/snowglitterbooks.com\/index.php\/2018\/12\/22\/2018_december_ormen-i-essex-sarah-perry\/\" data-type=\"URL\" data-id=\"https:\/\/snowglitterbooks.com\/index.php\/2018\/12\/22\/2018_december_ormen-i-essex-sarah-perry\/\">Ormen i Essex &#8211; Sarah Perry<\/a><\/li><li><a href=\"https:\/\/snowglitterbooks.com\/index.php\/2018\/12\/29\/2018_december_jultomten-och-jag-matt-haig-2\/\" data-type=\"URL\" data-id=\"https:\/\/snowglitterbooks.com\/index.php\/2018\/12\/29\/2018_december_jultomten-och-jag-matt-haig-2\/\">Jultomten och jag &#8211; Matt Haig<\/a><\/li><li><a href=\"https:\/\/snowglitterbooks.com\/index.php\/2019\/01\/02\/2019_january_just-before-i-died-sk-tremayne\/\" data-type=\"URL\" data-id=\"https:\/\/snowglitterbooks.com\/index.php\/2019\/01\/02\/2019_january_just-before-i-died-sk-tremayne\/\">Just Before I Died &#8211; S.K. Tremayne<\/a><\/li><\/ol>\n","protected":false},"excerpt":{"rendered":"<p>Hems\u00f6kelsen p\u00e5 Hill House &#8211; Shirley Jackson Det \u00e4r n\u00e5got som inte st\u00e4mmer &#8211; Martina Haag Emma &#8211; Jane Austen Vi har alltid bott p\u00e5 slottet &#8211; Shirley Jackson Anna \u00e4r online &#8211; Stefan Nyman Poppy Pym och den f\u00f6rh\u00e4xade pj\u00e4sen &#8211; Laura Wood The Road Through the Wall &#8211; Shirley Jackson A Monk&#8217;s Guide [&hellip;]<\/p>\n","protected":false},"author":1,"featured_media":0,"parent":0,"menu_order":0,"comment_status":"closed","ping_status":"closed","template":"","meta":{"footnotes":""},"_links":{"self":[{"href":"https:\/\/snowglitterbooks.com\/index.php\/wp-json\/wp\/v2\/pages\/12"}],"collection":[{"href":"https:\/\/snowglitterbooks.com\/index.php\/wp-json\/wp\/v2\/pages"}],"about":[{"href":"https:\/\/snowglitterbooks.com\/index.php\/wp-json\/wp\/v2\/types\/page"}],"author":[{"embeddable":true,"href":"https:\/\/snowglitterbooks.com\/index.php\/wp-json\/wp\/v2\/users\/1"}],"replies":[{"embeddable":true,"href":"https:\/\/snowglitterbooks.com\/index.php\/wp-json\/wp\/v2\/comments?post=12"}],"version-history":[{"count":11,"href":"https:\/\/snowglitterbooks.com\/index.php\/wp-json\/wp\/v2\/pages\/12\/revisions"}],"predecessor-version":[{"id":2147436513,"href":"https:\/\/snowglitterbooks.com\/index.php\/wp-json\/wp\/v2\/pages\/12\/revisions\/2147436513"}],"wp:attachment":[{"href":"https:\/\/snowglitterbooks.com\/index.php\/wp-json\/wp\/v2\/media?parent=12"}],"curies":[{"name":"wp","href":"https:\/\/api.w.org\/{rel}","templated":true}]}}